{"id":2078,"date":"2018-03-14T12:21:51","date_gmt":"2018-03-14T09:21:51","guid":{"rendered":"https:\/\/mesaimalat.com.tr\/projects\/housing-residential-projects\/"},"modified":"2018-03-14T12:21:51","modified_gmt":"2018-03-14T09:21:51","slug":"housing-residential-projects","status":"publish","type":"page","link":"https:\/\/www.mesaimalat.com.tr\/en\/projects\/housing-residential-projects\/","title":{"rendered":"Housing &#038; Residential Projects"},"content":{"rendered":"<div class=\"project-grid-item\"><a href=\"https:\/\/www.mesaimalat.com.tr\/en\/proje\/west-yas-villas-project\/\">\n                        <div class=\"project-title\">\n\t\t\t\t\t\t\t<h1>West Yas Villas Project<\/h1>\n\t\t\t\t\t\t\t<h2><\/h2>\n\t\t\t\t\t\t<\/div>\n\t\t\t\t\t\t<div class=\"project-image\">\n\t\t\t\t\t\t\t<img decoding=\"async\" src=\"https:\/\/www.mesaimalat.com.tr\/wp-content\/uploads\/2018\/02\/Abu-Dhabi-West-Yas-Villas.jpg\" alt=\"\">\n\t\t\t\t\t\t<\/div><\/a><\/div><div class=\"project-grid-item\"><a href=\"https:\/\/www.mesaimalat.com.tr\/en\/proje\/twin-tower-project\/\">\n                        <div class=\"project-title\">\n\t\t\t\t\t\t\t<h1>Twin Tower Project<\/h1>\n\t\t\t\t\t\t\t<h2><\/h2>\n\t\t\t\t\t\t<\/div>\n\t\t\t\t\t\t<div class=\"project-image\">\n\t\t\t\t\t\t\t<img decoding=\"async\" src=\"https:\/\/www.mesaimalat.com.tr\/wp-content\/uploads\/2018\/03\/Twin-Tower.jpg\" alt=\"\">\n\t\t\t\t\t\t<\/div><\/a><\/div><div class=\"project-grid-item\"><a href=\"https:\/\/www.mesaimalat.com.tr\/en\/proje\/saudi-arabian-national-guard-sang-villas-project\/\">\n                        <div class=\"project-title\">\n\t\t\t\t\t\t\t<h1>Saudi Arabian National Guard (SANG) Villas Project<\/h1>\n\t\t\t\t\t\t\t<h2><\/h2>\n\t\t\t\t\t\t<\/div>\n\t\t\t\t\t\t<div class=\"project-image\">\n\t\t\t\t\t\t\t<img decoding=\"async\" src=\"https:\/\/www.mesaimalat.com.tr\/wp-content\/uploads\/2018\/02\/Suudi-Arabistan-Bin-Laden-Sang-Villas.jpg\" alt=\"\">\n\t\t\t\t\t\t<\/div><\/a><\/div><div class=\"project-grid-item\"><a href=\"https:\/\/www.mesaimalat.com.tr\/en\/proje\/constantine-housing-project\/\">\n                        <div class=\"project-title\">\n\t\t\t\t\t\t\t<h1>Constantine Housing Project<\/h1>\n\t\t\t\t\t\t\t<h2><\/h2>\n\t\t\t\t\t\t<\/div>\n\t\t\t\t\t\t<div class=\"project-image\">\n\t\t\t\t\t\t\t<img decoding=\"async\" src=\"https:\/\/www.mesaimalat.com.tr\/wp-content\/uploads\/2018\/03\/Konstantin.jpg\" alt=\"\">\n\t\t\t\t\t\t<\/div><\/a><\/div><div class=\"project-grid-item\"><a href=\"https:\/\/www.mesaimalat.com.tr\/en\/proje\/reghaia-housing-project\/\">\n                        <div class=\"project-title\">\n\t\t\t\t\t\t\t<h1>Reghaia Housing Project<\/h1>\n\t\t\t\t\t\t\t<h2><\/h2>\n\t\t\t\t\t\t<\/div>\n\t\t\t\t\t\t<div class=\"project-image\">\n\t\t\t\t\t\t\t<img decoding=\"async\" src=\"https:\/\/www.mesaimalat.com.tr\/wp-content\/uploads\/2018\/03\/Reghaia.jpg\" alt=\"\">\n\t\t\t\t\t\t<\/div><\/a><\/div><div class=\"project-grid-item\"><a href=\"https:\/\/www.mesaimalat.com.tr\/en\/proje\/blida-housing-project\/\">\n                        <div class=\"project-title\">\n\t\t\t\t\t\t\t<h1>Blida Housing Project<\/h1>\n\t\t\t\t\t\t\t<h2><\/h2>\n\t\t\t\t\t\t<\/div>\n\t\t\t\t\t\t<div class=\"project-image\">\n\t\t\t\t\t\t\t<img decoding=\"async\" src=\"https:\/\/www.mesaimalat.com.tr\/wp-content\/uploads\/2018\/03\/Buleyde.jpg\" alt=\"\">\n\t\t\t\t\t\t<\/div><\/a><\/div><div class=\"project-grid-item\"><a href=\"https:\/\/www.mesaimalat.com.tr\/en\/proje\/avrupa-residences-ispartakule-project\/\">\n                        <div class=\"project-title\">\n\t\t\t\t\t\t\t<h1>Avrupa Residences Ispartakule Project<\/h1>\n\t\t\t\t\t\t\t<h2><\/h2>\n\t\t\t\t\t\t<\/div>\n\t\t\t\t\t\t<div class=\"project-image\">\n\t\t\t\t\t\t\t<img decoding=\"async\" src=\"https:\/\/www.mesaimalat.com.tr\/wp-content\/uploads\/2018\/03\/Avrupa-Konutlar\u0131.jpg\" alt=\"\">\n\t\t\t\t\t\t<\/div><\/a><\/div><div class=\"project-grid-item\"><a href=\"https:\/\/www.mesaimalat.com.tr\/en\/proje\/my-world-europe-housing-project\/\">\n                        <div class=\"project-title\">\n\t\t\t\t\t\t\t<h1>My World Europe Housing Project<\/h1>\n\t\t\t\t\t\t\t<h2><\/h2>\n\t\t\t\t\t\t<\/div>\n\t\t\t\t\t\t<div class=\"project-image\">\n\t\t\t\t\t\t\t<img decoding=\"async\" src=\"https:\/\/www.mesaimalat.com.tr\/wp-content\/uploads\/2018\/02\/T\u00fcrkiye-A\u011fao\u011flu-Ayazma.jpg\" alt=\"\">\n\t\t\t\t\t\t<\/div><\/a><\/div><div class=\"project-grid-item\"><a href=\"https:\/\/www.mesaimalat.com.tr\/en\/proje\/tual-bahcekent-project\/\">\n                        <div class=\"project-title\">\n\t\t\t\t\t\t\t<h1>Tual Bah\u00e7ekent Project<\/h1>\n\t\t\t\t\t\t\t<h2><\/h2>\n\t\t\t\t\t\t<\/div>\n\t\t\t\t\t\t<div class=\"project-image\">\n\t\t\t\t\t\t\t<img decoding=\"async\" src=\"https:\/\/www.mesaimalat.com.tr\/wp-content\/uploads\/2018\/03\/Tual-Bah\u00e7ekent.jpg\" alt=\"\">\n\t\t\t\t\t\t<\/div><\/a><\/div><div class=\"project-grid-item\"><a href=\"https:\/\/www.mesaimalat.com.tr\/en\/proje\/park-oran-project\/\">\n                        <div class=\"project-title\">\n\t\t\t\t\t\t\t<h1>Park Oran Project<\/h1>\n\t\t\t\t\t\t\t<h2><\/h2>\n\t\t\t\t\t\t<\/div>\n\t\t\t\t\t\t<div class=\"project-image\">\n\t\t\t\t\t\t\t<img decoding=\"async\" src=\"https:\/\/www.mesaimalat.com.tr\/wp-content\/uploads\/2018\/02\/T\u00fcrkiye-Parkoran.jpg\" alt=\"\">\n\t\t\t\t\t\t<\/div><\/a><\/div><div class=\"project-grid-item\"><a href=\"https:\/\/www.mesaimalat.com.tr\/en\/proje\/ottomanors-project\/\">\n                        <div class=\"project-title\">\n\t\t\t\t\t\t\t<h1>Ottomanors Project<\/h1>\n\t\t\t\t\t\t\t<h2><\/h2>\n\t\t\t\t\t\t<\/div>\n\t\t\t\t\t\t<div class=\"project-image\">\n\t\t\t\t\t\t\t<img decoding=\"async\" src=\"https:\/\/www.mesaimalat.com.tr\/wp-content\/uploads\/2018\/03\/Ottomanors.jpg\" alt=\"\">\n\t\t\t\t\t\t<\/div><\/a><\/div><div class=\"project-grid-item\"><a href=\"https:\/\/www.mesaimalat.com.tr\/en\/proje\/nida-park-project\/\">\n                        <div class=\"project-title\">\n\t\t\t\t\t\t\t<h1>Nida Park Project<\/h1>\n\t\t\t\t\t\t\t<h2><\/h2>\n\t\t\t\t\t\t<\/div>\n\t\t\t\t\t\t<div class=\"project-image\">\n\t\t\t\t\t\t\t<img decoding=\"async\" src=\"https:\/\/www.mesaimalat.com.tr\/wp-content\/uploads\/2018\/03\/Nida-Park.jpg\" alt=\"\">\n\t\t\t\t\t\t<\/div><\/a><\/div><div class=\"project-grid-item\"><a href=\"https:\/\/www.mesaimalat.com.tr\/en\/proje\/tema-istanbul-project\/\">\n                        <div class=\"project-title\">\n\t\t\t\t\t\t\t<h1>Tema \u0130stanbul Project<\/h1>\n\t\t\t\t\t\t\t<h2><\/h2>\n\t\t\t\t\t\t<\/div>\n\t\t\t\t\t\t<div class=\"project-image\">\n\t\t\t\t\t\t\t<img decoding=\"async\" src=\"https:\/\/www.mesaimalat.com.tr\/wp-content\/uploads\/2018\/02\/T\u00fcrkiye-Tema-\u0130stanbul.jpg\" alt=\"\">\n\t\t\t\t\t\t<\/div><\/a><\/div><div class=\"project-grid-item\"><a href=\"https:\/\/www.mesaimalat.com.tr\/en\/proje\/toki-urban-transformation-projec\/\">\n                        <div class=\"project-title\">\n\t\t\t\t\t\t\t<h1>TOKI Urban Transformation Project<\/h1>\n\t\t\t\t\t\t\t<h2><\/h2>\n\t\t\t\t\t\t<\/div>\n\t\t\t\t\t\t<div class=\"project-image\">\n\t\t\t\t\t\t\t<img decoding=\"async\" src=\"https:\/\/www.mesaimalat.com.tr\/wp-content\/uploads\/2018\/03\/TOK\u0130-Kentsel-D\u00f6n\u00fc\u015f\u00fcm.jpg\" alt=\"\">\n\t\t\t\t\t\t<\/div><\/a><\/div><div class=\"project-grid-item\"><a href=\"https:\/\/www.mesaimalat.com.tr\/en\/proje\/innovia-project\/\">\n                        <div class=\"project-title\">\n\t\t\t\t\t\t\t<h1>Innovia Project<\/h1>\n\t\t\t\t\t\t\t<h2><\/h2>\n\t\t\t\t\t\t<\/div>\n\t\t\t\t\t\t<div class=\"project-image\">\n\t\t\t\t\t\t\t<img decoding=\"async\" src=\"https:\/\/www.mesaimalat.com.tr\/wp-content\/uploads\/2018\/03\/Innovia.jpg\" alt=\"\">\n\t\t\t\t\t\t<\/div><\/a><\/div>\n","protected":false},"excerpt":{"rendered":"West Yas Villas Project Twin Tower Project Saudi Arabian National Guard (SANG) Villas Project Constantine Housing Project Reghaia Housing Project Blida Housing Project Avrupa Residences Ispartakule Project My World Europe Housing Project Tual Bah\u00e7ekent Project Park Oran Project Ottomanors Project Nida Park Project Tema \u0130stanbul Project TOKI Urban Transformation Project Innovia Project","protected":false},"author":1,"featured_media":0,"parent":2076,"menu_order":120,"comment_status":"closed","ping_status":"closed","template":"template-projeler.php","meta":{"ngg_post_thumbnail":0,"footnotes":""},"yst_prominent_words":[],"class_list":["post-2078","page","type-page","status-publish","hentry"],"acf":[],"_links":{"self":[{"href":"https:\/\/www.mesaimalat.com.tr\/en\/wp-json\/wp\/v2\/pages\/2078","targetHints":{"allow":["GET"]}}],"collection":[{"href":"https:\/\/www.mesaimalat.com.tr\/en\/wp-json\/wp\/v2\/pages"}],"about":[{"href":"https:\/\/www.mesaimalat.com.tr\/en\/wp-json\/wp\/v2\/types\/page"}],"author":[{"embeddable":true,"href":"https:\/\/www.mesaimalat.com.tr\/en\/wp-json\/wp\/v2\/users\/1"}],"replies":[{"embeddable":true,"href":"https:\/\/www.mesaimalat.com.tr\/en\/wp-json\/wp\/v2\/comments?post=2078"}],"version-history":[{"count":0,"href":"https:\/\/www.mesaimalat.com.tr\/en\/wp-json\/wp\/v2\/pages\/2078\/revisions"}],"up":[{"embeddable":true,"href":"https:\/\/www.mesaimalat.com.tr\/en\/wp-json\/wp\/v2\/pages\/2076"}],"wp:attachment":[{"href":"https:\/\/www.mesaimalat.com.tr\/en\/wp-json\/wp\/v2\/media?parent=2078"}],"wp:term":[{"taxonomy":"yst_prominent_words","embeddable":true,"href":"https:\/\/www.mesaimalat.com.tr\/en\/wp-json\/wp\/v2\/yst_prominent_words?post=2078"}],"curies":[{"name":"wp","href":"https:\/\/api.w.org\/{rel}","templated":true}]}}