{"id":2080,"date":"2018-03-14T12:23:07","date_gmt":"2018-03-14T09:23:07","guid":{"rendered":"https:\/\/mesaimalat.com.tr\/projects\/superstructure-projects\/"},"modified":"2018-03-14T12:23:07","modified_gmt":"2018-03-14T09:23:07","slug":"superstructure-projects","status":"publish","type":"page","link":"https:\/\/www.mesaimalat.com.tr\/en\/projects\/superstructure-projects\/","title":{"rendered":"Superstructure Projects"},"content":{"rendered":"<div class=\"project-grid-item\"><a href=\"https:\/\/www.mesaimalat.com.tr\/en\/proje\/turkmenistan-government-building\/\">\n                        <div class=\"project-title\">\n\t\t\t\t\t\t\t<h1>Turkmenistan Government Building<\/h1>\n\t\t\t\t\t\t\t<h2><\/h2>\n\t\t\t\t\t\t<\/div>\n\t\t\t\t\t\t<div class=\"project-image\">\n\t\t\t\t\t\t\t<img decoding=\"async\" src=\"https:\/\/www.mesaimalat.com.tr\/wp-content\/uploads\/2018\/02\/Turkmenistan-Bouygues-Government-Bldgs.jpg\" alt=\"\">\n\t\t\t\t\t\t<\/div><\/a><\/div><div class=\"project-grid-item\"><a href=\"https:\/\/www.mesaimalat.com.tr\/en\/proje\/hilton-hotel\/\">\n                        <div class=\"project-title\">\n\t\t\t\t\t\t\t<h1>Hilton Hotel<\/h1>\n\t\t\t\t\t\t\t<h2><\/h2>\n\t\t\t\t\t\t<\/div>\n\t\t\t\t\t\t<div class=\"project-image\">\n\t\t\t\t\t\t\t<img decoding=\"async\" src=\"https:\/\/www.mesaimalat.com.tr\/wp-content\/uploads\/2018\/02\/Trinidad-Port-of-Spain-International-Waterfront-Projesi.jpg\" alt=\"\">\n\t\t\t\t\t\t<\/div><\/a><\/div><div class=\"project-grid-item\"><a href=\"https:\/\/www.mesaimalat.com.tr\/en\/proje\/jeddah-airport\/\">\n                        <div class=\"project-title\">\n\t\t\t\t\t\t\t<h1>Jeddah Airport<\/h1>\n\t\t\t\t\t\t\t<h2><\/h2>\n\t\t\t\t\t\t<\/div>\n\t\t\t\t\t\t<div class=\"project-image\">\n\t\t\t\t\t\t\t<img decoding=\"async\" src=\"https:\/\/www.mesaimalat.com.tr\/wp-content\/uploads\/2018\/02\/S.Arabistan-Cidde-Havaalan\u0131.jpg\" alt=\"\">\n\t\t\t\t\t\t<\/div><\/a><\/div><div class=\"project-grid-item\"><a href=\"https:\/\/www.mesaimalat.com.tr\/en\/proje\/tripoli-airport\/\">\n                        <div class=\"project-title\">\n\t\t\t\t\t\t\t<h1>Tripoli Airport<\/h1>\n\t\t\t\t\t\t\t<h2><\/h2>\n\t\t\t\t\t\t<\/div>\n\t\t\t\t\t\t<div class=\"project-image\">\n\t\t\t\t\t\t\t<img decoding=\"async\" src=\"https:\/\/www.mesaimalat.com.tr\/wp-content\/uploads\/2018\/02\/Libya-Vinci-Tripoli-Havaalan\u0131-Kontrol-Kulesi.jpg\" alt=\"\">\n\t\t\t\t\t\t<\/div><\/a><\/div><div class=\"project-grid-item\"><a href=\"https:\/\/www.mesaimalat.com.tr\/en\/proje\/tizi-ouzou-stadium\/\">\n                        <div class=\"project-title\">\n\t\t\t\t\t\t\t<h1>Tizi Ouzou Stadium<\/h1>\n\t\t\t\t\t\t\t<h2><\/h2>\n\t\t\t\t\t\t<\/div>\n\t\t\t\t\t\t<div class=\"project-image\">\n\t\t\t\t\t\t\t<img decoding=\"async\" src=\"https:\/\/www.mesaimalat.com.tr\/wp-content\/uploads\/2018\/02\/Cezayir-Tizi-Ouzou-Stad\u0131.jpg\" alt=\"\">\n\t\t\t\t\t\t<\/div><\/a><\/div><div class=\"project-grid-item\"><a href=\"https:\/\/www.mesaimalat.com.tr\/en\/proje\/taurus-shopping-mall\/\">\n                        <div class=\"project-title\">\n\t\t\t\t\t\t\t<h1>Taurus Shopping Mall<\/h1>\n\t\t\t\t\t\t\t<h2><\/h2>\n\t\t\t\t\t\t<\/div>\n\t\t\t\t\t\t<div class=\"project-image\">\n\t\t\t\t\t\t\t<img decoding=\"async\" src=\"https:\/\/www.mesaimalat.com.tr\/wp-content\/uploads\/2018\/03\/Taurus-AVM.jpg\" alt=\"\">\n\t\t\t\t\t\t<\/div><\/a><\/div><div class=\"project-grid-item\"><a href=\"https:\/\/www.mesaimalat.com.tr\/en\/proje\/presidential-symphony-orchestra-concert-hall\/\">\n                        <div class=\"project-title\">\n\t\t\t\t\t\t\t<h1>Presidential Symphony Orchestra Concert Hall<\/h1>\n\t\t\t\t\t\t\t<h2><\/h2>\n\t\t\t\t\t\t<\/div>\n\t\t\t\t\t\t<div class=\"project-image\">\n\t\t\t\t\t\t\t<img decoding=\"async\" src=\"https:\/\/www.mesaimalat.com.tr\/wp-content\/uploads\/2018\/03\/CSO-Konser-Salonu.jpg\" alt=\"\">\n\t\t\t\t\t\t<\/div><\/a><\/div><div class=\"project-grid-item\"><a href=\"https:\/\/www.mesaimalat.com.tr\/en\/proje\/rixos-hotel\/\">\n                        <div class=\"project-title\">\n\t\t\t\t\t\t\t<h1>Rixos Hotel<\/h1>\n\t\t\t\t\t\t\t<h2><\/h2>\n\t\t\t\t\t\t<\/div>\n\t\t\t\t\t\t<div class=\"project-image\">\n\t\t\t\t\t\t\t<img decoding=\"async\" src=\"https:\/\/www.mesaimalat.com.tr\/wp-content\/uploads\/2018\/03\/Rixos-Otel.jpg\" alt=\"\">\n\t\t\t\t\t\t<\/div><\/a><\/div><div class=\"project-grid-item\"><a href=\"https:\/\/www.mesaimalat.com.tr\/en\/proje\/3rd-terminal-building-of-kuwait-international-airport\/\">\n                        <div class=\"project-title\">\n\t\t\t\t\t\t\t<h1>3rd Terminal Building of Kuwait International Airport<\/h1>\n\t\t\t\t\t\t\t<h2><\/h2>\n\t\t\t\t\t\t<\/div>\n\t\t\t\t\t\t<div class=\"project-image\">\n\t\t\t\t\t\t\t<img decoding=\"async\" src=\"https:\/\/www.mesaimalat.com.tr\/wp-content\/uploads\/2018\/03\/Kuveyt-Havaliman\u0131.jpg\" alt=\"\">\n\t\t\t\t\t\t<\/div><\/a><\/div><div class=\"project-grid-item\"><a href=\"https:\/\/www.mesaimalat.com.tr\/en\/proje\/karsiyaka-monument-project\/\">\n                        <div class=\"project-title\">\n\t\t\t\t\t\t\t<h1>Kar\u015f\u0131yaka Monument Project<\/h1>\n\t\t\t\t\t\t\t<h2><\/h2>\n\t\t\t\t\t\t<\/div>\n\t\t\t\t\t\t<div class=\"project-image\">\n\t\t\t\t\t\t\t<img decoding=\"async\" src=\"https:\/\/www.mesaimalat.com.tr\/wp-content\/uploads\/2018\/03\/Kar\u015f\u0131yaka-An\u0131t-Projesi.jpg\" alt=\"\">\n\t\t\t\t\t\t<\/div><\/a><\/div>\n","protected":false},"excerpt":{"rendered":"Turkmenistan Government Building Hilton Hotel Jeddah Airport Tripoli Airport Tizi Ouzou Stadium Taurus Shopping Mall Presidential Symphony Orchestra Concert Hall Rixos Hotel 3rd Terminal Building of Kuwait International Airport Kar\u015f\u0131yaka Monument Project","protected":false},"author":1,"featured_media":0,"parent":2076,"menu_order":130,"comment_status":"closed","ping_status":"closed","template":"template-projeler.php","meta":{"ngg_post_thumbnail":0,"footnotes":""},"yst_prominent_words":[],"class_list":["post-2080","page","type-page","status-publish","hentry"],"acf":[],"_links":{"self":[{"href":"https:\/\/www.mesaimalat.com.tr\/en\/wp-json\/wp\/v2\/pages\/2080","targetHints":{"allow":["GET"]}}],"collection":[{"href":"https:\/\/www.mesaimalat.com.tr\/en\/wp-json\/wp\/v2\/pages"}],"about":[{"href":"https:\/\/www.mesaimalat.com.tr\/en\/wp-json\/wp\/v2\/types\/page"}],"author":[{"embeddable":true,"href":"https:\/\/www.mesaimalat.com.tr\/en\/wp-json\/wp\/v2\/users\/1"}],"replies":[{"embeddable":true,"href":"https:\/\/www.mesaimalat.com.tr\/en\/wp-json\/wp\/v2\/comments?post=2080"}],"version-history":[{"count":0,"href":"https:\/\/www.mesaimalat.com.tr\/en\/wp-json\/wp\/v2\/pages\/2080\/revisions"}],"up":[{"embeddable":true,"href":"https:\/\/www.mesaimalat.com.tr\/en\/wp-json\/wp\/v2\/pages\/2076"}],"wp:attachment":[{"href":"https:\/\/www.mesaimalat.com.tr\/en\/wp-json\/wp\/v2\/media?parent=2080"}],"wp:term":[{"taxonomy":"yst_prominent_words","embeddable":true,"href":"https:\/\/www.mesaimalat.com.tr\/en\/wp-json\/wp\/v2\/yst_prominent_words?post=2080"}],"curies":[{"name":"wp","href":"https:\/\/api.w.org\/{rel}","templated":true}]}}