{"id":2082,"date":"2018-03-14T12:24:32","date_gmt":"2018-03-14T09:24:32","guid":{"rendered":"https:\/\/mesaimalat.com.tr\/projects\/bridges-tunnel-projects\/"},"modified":"2018-03-14T12:24:32","modified_gmt":"2018-03-14T09:24:32","slug":"bridges-tunnel-projects","status":"publish","type":"page","link":"https:\/\/www.mesaimalat.com.tr\/en\/projects\/bridges-tunnel-projects\/","title":{"rendered":"Bridges &#038; Tunnel Projects"},"content":{"rendered":"<div class=\"project-grid-item\"><a href=\"https:\/\/www.mesaimalat.com.tr\/en\/proje\/tizi-ouzou-viaduct\/\">\n                        <div class=\"project-title\">\n\t\t\t\t\t\t\t<h1>Tizi Ouzou Viaduct<\/h1>\n\t\t\t\t\t\t\t<h2><\/h2>\n\t\t\t\t\t\t<\/div>\n\t\t\t\t\t\t<div class=\"project-image\">\n\t\t\t\t\t\t\t<img decoding=\"async\" src=\"https:\/\/www.mesaimalat.com.tr\/wp-content\/uploads\/2018\/02\/Cezayir-Tizi-Ouzou-Demiryolu-Viyad\u00fck-aya\u011f\u0131.jpg\" alt=\"\">\n\t\t\t\t\t\t<\/div><\/a><\/div><div class=\"project-grid-item\"><a href=\"https:\/\/www.mesaimalat.com.tr\/en\/proje\/tramway-dalger-bridge-project\/\">\n                        <div class=\"project-title\">\n\t\t\t\t\t\t\t<h1>Tramway d\u2019Alger Bridge Project<\/h1>\n\t\t\t\t\t\t\t<h2><\/h2>\n\t\t\t\t\t\t<\/div>\n\t\t\t\t\t\t<div class=\"project-image\">\n\t\t\t\t\t\t\t<img decoding=\"async\" src=\"https:\/\/www.mesaimalat.com.tr\/wp-content\/uploads\/2018\/02\/Cezayir-TRAMWAY-D-ALGER-Projesi.jpg\" alt=\"\">\n\t\t\t\t\t\t<\/div><\/a><\/div><div class=\"project-grid-item\"><a href=\"https:\/\/www.mesaimalat.com.tr\/en\/proje\/3rd-bosphorus-bridge\/\">\n                        <div class=\"project-title\">\n\t\t\t\t\t\t\t<h1>3rd Bosphorus Bridge<\/h1>\n\t\t\t\t\t\t\t<h2><\/h2>\n\t\t\t\t\t\t<\/div>\n\t\t\t\t\t\t<div class=\"project-image\">\n\t\t\t\t\t\t\t<img decoding=\"async\" src=\"https:\/\/www.mesaimalat.com.tr\/wp-content\/uploads\/2018\/03\/3-Bo\u011faz-K\u00f6pr\u00fcs\u00fc-1.jpg\" alt=\"\">\n\t\t\t\t\t\t<\/div><\/a><\/div><div class=\"project-grid-item\"><a href=\"https:\/\/www.mesaimalat.com.tr\/en\/proje\/iraq-bridge-project\/\">\n                        <div class=\"project-title\">\n\t\t\t\t\t\t\t<h1>Iraq Bridge Project<\/h1>\n\t\t\t\t\t\t\t<h2><\/h2>\n\t\t\t\t\t\t<\/div>\n\t\t\t\t\t\t<div class=\"project-image\">\n\t\t\t\t\t\t\t<img decoding=\"async\" src=\"https:\/\/www.mesaimalat.com.tr\/wp-content\/uploads\/2018\/03\/Irak-K\u00f6pr\u00fc-Projesi.jpg\" alt=\"\">\n\t\t\t\t\t\t<\/div><\/a><\/div><div class=\"project-grid-item\"><a href=\"https:\/\/www.mesaimalat.com.tr\/en\/proje\/egypt-bridge-project\/\">\n                        <div class=\"project-title\">\n\t\t\t\t\t\t\t<h1>Egypt Bridge Project<\/h1>\n\t\t\t\t\t\t\t<h2><\/h2>\n\t\t\t\t\t\t<\/div>\n\t\t\t\t\t\t<div class=\"project-image\">\n\t\t\t\t\t\t\t<img decoding=\"async\" src=\"https:\/\/www.mesaimalat.com.tr\/wp-content\/uploads\/2018\/03\/M\u0131s\u0131r-K\u00f6pr\u00fc-Projesi.jpg\" alt=\"\">\n\t\t\t\t\t\t<\/div><\/a><\/div>\n","protected":false},"excerpt":{"rendered":"Tizi Ouzou Viaduct Tramway d\u2019Alger Bridge Project 3rd Bosphorus Bridge Iraq Bridge Project Egypt Bridge Project","protected":false},"author":1,"featured_media":0,"parent":2076,"menu_order":137,"comment_status":"closed","ping_status":"closed","template":"template-projeler.php","meta":{"ngg_post_thumbnail":0,"footnotes":""},"yst_prominent_words":[],"class_list":["post-2082","page","type-page","status-publish","hentry"],"acf":[],"_links":{"self":[{"href":"https:\/\/www.mesaimalat.com.tr\/en\/wp-json\/wp\/v2\/pages\/2082","targetHints":{"allow":["GET"]}}],"collection":[{"href":"https:\/\/www.mesaimalat.com.tr\/en\/wp-json\/wp\/v2\/pages"}],"about":[{"href":"https:\/\/www.mesaimalat.com.tr\/en\/wp-json\/wp\/v2\/types\/page"}],"author":[{"embeddable":true,"href":"https:\/\/www.mesaimalat.com.tr\/en\/wp-json\/wp\/v2\/users\/1"}],"replies":[{"embeddable":true,"href":"https:\/\/www.mesaimalat.com.tr\/en\/wp-json\/wp\/v2\/comments?post=2082"}],"version-history":[{"count":0,"href":"https:\/\/www.mesaimalat.com.tr\/en\/wp-json\/wp\/v2\/pages\/2082\/revisions"}],"up":[{"embeddable":true,"href":"https:\/\/www.mesaimalat.com.tr\/en\/wp-json\/wp\/v2\/pages\/2076"}],"wp:attachment":[{"href":"https:\/\/www.mesaimalat.com.tr\/en\/wp-json\/wp\/v2\/media?parent=2082"}],"wp:term":[{"taxonomy":"yst_prominent_words","embeddable":true,"href":"https:\/\/www.mesaimalat.com.tr\/en\/wp-json\/wp\/v2\/yst_prominent_words?post=2082"}],"curies":[{"name":"wp","href":"https:\/\/api.w.org\/{rel}","templated":true}]}}