{"id":2183,"date":"2018-03-15T11:47:20","date_gmt":"2018-03-15T08:47:20","guid":{"rendered":"https:\/\/mesaimalat.com.tr\/company\/board-of-directors\/"},"modified":"2018-03-15T11:47:20","modified_gmt":"2018-03-15T08:47:20","slug":"board-of-directors","status":"publish","type":"page","link":"https:\/\/www.mesaimalat.com.tr\/en\/company\/board-of-directors\/","title":{"rendered":"Board of Directors"},"content":{"rendered":"<div class=\"list-view-item-container catalogue-block col-xl-6 col-lg-6 col-md-6 col-sm-6\">\n\t\t<a class=\"item-link-wrap yonetim-modal-trigger\" data-modal=\"yonetim-modal-2242\" href=\"#0\">\n\t\t\t<div class=\"item-link-wrap\">\n\t\t\t\t<div class=\"item-photo\"><img decoding=\"async\" src=\"https:\/\/www.mesaimalat.com.tr\/wp-content\/uploads\/2018\/05\/MESA_YK_07_2013IMG_8342.jpg\" alt=\"\"><\/div>\n\t\t\t\t<div class=\"item-text\"><h3>Erhan BOYSANO\u011eLU<\/h3><p>Chairman of Board <\/p><\/div>\n\t\t\t<\/div>\n\t\t<\/a>\n\t\t<\/div><div class=\"list-view-item-container catalogue-block col-xl-6 col-lg-6 col-md-6 col-sm-6\">\n\t\t<a class=\"item-link-wrap yonetim-modal-trigger\" data-modal=\"yonetim-modal-6122\" href=\"#0\">\n\t\t\t<div class=\"item-link-wrap\">\n\t\t\t\t<div class=\"item-photo\"><img decoding=\"async\" src=\"https:\/\/www.mesaimalat.com.tr\/wp-content\/uploads\/2020\/04\/Resim1-2.png\" alt=\"\"><\/div>\n\t\t\t\t<div class=\"item-text\"><h3>Zafer \u00d6ZDEK<\/h3><p>Vice Chairman of the Board<\/p><\/div>\n\t\t\t<\/div>\n\t\t<\/a>\n\t\t<\/div><div class=\"list-view-item-container catalogue-block col-xl-6 col-lg-6 col-md-6 col-sm-6\">\n\t\t<a class=\"item-link-wrap yonetim-modal-trigger\" data-modal=\"yonetim-modal-6121\" href=\"#0\">\n\t\t\t<div class=\"item-link-wrap\">\n\t\t\t\t<div class=\"item-photo\"><img decoding=\"async\" src=\"https:\/\/www.mesaimalat.com.tr\/wp-content\/uploads\/2020\/04\/mert-boysanoglu.png\" alt=\"\"><\/div>\n\t\t\t\t<div class=\"item-text\"><h3>Mert BOYSANO\u011eLU<\/h3><p>Board Member<\/p><\/div>\n\t\t\t<\/div>\n\t\t<\/a>\n\t\t<\/div><div class=\"list-view-item-container catalogue-block col-xl-6 col-lg-6 col-md-6 col-sm-6\">\n\t\t<a class=\"item-link-wrap yonetim-modal-trigger\" data-modal=\"yonetim-modal-2244\" href=\"#0\">\n\t\t\t<div class=\"item-link-wrap\">\n\t\t\t\t<div class=\"item-photo\"><img decoding=\"async\" src=\"https:\/\/www.mesaimalat.com.tr\/wp-content\/uploads\/2018\/02\/yigit-boysanoglu.jpg\" alt=\"\"><\/div>\n\t\t\t\t<div class=\"item-text\"><h3>Yi\u011fit BOYSANO\u011eLU<\/h3><p>Board Member<\/p><\/div>\n\t\t\t<\/div>\n\t\t<\/a>\n\t\t<\/div><div class=\"list-view-item-container catalogue-block col-xl-6 col-lg-6 col-md-6 col-sm-6\">\n\t\t<a class=\"item-link-wrap yonetim-modal-trigger\" data-modal=\"yonetim-modal-6123\" href=\"#0\">\n\t\t\t<div class=\"item-link-wrap\">\n\t\t\t\t<div class=\"item-photo\"><img decoding=\"async\" src=\"https:\/\/www.mesaimalat.com.tr\/wp-content\/uploads\/2020\/04\/abdulkerim-kaval-e1647413849770.jpg\" alt=\"\"><\/div>\n\t\t\t\t<div class=\"item-text\"><h3>Abd\u00fclkerim KAVAL<\/h3><p>Board Member<\/p><\/div>\n\t\t\t<\/div>\n\t\t<\/a>\n\t\t<\/div>\n","protected":false},"excerpt":{"rendered":"Erhan BOYSANO\u011eLUChairman of Board Zafer \u00d6ZDEKVice Chairman of the Board Mert BOYSANO\u011eLUBoard Member Yi\u011fit BOYSANO\u011eLUBoard Member Abd\u00fclkerim KAVALBoard Member","protected":false},"author":1,"featured_media":0,"parent":2084,"menu_order":96,"comment_status":"closed","ping_status":"closed","template":"template-yonetim.php","meta":{"ngg_post_thumbnail":0,"footnotes":""},"yst_prominent_words":[],"class_list":["post-2183","page","type-page","status-publish","hentry"],"acf":[],"_links":{"self":[{"href":"https:\/\/www.mesaimalat.com.tr\/en\/wp-json\/wp\/v2\/pages\/2183","targetHints":{"allow":["GET"]}}],"collection":[{"href":"https:\/\/www.mesaimalat.com.tr\/en\/wp-json\/wp\/v2\/pages"}],"about":[{"href":"https:\/\/www.mesaimalat.com.tr\/en\/wp-json\/wp\/v2\/types\/page"}],"author":[{"embeddable":true,"href":"https:\/\/www.mesaimalat.com.tr\/en\/wp-json\/wp\/v2\/users\/1"}],"replies":[{"embeddable":true,"href":"https:\/\/www.mesaimalat.com.tr\/en\/wp-json\/wp\/v2\/comments?post=2183"}],"version-history":[{"count":0,"href":"https:\/\/www.mesaimalat.com.tr\/en\/wp-json\/wp\/v2\/pages\/2183\/revisions"}],"up":[{"embeddable":true,"href":"https:\/\/www.mesaimalat.com.tr\/en\/wp-json\/wp\/v2\/pages\/2084"}],"wp:attachment":[{"href":"https:\/\/www.mesaimalat.com.tr\/en\/wp-json\/wp\/v2\/media?parent=2183"}],"wp:term":[{"taxonomy":"yst_prominent_words","embeddable":true,"href":"https:\/\/www.mesaimalat.com.tr\/en\/wp-json\/wp\/v2\/yst_prominent_words?post=2183"}],"curies":[{"name":"wp","href":"https:\/\/api.w.org\/{rel}","templated":true}]}}