{"id":5030,"date":"2018-01-26T12:08:48","date_gmt":"2018-01-26T09:08:48","guid":{"rendered":"https:\/\/www.mesaimalat.com.tr\/institucional\/hakkimizda\/"},"modified":"2026-01-09T09:17:49","modified_gmt":"2026-01-09T06:17:49","slug":"sobre-nosotros","status":"publish","type":"page","link":"https:\/\/www.mesaimalat.com.tr\/es\/institucional\/sobre-nosotros\/","title":{"rendered":"Sobre Nosotros"},"content":{"rendered":"<div class=\"wpb-content-wrapper\"><p>[vc_row][vc_column width=\u00bb1\/2&#8243;][vc_column_text]MESA IMALAT se estableci\u00f3 en 1978 en Ankara como miembro del Grupo de Empresas MESA. El objetivo inicial fue dise\u00f1ar y fabricar sistemas de encofrado de t\u00faneles. Poco tiempo despu\u00e9s, MESA IMALAT creci\u00f3 y expandi\u00f3 su oferta de productos para incluirnumerosos sistemas de encofrado y andamios de gran tecnolog\u00eda.<\/p>\n<p>Hoy en d\u00eda, con 30,000 m2 de instalaciones ubicadas en un terreno de 105,000 m2, MESA IMALAT fabrica productos de gran calidad y se ha convertido en una de las plantas de producci\u00f3n de encofrados de acero m\u00e1s grandes en Europa. MESA IMALAT ha ganado una significante participaci\u00f3n de mercado tanto a nivel nacional como en todo el mundo al ofrecer una variada gama de productos con una capacidad de producci\u00f3n anual de 200,000 m2 de sistemas de encofrados de acero, 300,000 m2de sistemas de encofrados con contrachapados de madera y 1,000,000 de m3 de sistemas de encofrados de losas y andamios.[\/vc_column_text][\/vc_column][vc_column width=\u00bb1\/2&#8243;][vc_column_text]Los sistemas de encofrados y andamios MESA han alcanzado 70 pa\u00edses en los 6 continentes, beneficiando a cientos de prestigiosas estructuras de gran envergadura y proyectos de obras de infraestructura. Especialmente en la producci\u00f3n de sistemas de encofrado de t\u00faneles, MESA IMALAT se ha convertido en la empresa l\u00edder a nivel mundial.<br \/>\nMESA IMALAT centra sus habilidades de ingenier\u00eda y d\u00e9cadas de conocimiento y experiencia con un enfoque innovador para mejorar continuamente sus productos usando las tecnolog\u00edas de producci\u00f3n de punta.<br \/>\nMESA \u0130MALAT, conocido por sus productos certificados y de alta calidad, Ofreciendo un soporte t\u00e9cnico ilimitado y un servicio de postventa para nuestros productos de gran calidad, certificados mundialmente aprovados, MESA IMALAT se distingue como una compa\u00f1\u00eda que sirve a la industria de la construcci\u00f3n con confianza, sin comprometer la calidad y satisfacci\u00f3n del cliente.<\/p>\n<p>La princiapal misi\u00f3n de MESA IMALAT es ser el socio de soluciones que contribuye a la construcci\u00f3n de ciudades preocup\u00e1ndose de la vida humana, brindando altos est\u00e1ndares de vida consistente en edificios seguros y respetando el medio ambiente.[\/vc_column_text][\/vc_column][\/vc_row][vc_row][vc_column][vc_video link=\u00bbhttps:\/\/youtu.be\/AHJJ-31gQAU?si=1Vd69OH4auxjj3uj\u00bb css=\u00bb\u00bb][\/vc_column][\/vc_row]<\/p>\n<\/div>","protected":false},"excerpt":{"rendered":"MESA IMALAT se estableci\u00f3 en 1978 en Ankara como miembro del Grupo de Empresas MESA. El objetivo inicial fue dise\u00f1ar y fabricar sistemas de encofrado de t\u00faneles. Poco tiempo despu\u00e9s, MESA IMALAT creci\u00f3 y expandi\u00f3 su oferta de productos para incluirnumerosos sistemas de encofrado y andamios de gran tecnolog\u00eda.\r\n\r\nHoy en d\u00eda, con 30,000 m2 de instalaciones ubicadas en un terreno de 105,000 m2, MESA IMALAT fabrica productos de gran calidad y se ha convertido en una de las plantas de producci\u00f3n de encofrados de acero m\u00e1s grandes en Europa. MESA IMALAT ha ganado una significante participaci\u00f3n de mercado tanto a nivel nacional como en todo el mundo al ofrecer una variada gama de productos con una capacidad de producci\u00f3n anual de 200,000 m2 de sistemas de encofrados de acero, 300,000 m2de sistemas de encofrados con contrachapados de madera y 1,000,000 de m3 de sistemas de encofrados de losas y andamios.","protected":false},"author":1,"featured_media":0,"parent":4989,"menu_order":79,"comment_status":"closed","ping_status":"closed","template":"template-page.php","meta":{"ngg_post_thumbnail":0,"footnotes":""},"yst_prominent_words":[],"class_list":["post-5030","page","type-page","status-publish","hentry"],"acf":[],"_links":{"self":[{"href":"https:\/\/www.mesaimalat.com.tr\/es\/wp-json\/wp\/v2\/pages\/5030","targetHints":{"allow":["GET"]}}],"collection":[{"href":"https:\/\/www.mesaimalat.com.tr\/es\/wp-json\/wp\/v2\/pages"}],"about":[{"href":"https:\/\/www.mesaimalat.com.tr\/es\/wp-json\/wp\/v2\/types\/page"}],"author":[{"embeddable":true,"href":"https:\/\/www.mesaimalat.com.tr\/es\/wp-json\/wp\/v2\/users\/1"}],"replies":[{"embeddable":true,"href":"https:\/\/www.mesaimalat.com.tr\/es\/wp-json\/wp\/v2\/comments?post=5030"}],"version-history":[{"count":0,"href":"https:\/\/www.mesaimalat.com.tr\/es\/wp-json\/wp\/v2\/pages\/5030\/revisions"}],"up":[{"embeddable":true,"href":"https:\/\/www.mesaimalat.com.tr\/es\/wp-json\/wp\/v2\/pages\/4989"}],"wp:attachment":[{"href":"https:\/\/www.mesaimalat.com.tr\/es\/wp-json\/wp\/v2\/media?parent=5030"}],"wp:term":[{"taxonomy":"yst_prominent_words","embeddable":true,"href":"https:\/\/www.mesaimalat.com.tr\/es\/wp-json\/wp\/v2\/yst_prominent_words?post=5030"}],"curies":[{"name":"wp","href":"https:\/\/api.w.org\/{rel}","templated":true}]}}