{"id":5034,"date":"2018-01-30T13:08:08","date_gmt":"2018-01-30T10:08:08","guid":{"rendered":"https:\/\/www.mesaimalat.com.tr\/institucional\/tarihce\/"},"modified":"2019-11-25T11:47:46","modified_gmt":"2019-11-25T08:47:46","slug":"historia","status":"publish","type":"page","link":"https:\/\/www.mesaimalat.com.tr\/es\/institucional\/historia\/","title":{"rendered":"Historia"},"content":{"rendered":"<section class=\"timeline\"><ul><li>\n\t\t\t\t    <div>\n                        <section class=\"timeline-image\"><img decoding=\"async\" src=\"https:\/\/www.mesaimalat.com.tr\/wp-content\/uploads\/2018\/01\/01-19761.jpg\" alt=\"1978 -Fundaci\u00f3n\"><\/section>\n\t\t\t\t\t\t<section class=\"timeline-text\">\n\t\t\t\t\t\t    <h2>1978 -Fundaci\u00f3n<\/h2>\n\t\t\t\t\t\t\t<p>MESA IMALAT INC. fue creada por el Grupo Mesa con el prop\u00f3sito de fabricar el sistema de Encofrado T\u00fanel en Turqu\u00eda.<\/p>\n\t\t\t\t\t\t<\/section>\n\t\t\t\t\t<\/div>\n\t\t\t\t<\/li><li>\n\t\t\t\t    <div>\n                        <section class=\"timeline-image\"><img decoding=\"async\" src=\"https:\/\/www.mesaimalat.com.tr\/wp-content\/uploads\/2018\/01\/021.jpg\" alt=\"1982 - Primera producci\u00f3n de Encofrado T\u00fanel\"><\/section>\n\t\t\t\t\t\t<section class=\"timeline-text\">\n\t\t\t\t\t\t    <h2>1982 - Primera producci\u00f3n de Encofrado T\u00fanel<\/h2>\n\t\t\t\t\t\t\t<p>La producci\u00f3n en las instalaciones de Mesa ubicadas en Yenikent  comenzaron en 1982.  Hasta 1986, la producci\u00f3n fue exclusivamente interna para proyectos de vivienda del Grupo Mesa.<\/p>\n\t\t\t\t\t\t<\/section>\n\t\t\t\t\t<\/div>\n\t\t\t\t<\/li><li>\n\t\t\t\t    <div>\n                        <section class=\"timeline-image\"><img decoding=\"async\" src=\"https:\/\/www.mesaimalat.com.tr\/wp-content\/uploads\/2018\/01\/04-19861.jpg\" alt=\"1986 \u2013 Expansi\u00f3n en Turqu\u00eda\"><\/section>\n\t\t\t\t\t\t<section class=\"timeline-text\">\n\t\t\t\t\t\t    <h2>1986 \u2013 Expansi\u00f3n en Turqu\u00eda<\/h2>\n\t\t\t\t\t\t\t<p>Desde 1986 en adelante, Mesa Imalat comenz\u00f3 a proveer encofrados para proyectos residenciales de otras empresas constructoras.  Moldes para soluciones de prefabricados tambi\u00e9n fueron integrados a la oferta de productos.<\/p>\n\t\t\t\t\t\t<\/section>\n\t\t\t\t\t<\/div>\n\t\t\t\t<\/li><li>\n\t\t\t\t    <div>\n                        <section class=\"timeline-image\"><img decoding=\"async\" src=\"https:\/\/www.mesaimalat.com.tr\/wp-content\/uploads\/2018\/01\/05-19901.jpg\" alt=\"1990 - Primera experiencia en el extranjero\"><\/section>\n\t\t\t\t\t\t<section class=\"timeline-text\">\n\t\t\t\t\t\t    <h2>1990 - Primera experiencia en el extranjero<\/h2>\n\t\t\t\t\t\t\t<p>Proyectos residenciales de empresas turcas y coreanas que se adjudicaron proyectos de viviendas militares en Rusia fueron la primera gran experiencia en el extranjero.<\/p>\n\t\t\t\t\t\t<\/section>\n\t\t\t\t\t<\/div>\n\t\t\t\t<\/li><li>\n\t\t\t\t    <div>\n                        <section class=\"timeline-image\"><img decoding=\"async\" src=\"https:\/\/www.mesaimalat.com.tr\/wp-content\/uploads\/2018\/01\/06-19951.jpg\" alt=\"1995 - Actividades en Asia Pac\u00edfico\"><\/section>\n\t\t\t\t\t\t<section class=\"timeline-text\">\n\t\t\t\t\t\t    <h2>1995 - Actividades en Asia Pac\u00edfico<\/h2>\n\t\t\t\t\t\t\t<p>Mesa Imalat inici\u00f3 sus actividades en la regi\u00f3n Sud-Este de Asia y abri\u00f3 su primera oficina en el extranjero en Kuala Lumpur - Malasia, exportando directamente a empresas constructoras locales.<\/p>\n\t\t\t\t\t\t<\/section>\n\t\t\t\t\t<\/div>\n\t\t\t\t<\/li><li>\n\t\t\t\t    <div>\n                        <section class=\"timeline-image\"><img decoding=\"async\" src=\"https:\/\/www.mesaimalat.com.tr\/wp-content\/uploads\/2018\/01\/07-19991.jpg\" alt=\"1999 - Proyecto de Viviendas tras Terremoto\"><\/section>\n\t\t\t\t\t\t<section class=\"timeline-text\">\n\t\t\t\t\t\t    <h2>1999 - Proyecto de Viviendas tras Terremoto<\/h2>\n\t\t\t\t\t\t\t<p>Durante este a\u00f1o, Mesa Imalat desempe\u00f1\u00f3 un papel importante para satisfacer la necesidad de Encofrado T\u00fanel para todos los proyectos de reconstrucci\u00f3n de viviendas luego de los terremotos de Izmit y D\u00fczce.  Durante este per\u00edodo, las empresas contratistas realizaron 40,000 viviendas permanentes en aproximadamente 5 meses con 120 juegos de moldes de T\u00fanel.<\/p>\n\t\t\t\t\t\t<\/section>\n\t\t\t\t\t<\/div>\n\t\t\t\t<\/li><li>\n\t\t\t\t    <div>\n                        <section class=\"timeline-image\"><img decoding=\"async\" src=\"https:\/\/www.mesaimalat.com.tr\/wp-content\/uploads\/2018\/01\/08-20021.jpg\" alt=\"2002 - Expansi\u00f3n a nuevos mercados\"><\/section>\n\t\t\t\t\t\t<section class=\"timeline-text\">\n\t\t\t\t\t\t    <h2>2002 - Expansi\u00f3n a nuevos mercados<\/h2>\n\t\t\t\t\t\t\t<p>Mesa Imalat aceler\u00f3 su expansi\u00f3n a mercados internacionales y el desarrollo de su cartera de productos.  Se inician actividades de ventas en diferentes pa\u00edses como Argelia y EE.UU.<\/p>\n\t\t\t\t\t\t<\/section>\n\t\t\t\t\t<\/div>\n\t\t\t\t<\/li><li>\n\t\t\t\t    <div>\n                        <section class=\"timeline-image\"><img decoding=\"async\" src=\"https:\/\/www.mesaimalat.com.tr\/wp-content\/uploads\/2018\/01\/09-20051.jpg\" alt=\"2005 - La gama de productos se expande\"><\/section>\n\t\t\t\t\t\t<section class=\"timeline-text\">\n\t\t\t\t\t\t    <h2>2005 - La gama de productos se expande<\/h2>\n\t\t\t\t\t\t\t<p>La expansi\u00f3n a nivel mundial de Mesa Imalat fue respaldada por el aumento de las actividades de I + D.  Mesa Imalat implement\u00f3 con \u00e9xito el primer proyecto de rascacielos en Rusia con el desarrollo del nuevo sistema de encofrado autotrepante HCP.\r\nEn el mismo a\u00f1o, Mesa Imalat present\u00f3 su nueva generaci\u00f3n de sistema de Encofrado T\u00fanel modular ERTF al incorporar la experiencia t\u00e9cnica obtenida en los mercados extranjeros.<\/p>\n\t\t\t\t\t\t<\/section>\n\t\t\t\t\t<\/div>\n\t\t\t\t<\/li><li>\n\t\t\t\t    <div>\n                        <section class=\"timeline-image\"><img decoding=\"async\" src=\"https:\/\/www.mesaimalat.com.tr\/wp-content\/uploads\/2018\/01\/10-20121.jpg\" alt=\"2012 - Alta capacidad de producci\u00f3n - amplia gama de productos\"><\/section>\n\t\t\t\t\t\t<section class=\"timeline-text\">\n\t\t\t\t\t\t    <h2>2012 - Alta capacidad de producci\u00f3n - amplia gama de productos<\/h2>\n\t\t\t\t\t\t\t<p>Mesa Imalat ha alcanzado una enorme capacidad de producci\u00f3n en sus instalaciones de 105,000 m2 de \u00e1rea descubierta y 30,000 m2 de superficie de producci\u00f3n techada.  La Compa\u00f1ia es capaz de proveer soluciones de encofrados para casi todo tipo de proyectos habitacionales y de obras civiles con su amplia gama de productos de gran calidad.<\/p>\n\t\t\t\t\t\t<\/section>\n\t\t\t\t\t<\/div>\n\t\t\t\t<\/li><li>\n\t\t\t\t    <div>\n                        <section class=\"timeline-image\"><img decoding=\"async\" src=\"https:\/\/www.mesaimalat.com.tr\/wp-content\/uploads\/2018\/01\/video-link-image.jpg\" alt=\"2018 - Una marca mundial\"><\/section>\n\t\t\t\t\t\t<section class=\"timeline-text\">\n\t\t\t\t\t\t    <h2>2018 - Una marca mundial<\/h2>\n\t\t\t\t\t\t\t<p>Aproximadamente 7.1 MILLONES DE VIVIENDAS se han completado en 40 a\u00f1os con el sistema de Encofrado T\u00faneles Mesa.\r\nMesa Imalat, es referido en 5 CONTINENTES y 45 PAISES y se ha convertido en una de las Compa\u00f1\u00edas l\u00edderes de la industrial en el mundo.<\/p>\n\t\t\t\t\t\t<\/section>\n\t\t\t\t\t<\/div>\n\t\t\t\t<\/li><\/ul><\/section>\n","protected":false},"excerpt":{"rendered":"1978 -Fundaci\u00f3n MESA IMALAT INC. fue creada por el Grupo Mesa con el prop\u00f3sito de fabricar el sistema de Encofrado T\u00fanel en Turqu\u00eda. 1982 - Primera producci\u00f3n de Encofrado T\u00fanel La producci\u00f3n en las instalaciones de Mesa ubicadas en Yenikent comenzaron en 1982. Hasta 1986, la producci\u00f3n fue exclusivamente interna para proyectos de vivienda del... <a class=\"view-article\" href=\"https:\/\/www.mesaimalat.com.tr\/es\/institucional\/historia\/\">Ver art\u00edculo<\/a>","protected":false},"author":1,"featured_media":0,"parent":4989,"menu_order":89,"comment_status":"closed","ping_status":"closed","template":"template-page.php","meta":{"ngg_post_thumbnail":0,"footnotes":""},"yst_prominent_words":[],"class_list":["post-5034","page","type-page","status-publish","hentry"],"acf":[],"_links":{"self":[{"href":"https:\/\/www.mesaimalat.com.tr\/es\/wp-json\/wp\/v2\/pages\/5034","targetHints":{"allow":["GET"]}}],"collection":[{"href":"https:\/\/www.mesaimalat.com.tr\/es\/wp-json\/wp\/v2\/pages"}],"about":[{"href":"https:\/\/www.mesaimalat.com.tr\/es\/wp-json\/wp\/v2\/types\/page"}],"author":[{"embeddable":true,"href":"https:\/\/www.mesaimalat.com.tr\/es\/wp-json\/wp\/v2\/users\/1"}],"replies":[{"embeddable":true,"href":"https:\/\/www.mesaimalat.com.tr\/es\/wp-json\/wp\/v2\/comments?post=5034"}],"version-history":[{"count":0,"href":"https:\/\/www.mesaimalat.com.tr\/es\/wp-json\/wp\/v2\/pages\/5034\/revisions"}],"up":[{"embeddable":true,"href":"https:\/\/www.mesaimalat.com.tr\/es\/wp-json\/wp\/v2\/pages\/4989"}],"wp:attachment":[{"href":"https:\/\/www.mesaimalat.com.tr\/es\/wp-json\/wp\/v2\/media?parent=5034"}],"wp:term":[{"taxonomy":"yst_prominent_words","embeddable":true,"href":"https:\/\/www.mesaimalat.com.tr\/es\/wp-json\/wp\/v2\/yst_prominent_words?post=5034"}],"curies":[{"name":"wp","href":"https:\/\/api.w.org\/{rel}","templated":true}]}}