{"id":5137,"date":"2018-01-26T11:07:44","date_gmt":"2018-01-26T08:07:44","guid":{"rendered":"https:\/\/www.mesaimalat.com.tr\/anasayfa\/"},"modified":"2024-07-18T16:18:28","modified_gmt":"2024-07-18T13:18:28","slug":"anasayfa","status":"publish","type":"page","link":"https:\/\/www.mesaimalat.com.tr\/es\/","title":{"rendered":"P\u00e1gina de inicio"},"content":{"rendered":"<div class=\"wpb-content-wrapper\"><p>[vc_row][vc_column]\n\t\t\t\t<p class=\"rs-p-wp-fix\"><\/p>\n\t\t\t\t<sr7-module data-alias=\"en-homepage-1\" data-id=\"7\" id=\"SR7_7_1\" class=\"rs-ov-hidden\" data-version=\"6.7.40\">\n\t\t\t\t\t<sr7-adjuster><\/sr7-adjuster>\n\t\t\t\t\t<sr7-content>\n\t\t\t\t\t\t<sr7-slide id=\"SR7_7_1-19\" data-key=\"19\">\n\t\t\t\t\t\t\t<sr7-bg id=\"SR7_7_1-19-22\" class=\"sr7-layer\"><noscript><img decoding=\"async\" src=\"https:\/\/www.mesaimalat.com.tr\/wp-content\/uploads\/2018\/01\/MKTF-Tunel-Kalip-9-1.png\" alt=\"\" title=\"MKTF-Tunel-Kal\u0131p-9\"><\/noscript><\/sr7-bg>\n\t\t\t\t\t\t\t<sr7-txt id=\"SR7_7_1-19-1\" class=\"sr7-layer\">ENCOFRADO DE TUNEL<\/sr7-txt>\n\t\t\t\t\t\t\t<sr7-txt id=\"SR7_7_1-19-5\" class=\"sr7-layer\">El fabricante de encontrados de t\u00faneles n\u00famero 1 del mundo<\/sr7-txt>\n\t\t\t\t\t\t\t<sr7-txt id=\"SR7_7_1-19-6\" class=\"sr7-layer\">M\u00e1s informaci\u00f3n<\/sr7-txt>\n\t\t\t\t\t\t<\/sr7-slide>\n\t\t\t\t\t\t<sr7-slide id=\"SR7_7_1-15\" data-key=\"15\">\n\t\t\t\t\t\t\t<sr7-txt id=\"SR7_7_1-15-4\" class=\"sr7-layer\"><br \/>6 CONTINENTE<br \/> <br \/>70 PA\u00cdS <br \/><br \/>3000+ PROYECTOS<\/sr7-txt>\n\t\t\t\t\t\t\t<sr7-txt id=\"SR7_7_1-15-5\" class=\"sr7-layer\">\"FORMANDO el futuro\"<\/sr7-txt>\n\t\t\t\t\t\t\t<sr7-txt id=\"SR7_7_1-15-6\" class=\"sr7-layer\">Sobre nosotros<\/sr7-txt>\n\t\t\t\t\t\t<\/sr7-slide>\n\t\t\t\t\t\t<sr7-slide id=\"SR7_7_1-20\" data-key=\"20\">\n\t\t\t\t\t\t\t<sr7-bg id=\"SR7_7_1-20-22\" class=\"sr7-layer\"><noscript><img decoding=\"async\" src=\"https:\/\/www.mesaimalat.com.tr\/wp-content\/uploads\/2023\/11\/slider-proje-1.jpg\" alt=\"\" title=\"slider-proje\"><\/noscript><\/sr7-bg>\n\t\t\t\t\t\t\t<sr7-txt id=\"SR7_7_1-20-1\" class=\"sr7-layer\">PROYECTOS EN TODO EL MUNDO<\/sr7-txt>\n\t\t\t\t\t\t\t<sr7-txt id=\"SR7_7_1-20-5\" class=\"sr7-layer\">DISE\u00d1OS DE MOLDES INNOVADORES Y TECNOL\u00d3GICOS\n\n\n\n<\/sr7-txt>\n\t\t\t\t\t\t\t<sr7-txt id=\"SR7_7_1-20-6\" class=\"sr7-layer\">M\u00e1s informaci\u00f3n<\/sr7-txt>\n\t\t\t\t\t\t<\/sr7-slide>\n\t\t\t\t\t\t<sr7-slide id=\"SR7_7_1-17\" data-key=\"17\">\n\t\t\t\t\t\t\t<sr7-bg id=\"SR7_7_1-17-22\" class=\"sr7-layer\"><noscript><img decoding=\"async\" src=\"https:\/\/www.mesaimalat.com.tr\/wp-content\/uploads\/2018\/01\/Segment-6.png\" alt=\"\" title=\"Segment-6\"><\/noscript><\/sr7-bg>\n\t\t\t\t\t\t\t<sr7-txt id=\"SR7_7_1-17-1\" class=\"sr7-layer\">MOLDE DE SEGMENTO TBM<\/sr7-txt>\n\t\t\t\t\t\t\t<sr7-txt id=\"SR7_7_1-17-5\" class=\"sr7-layer\">Mesa Formwork es una empresa l\u00edder en Turqu\u00eda en   la producci\u00f3n de moldes   <br \/>del segmento TBM  y se encuentra entre los fabricantes de renombre mundial.<\/sr7-txt>\n\t\t\t\t\t\t\t<sr7-txt id=\"SR7_7_1-17-6\" class=\"sr7-layer\">M\u00e1s informaci\u00f3n<\/sr7-txt>\n\t\t\t\t\t\t<\/sr7-slide>\n\t\t\t\t\t\t<sr7-slide id=\"SR7_7_1-21\" data-key=\"21\">\n\t\t\t\t\t\t\t<sr7-txt id=\"SR7_7_1-21-7\" class=\"sr7-layer\">Moldes Prefabricados<\/sr7-txt>\n\t\t\t\t\t\t<\/sr7-slide>\n\t\t\t\t\t\t<sr7-slide id=\"SR7_7_1-18\" data-key=\"18\">\n\t\t\t\t\t\t\t<sr7-bg id=\"SR7_7_1-18-24\" class=\"sr7-layer\"><noscript><img decoding=\"async\" src=\"https:\/\/www.mesaimalat.com.tr\/wp-content\/uploads\/2020\/06\/5.png\" alt=\"\" title=\"5\"><\/noscript><\/sr7-bg>\n\t\t\t\t\t\t\t<sr7-txt id=\"SR7_7_1-18-6\" class=\"sr7-layer\">M\u00e1s informaci\u00f3n<\/sr7-txt>\n\t\t\t\t\t\t\t<sr7-txt id=\"SR7_7_1-18-22\" class=\"sr7-layer\">Losa de V\u00eda<\/sr7-txt>\n\t\t\t\t\t\t<\/sr7-slide>\n\t\t\t\t\t\t<sr7-slide id=\"SR7_7_1-16\" data-key=\"16\">\n\t\t\t\t\t\t\t<sr7-txt id=\"SR7_7_1-16-18\" class=\"sr7-layer\">ENCOFRADO PARA COLUMNAS<\/sr7-txt>\n\t\t\t\t\t\t\t<sr7-txt id=\"SR7_7_1-16-19\" class=\"sr7-layer\">M\u00e1s informaci\u00f3n<\/sr7-txt>\n\t\t\t\t\t\t<\/sr7-slide>\n\t\t\t\t\t\t<sr7-slide id=\"SR7_7_1-38\" data-key=\"38\">\n\t\t\t\t\t\t<\/sr7-slide>\n\t\t\t\t\t<\/sr7-content>\n\t\t\t\t\t<image_lists style=\"display:none\">\n\t\t\t\t\t\t<img data-src=\"\/\/www.mesaimalat.com.tr\/wp-content\/uploads\/2018\/01\/Rwvola-kolon-2.png\" data-libid=\"8865\" data-lib=\"medialibrary\" title=\"Rwvola-kolon-2\" width=\"0\" height=\"0\" data-dbsrc=\"Ly93d3cubWVzYWltYWxhdC5jb20udHIvd3AtY29udGVudC91cGxvYWRzLzIwMTgvMDEvUnd2b2xhLWtvbG9uLTIucG5n\"\/>\n\t\t\t\t\t\t<img data-src=\"\/\/www.mesaimalat.com.tr\/wp-content\/uploads\/2018\/01\/H20-kolon-2.png\" data-libid=\"8920\" data-lib=\"medialibrary\" title=\"H20-kolon-2\" width=\"0\" height=\"0\" data-dbsrc=\"Ly93d3cubWVzYWltYWxhdC5jb20udHIvd3AtY29udGVudC91cGxvYWRzLzIwMTgvMDEvSDIwLWtvbG9uLTIucG5n\"\/>\n\t\t\t\t\t\t<img data-src=\"\/\/www.mesaimalat.com.tr\/wp-content\/uploads\/2018\/01\/logica-kolon-2.png\" data-libid=\"8975\" data-lib=\"medialibrary\" title=\"logica-kolon-2\" width=\"0\" height=\"0\" data-dbsrc=\"Ly93d3cubWVzYWltYWxhdC5jb20udHIvd3AtY29udGVudC91cGxvYWRzLzIwMTgvMDEvbG9naWNhLWtvbG9uLTIucG5n\"\/>\n\t\t\t\t\t\t<img data-src=\"\/\/www.mesaimalat.com.tr\/wp-content\/uploads\/2018\/01\/STILO-kolon-1.png\" data-libid=\"9027\" data-lib=\"medialibrary\" title=\"STILO-kolon-1\" width=\"0\" height=\"0\" data-dbsrc=\"Ly93d3cubWVzYWltYWxhdC5jb20udHIvd3AtY29udGVudC91cGxvYWRzLzIwMTgvMDEvU1RJTE8ta29sb24tMS5wbmc=\"\/>\n\t\t\t\t\t\t<img data-src=\"\/\/www.mesaimalat.com.tr\/wp-content\/uploads\/2018\/01\/pier-1.png\" data-libid=\"9248\" data-lib=\"medialibrary\" title=\"pier-1\" width=\"0\" height=\"0\" data-dbsrc=\"Ly93d3cubWVzYWltYWxhdC5jb20udHIvd3AtY29udGVudC91cGxvYWRzLzIwMTgvMDEvcGllci0xLnBuZw==\"\/>\n\t\t\t\t\t\t<img data-src=\"\/\/www.mesaimalat.com.tr\/wp-content\/uploads\/2023\/11\/Ozel-kolon-catal-4.png\" data-libid=\"9319\" data-lib=\"medialibrary\" title=\"Ozel-kolon-catal-4\" width=\"0\" height=\"0\" data-dbsrc=\"Ly93d3cubWVzYWltYWxhdC5jb20udHIvd3AtY29udGVudC91cGxvYWRzLzIwMjMvMTEvT3plbC1rb2xvbi1jYXRhbC00LnBuZw==\"\/>\n\t\t\t\t\t\t<img data-src=\"\/\/www.mesaimalat.com.tr\/wp-content\/uploads\/2018\/01\/Segment-5.png\" data-libid=\"9505\" data-lib=\"medialibrary\" title=\"Segment-5\" width=\"0\" height=\"0\" data-dbsrc=\"Ly93d3cubWVzYWltYWxhdC5jb20udHIvd3AtY29udGVudC91cGxvYWRzLzIwMTgvMDEvU2VnbWVudC01LnBuZw==\"\/>\n\t\t\t\t\t\t<img data-src=\"\/\/www.mesaimalat.com.tr\/wp-content\/uploads\/2018\/01\/Segment-1.png\" data-libid=\"9485\" data-lib=\"medialibrary\" title=\"Segment-1\" width=\"0\" height=\"0\" data-dbsrc=\"Ly93d3cubWVzYWltYWxhdC5jb20udHIvd3AtY29udGVudC91cGxvYWRzLzIwMTgvMDEvU2VnbWVudC0xLnBuZw==\"\/>\n\t\t\t\t\t\t<img data-src=\"\/\/www.mesaimalat.com.tr\/wp-content\/uploads\/2018\/01\/Segment-6.png\" data-libid=\"9510\" data-lib=\"medialibrary\" title=\"Segment-6\" width=\"0\" height=\"0\" data-dbsrc=\"Ly93d3cubWVzYWltYWxhdC5jb20udHIvd3AtY29udGVudC91cGxvYWRzLzIwMTgvMDEvU2VnbWVudC02LnBuZw==\"\/>\n\t\t\t\t\t\t<img data-src=\"\/\/www.mesaimalat.com.tr\/wp-content\/uploads\/2020\/06\/3.png\" data-libid=\"8215\" data-lib=\"medialibrary\" title=\"3\" width=\"0\" height=\"0\" data-dbsrc=\"Ly93d3cubWVzYWltYWxhdC5jb20udHIvd3AtY29udGVudC91cGxvYWRzLzIwMjAvMDYvMy5wbmc=\"\/>\n\t\t\t\t\t\t<img data-src=\"\/\/www.mesaimalat.com.tr\/wp-content\/uploads\/2020\/06\/8.png\" data-libid=\"8205\" data-lib=\"medialibrary\" title=\"8\" width=\"0\" height=\"0\" data-dbsrc=\"Ly93d3cubWVzYWltYWxhdC5jb20udHIvd3AtY29udGVudC91cGxvYWRzLzIwMjAvMDYvOC5wbmc=\"\/>\n\t\t\t\t\t\t<img data-src=\"\/\/www.mesaimalat.com.tr\/wp-content\/uploads\/2020\/06\/5.png\" data-libid=\"8195\" data-lib=\"medialibrary\" title=\"5\" width=\"0\" height=\"0\" data-dbsrc=\"Ly93d3cubWVzYWltYWxhdC5jb20udHIvd3AtY29udGVudC91cGxvYWRzLzIwMjAvMDYvNS5wbmc=\"\/>\n\t\t\t\t\t\t<img data-src=\"\/\/www.mesaimalat.com.tr\/wp-content\/uploads\/2018\/01\/ERTF-1.png\" data-libid=\"9525\" data-lib=\"medialibrary\" title=\"ERTF-1\" width=\"0\" height=\"0\" data-dbsrc=\"Ly93d3cubWVzYWltYWxhdC5jb20udHIvd3AtY29udGVudC91cGxvYWRzLzIwMTgvMDEvRVJURi0xLnBuZw==\"\/>\n\t\t\t\t\t\t<img data-src=\"\/\/www.mesaimalat.com.tr\/wp-content\/uploads\/2018\/01\/TRTF-1-1.png\" data-libid=\"9817\" data-lib=\"medialibrary\" title=\"TRTF-1\" width=\"0\" height=\"0\" data-dbsrc=\"Ly93d3cubWVzYWltYWxhdC5jb20udHIvd3AtY29udGVudC91cGxvYWRzLzIwMTgvMDEvVFJURi0xLTEucG5n\"\/>\n\t\t\t\t\t\t<img data-src=\"\/\/www.mesaimalat.com.tr\/wp-content\/uploads\/2018\/01\/MKTF-Tunel-Kalip-9-1.png\" data-libid=\"9456\" data-lib=\"medialibrary\" title=\"MKTF-Tunel-Kal\u0131p-9\" width=\"0\" height=\"0\" data-dbsrc=\"Ly93d3cubWVzYWltYWxhdC5jb20udHIvd3AtY29udGVudC91cGxvYWRzLzIwMTgvMDEvTUtURi1UdW5lbC1LYWxpcC05LTEucG5n\"\/>\n\t\t\t\t\t\t<img data-src=\"\/\/www.mesaimalat.com.tr\/wp-content\/uploads\/2023\/11\/slider-proje-1.jpg\" data-libid=\"9887\" data-lib=\"medialibrary\" title=\"slider-proje\" width=\"0\" height=\"0\" data-dbsrc=\"Ly93d3cubWVzYWltYWxhdC5jb20udHIvd3AtY29udGVudC91cGxvYWRzLzIwMjMvMTEvc2xpZGVyLXByb2plLTEuanBn\"\/>\n\t\t\t\t\t<\/image_lists>\n\t\t\t\t<\/sr7-module>\n\t\t\t\t<script>\n\t\t\t\t\tSR7.PMH ??={}; SR7.PMH[\"SR7_7_1\"] = {cn:100,state:false,fn: function() { if (_tpt!==undefined && _tpt.prepareModuleHeight !== undefined) {  _tpt.prepareModuleHeight({id:\"SR7_7_1\",el:[868,868,768,960,720],type:'standard',shdw:'0',gh:[868,868,768,960,720],gw:[1240,1240,1024,778,480],vpt:['-100px&#039;,&#039;-100px&#039;,&#039;-100px&#039;,&#039;-100px&#039;,&#039;-100px'],size:{fullWidth:true, fullHeight:false},mh:'0',onh:0,onw:0,bg:{color:'{\"orig\":\"transparent\",\"type\":\"solid\",\"string\":\"transparent\"}'},plType:'0',plColor:'#FFFFFF'});   SR7.PMH[\"SR7_7_1\"].state=true;} else if(SR7.PMH[\"SR7_7_1\"].cn-->0)\tsetTimeout( SR7.PMH[\"SR7_7_1\"].fn,19);}};SR7.PMH[\"SR7_7_1\" ].fn();\n\t\t\t\t<\/script>\n[\/vc_column][\/vc_row]<\/p>\n<\/div>","protected":false},"excerpt":{"rendered":"[vc_row][vc_column][\/vc_column][\/vc_row]","protected":false},"author":1,"featured_media":0,"parent":0,"menu_order":38,"comment_status":"closed","ping_status":"closed","template":"template-homepage.php","meta":{"ngg_post_thumbnail":0,"footnotes":""},"yst_prominent_words":[],"class_list":["post-5137","page","type-page","status-publish","hentry"],"acf":[],"_links":{"self":[{"href":"https:\/\/www.mesaimalat.com.tr\/es\/wp-json\/wp\/v2\/pages\/5137","targetHints":{"allow":["GET"]}}],"collection":[{"href":"https:\/\/www.mesaimalat.com.tr\/es\/wp-json\/wp\/v2\/pages"}],"about":[{"href":"https:\/\/www.mesaimalat.com.tr\/es\/wp-json\/wp\/v2\/types\/page"}],"author":[{"embeddable":true,"href":"https:\/\/www.mesaimalat.com.tr\/es\/wp-json\/wp\/v2\/users\/1"}],"replies":[{"embeddable":true,"href":"https:\/\/www.mesaimalat.com.tr\/es\/wp-json\/wp\/v2\/comments?post=5137"}],"version-history":[{"count":0,"href":"https:\/\/www.mesaimalat.com.tr\/es\/wp-json\/wp\/v2\/pages\/5137\/revisions"}],"wp:attachment":[{"href":"https:\/\/www.mesaimalat.com.tr\/es\/wp-json\/wp\/v2\/media?parent=5137"}],"wp:term":[{"taxonomy":"yst_prominent_words","embeddable":true,"href":"https:\/\/www.mesaimalat.com.tr\/es\/wp-json\/wp\/v2\/yst_prominent_words?post=5137"}],"curies":[{"name":"wp","href":"https:\/\/api.w.org\/{rel}","templated":true}]}}