{"id":5157,"date":"2018-01-29T18:59:22","date_gmt":"2018-01-29T15:59:22","guid":{"rendered":"https:\/\/www.mesaimalat.com.tr\/servicios\/satis-sonrasi-servis\/"},"modified":"2024-07-19T17:41:55","modified_gmt":"2024-07-19T14:41:55","slug":"servicio-postventa","status":"publish","type":"page","link":"https:\/\/www.mesaimalat.com.tr\/es\/servicios\/servicio-postventa\/","title":{"rendered":"Servicio Postventa"},"content":{"rendered":"<div class=\"wpb-content-wrapper\"><p>[vc_row][vc_column width=\u00bb1\/2&#8243;][vc_column_text]El servicio Postventa es una parte integral de la pol\u00edtica de servicio de MESA IMALAT. Con nuestro personal t\u00e9cnico experimentado, brindamos a nuestros clientes el soporte t\u00e9cnico necesario en cualquier parte del mundo.[\/vc_column_text][\/vc_column][vc_column width=\u00bb1\/2&#8243;][vc_column_text]En todos nuestros proyectos, la instalaci\u00f3n del sistema de encofrado y la primera colada de concreto se llevan a cabo bajo la supervisi\u00f3n de los supervisores de MESA IMALAT. De esta manera, se garantiza la correcta instalaci\u00f3n del sistema y de ser necesario, que el personal de la empresa contratista haya recibido la capacitaci\u00f3n para su uso. La duraci\u00f3n del soporte t\u00e9cnico en terreno de MESA IMALAT puede variar seg\u00fan las caracter\u00edsticas del proyecto y los requerimientos de nuestros clientes.[\/vc_column_text][\/vc_column][\/vc_row]<\/p>\n<\/div>","protected":false},"excerpt":{"rendered":"[vc_row][vc_column width=\u00bb1\/2&#8243;][vc_column_text]El servicio Postventa es una parte integral de la pol\u00edtica de servicio de MESA IMALAT. Con nuestro personal t\u00e9cnico experimentado, brindamos a nuestros clientes el soporte t\u00e9cnico necesario en cualquier parte del mundo.[\/vc_column_text][\/vc_column][vc_column width=\u00bb1\/2&#8243;][vc_column_text]En todos nuestros proyectos, la instalaci\u00f3n del sistema de encofrado y la primera colada de concreto se llevan a cabo bajo&#8230; <a class=\"view-article\" href=\"https:\/\/www.mesaimalat.com.tr\/es\/servicios\/servicio-postventa\/\">Ver art\u00edculo<\/a>","protected":false},"author":1,"featured_media":8476,"parent":4981,"menu_order":20,"comment_status":"closed","ping_status":"closed","template":"template-page.php","meta":{"ngg_post_thumbnail":0,"footnotes":""},"yst_prominent_words":[],"class_list":["post-5157","page","type-page","status-publish","has-post-thumbnail","hentry"],"acf":[],"_links":{"self":[{"href":"https:\/\/www.mesaimalat.com.tr\/es\/wp-json\/wp\/v2\/pages\/5157","targetHints":{"allow":["GET"]}}],"collection":[{"href":"https:\/\/www.mesaimalat.com.tr\/es\/wp-json\/wp\/v2\/pages"}],"about":[{"href":"https:\/\/www.mesaimalat.com.tr\/es\/wp-json\/wp\/v2\/types\/page"}],"author":[{"embeddable":true,"href":"https:\/\/www.mesaimalat.com.tr\/es\/wp-json\/wp\/v2\/users\/1"}],"replies":[{"embeddable":true,"href":"https:\/\/www.mesaimalat.com.tr\/es\/wp-json\/wp\/v2\/comments?post=5157"}],"version-history":[{"count":0,"href":"https:\/\/www.mesaimalat.com.tr\/es\/wp-json\/wp\/v2\/pages\/5157\/revisions"}],"up":[{"embeddable":true,"href":"https:\/\/www.mesaimalat.com.tr\/es\/wp-json\/wp\/v2\/pages\/4981"}],"wp:featuredmedia":[{"embeddable":true,"href":"https:\/\/www.mesaimalat.com.tr\/es\/wp-json\/wp\/v2\/media\/8476"}],"wp:attachment":[{"href":"https:\/\/www.mesaimalat.com.tr\/es\/wp-json\/wp\/v2\/media?parent=5157"}],"wp:term":[{"taxonomy":"yst_prominent_words","embeddable":true,"href":"https:\/\/www.mesaimalat.com.tr\/es\/wp-json\/wp\/v2\/yst_prominent_words?post=5157"}],"curies":[{"name":"wp","href":"https:\/\/api.w.org\/{rel}","templated":true}]}}