{"id":5163,"date":"2018-01-29T19:09:58","date_gmt":"2018-01-29T16:09:58","guid":{"rendered":"https:\/\/www.mesaimalat.com.tr\/servicios\/lojistik\/"},"modified":"2024-07-19T17:34:58","modified_gmt":"2024-07-19T14:34:58","slug":"logistica","status":"publish","type":"page","link":"https:\/\/www.mesaimalat.com.tr\/es\/servicios\/logistica\/","title":{"rendered":"Log\u00edstica"},"content":{"rendered":"<div class=\"wpb-content-wrapper\"><p>[vc_row][vc_column][vc_column_text]MESA IMALAT se enorgullece en proveer nuestros sistemas de encofrados y andamios en forma segura y oportuna a cualquier parte del mundo. No importa en qu\u00e9 parte del mundo se encuentre su proyecto, nuestro experimentado equipo de log\u00edsticaencontrar\u00e1 la v\u00eda de transporte m\u00e1s segura, econ\u00f3mica y r\u00e1pida para llegar hasta su ubicaci\u00f3n ya sea por tierra, mar o aire.[\/vc_column_text][\/vc_column][\/vc_row]<\/p>\n<\/div>","protected":false},"excerpt":{"rendered":"[vc_row][vc_column][vc_column_text]MESA IMALAT se enorgullece en proveer nuestros sistemas de encofrados y andamios en forma segura y oportuna a cualquier parte del mundo. No importa en qu\u00e9 parte del mundo se encuentre su proyecto, nuestro experimentado equipo de log\u00edsticaencontrar\u00e1 la v\u00eda de transporte m\u00e1s segura, econ\u00f3mica y r\u00e1pida para llegar hasta su ubicaci\u00f3n ya sea por&#8230; <a class=\"view-article\" href=\"https:\/\/www.mesaimalat.com.tr\/es\/servicios\/logistica\/\">Ver art\u00edculo<\/a>","protected":false},"author":1,"featured_media":8481,"parent":4981,"menu_order":17,"comment_status":"closed","ping_status":"closed","template":"template-page.php","meta":{"ngg_post_thumbnail":0,"footnotes":""},"yst_prominent_words":[],"class_list":["post-5163","page","type-page","status-publish","has-post-thumbnail","hentry"],"acf":[],"_links":{"self":[{"href":"https:\/\/www.mesaimalat.com.tr\/es\/wp-json\/wp\/v2\/pages\/5163","targetHints":{"allow":["GET"]}}],"collection":[{"href":"https:\/\/www.mesaimalat.com.tr\/es\/wp-json\/wp\/v2\/pages"}],"about":[{"href":"https:\/\/www.mesaimalat.com.tr\/es\/wp-json\/wp\/v2\/types\/page"}],"author":[{"embeddable":true,"href":"https:\/\/www.mesaimalat.com.tr\/es\/wp-json\/wp\/v2\/users\/1"}],"replies":[{"embeddable":true,"href":"https:\/\/www.mesaimalat.com.tr\/es\/wp-json\/wp\/v2\/comments?post=5163"}],"version-history":[{"count":0,"href":"https:\/\/www.mesaimalat.com.tr\/es\/wp-json\/wp\/v2\/pages\/5163\/revisions"}],"up":[{"embeddable":true,"href":"https:\/\/www.mesaimalat.com.tr\/es\/wp-json\/wp\/v2\/pages\/4981"}],"wp:featuredmedia":[{"embeddable":true,"href":"https:\/\/www.mesaimalat.com.tr\/es\/wp-json\/wp\/v2\/media\/8481"}],"wp:attachment":[{"href":"https:\/\/www.mesaimalat.com.tr\/es\/wp-json\/wp\/v2\/media?parent=5163"}],"wp:term":[{"taxonomy":"yst_prominent_words","embeddable":true,"href":"https:\/\/www.mesaimalat.com.tr\/es\/wp-json\/wp\/v2\/yst_prominent_words?post=5163"}],"curies":[{"name":"wp","href":"https:\/\/api.w.org\/{rel}","templated":true}]}}