{"id":5169,"date":"2018-01-29T18:43:51","date_gmt":"2018-01-29T15:43:51","guid":{"rendered":"https:\/\/www.mesaimalat.com.tr\/servicios\/urun-gelistirme\/"},"modified":"2024-08-02T10:56:22","modified_gmt":"2024-08-02T07:56:22","slug":"desarrollo-de-productos","status":"publish","type":"page","link":"https:\/\/www.mesaimalat.com.tr\/es\/servicios\/desarrollo-de-productos\/","title":{"rendered":"Desarrollo de productos"},"content":{"rendered":"<div class=\"wpb-content-wrapper\"><p>[vc_row][vc_column][vc_column_text]Desde su creaci\u00f3n, Mesa Imalat ha formado una fuerte infraestructura de ingenier\u00eda con un equipo t\u00e9cnico din\u00e1mico. Combinado su vasta experiencia con la infraestructura de ingenier\u00eda, ha dise\u00f1ado y mejorado constantemente originales productos. Adem\u00e1s de sus productos est\u00e1ndar, en l\u00ednea con las demandas de los clientes tambi\u00e9n dise\u00f1a sistemas especiales de encofrado y andamios para proyectos espec\u00edficos.[\/vc_column_text][\/vc_column][\/vc_row]<\/p>\n<\/div>","protected":false},"excerpt":{"rendered":"[vc_row][vc_column][vc_column_text]Desde su creaci\u00f3n, Mesa Imalat ha formado una fuerte infraestructura de ingenier\u00eda con un equipo t\u00e9cnico din\u00e1mico. Combinado su vasta experiencia con la infraestructura de ingenier\u00eda, ha dise\u00f1ado y mejorado constantemente originales productos. Adem\u00e1s de sus productos est\u00e1ndar, en l\u00ednea con las demandas de los clientes tambi\u00e9n dise\u00f1a sistemas especiales de encofrado y andamios para&#8230; <a class=\"view-article\" href=\"https:\/\/www.mesaimalat.com.tr\/es\/servicios\/desarrollo-de-productos\/\">Ver art\u00edculo<\/a>","protected":false},"author":1,"featured_media":8497,"parent":4981,"menu_order":32,"comment_status":"closed","ping_status":"closed","template":"template-page.php","meta":{"ngg_post_thumbnail":0,"footnotes":""},"yst_prominent_words":[],"class_list":["post-5169","page","type-page","status-publish","has-post-thumbnail","hentry"],"acf":[],"_links":{"self":[{"href":"https:\/\/www.mesaimalat.com.tr\/es\/wp-json\/wp\/v2\/pages\/5169","targetHints":{"allow":["GET"]}}],"collection":[{"href":"https:\/\/www.mesaimalat.com.tr\/es\/wp-json\/wp\/v2\/pages"}],"about":[{"href":"https:\/\/www.mesaimalat.com.tr\/es\/wp-json\/wp\/v2\/types\/page"}],"author":[{"embeddable":true,"href":"https:\/\/www.mesaimalat.com.tr\/es\/wp-json\/wp\/v2\/users\/1"}],"replies":[{"embeddable":true,"href":"https:\/\/www.mesaimalat.com.tr\/es\/wp-json\/wp\/v2\/comments?post=5169"}],"version-history":[{"count":0,"href":"https:\/\/www.mesaimalat.com.tr\/es\/wp-json\/wp\/v2\/pages\/5169\/revisions"}],"up":[{"embeddable":true,"href":"https:\/\/www.mesaimalat.com.tr\/es\/wp-json\/wp\/v2\/pages\/4981"}],"wp:featuredmedia":[{"embeddable":true,"href":"https:\/\/www.mesaimalat.com.tr\/es\/wp-json\/wp\/v2\/media\/8497"}],"wp:attachment":[{"href":"https:\/\/www.mesaimalat.com.tr\/es\/wp-json\/wp\/v2\/media?parent=5169"}],"wp:term":[{"taxonomy":"yst_prominent_words","embeddable":true,"href":"https:\/\/www.mesaimalat.com.tr\/es\/wp-json\/wp\/v2\/yst_prominent_words?post=5169"}],"curies":[{"name":"wp","href":"https:\/\/api.w.org\/{rel}","templated":true}]}}