{"id":5175,"date":"2018-01-29T14:04:18","date_gmt":"2018-01-29T11:04:18","guid":{"rendered":"https:\/\/www.mesaimalat.com.tr\/proyectos\/konut-projeleri\/"},"modified":"2019-11-26T10:18:40","modified_gmt":"2019-11-26T07:18:40","slug":"proyectos-residenciales-y-de-viviendas","status":"publish","type":"page","link":"https:\/\/www.mesaimalat.com.tr\/es\/proyectos\/proyectos-residenciales-y-de-viviendas\/","title":{"rendered":"Proyectos Residenciales y de Viviendas"},"content":{"rendered":"<div class=\"project-grid-item\"><a href=\"https:\/\/www.mesaimalat.com.tr\/es\/proje\/proyecto-west-yas-villas\/\">\n                        <div class=\"project-title\">\n\t\t\t\t\t\t\t<h1>Proyecto West Yas Villas<\/h1>\n\t\t\t\t\t\t\t<h2><\/h2>\n\t\t\t\t\t\t<\/div>\n\t\t\t\t\t\t<div class=\"project-image\">\n\t\t\t\t\t\t\t<img decoding=\"async\" src=\"https:\/\/www.mesaimalat.com.tr\/wp-content\/uploads\/2018\/02\/Abu-Dhabi-West-Yas-Villas.jpg\" alt=\"\">\n\t\t\t\t\t\t<\/div><\/a><\/div><div class=\"project-grid-item\"><a href=\"https:\/\/www.mesaimalat.com.tr\/es\/proje\/proyecto-de-torres-gemelas\/\">\n                        <div class=\"project-title\">\n\t\t\t\t\t\t\t<h1>Proyecto de Torres Gemelas<\/h1>\n\t\t\t\t\t\t\t<h2><\/h2>\n\t\t\t\t\t\t<\/div>\n\t\t\t\t\t\t<div class=\"project-image\">\n\t\t\t\t\t\t\t<img decoding=\"async\" src=\"https:\/\/www.mesaimalat.com.tr\/wp-content\/uploads\/2018\/03\/Twin-Tower.jpg\" alt=\"\">\n\t\t\t\t\t\t<\/div><\/a><\/div><div class=\"project-grid-item\"><a href=\"https:\/\/www.mesaimalat.com.tr\/es\/proje\/proyecto-de-villas-de-la-guardia-nacional-de-arabia-saudita-sang\/\">\n                        <div class=\"project-title\">\n\t\t\t\t\t\t\t<h1>Proyecto de Villas de la Guardia Nacional de Arabia Saudita (SANG)<\/h1>\n\t\t\t\t\t\t\t<h2><\/h2>\n\t\t\t\t\t\t<\/div>\n\t\t\t\t\t\t<div class=\"project-image\">\n\t\t\t\t\t\t\t<img decoding=\"async\" src=\"https:\/\/www.mesaimalat.com.tr\/wp-content\/uploads\/2018\/02\/Suudi-Arabistan-Bin-Laden-Sang-Villas.jpg\" alt=\"\">\n\t\t\t\t\t\t<\/div><\/a><\/div><div class=\"project-grid-item\"><a href=\"https:\/\/www.mesaimalat.com.tr\/es\/proje\/proyecto-de-viviendas-en-constantina\/\">\n                        <div class=\"project-title\">\n\t\t\t\t\t\t\t<h1>Proyecto de Viviendas en Constantina<\/h1>\n\t\t\t\t\t\t\t<h2><\/h2>\n\t\t\t\t\t\t<\/div>\n\t\t\t\t\t\t<div class=\"project-image\">\n\t\t\t\t\t\t\t<img decoding=\"async\" src=\"https:\/\/www.mesaimalat.com.tr\/wp-content\/uploads\/2018\/03\/Konstantin.jpg\" alt=\"\">\n\t\t\t\t\t\t<\/div><\/a><\/div><div class=\"project-grid-item\"><a href=\"https:\/\/www.mesaimalat.com.tr\/es\/proje\/proyecto-de-viviendas-en-reghaia\/\">\n                        <div class=\"project-title\">\n\t\t\t\t\t\t\t<h1>Proyecto de Viviendas en Reghaia<\/h1>\n\t\t\t\t\t\t\t<h2><\/h2>\n\t\t\t\t\t\t<\/div>\n\t\t\t\t\t\t<div class=\"project-image\">\n\t\t\t\t\t\t\t<img decoding=\"async\" src=\"https:\/\/www.mesaimalat.com.tr\/wp-content\/uploads\/2018\/03\/Reghaia.jpg\" alt=\"\">\n\t\t\t\t\t\t<\/div><\/a><\/div><div class=\"project-grid-item\"><a href=\"https:\/\/www.mesaimalat.com.tr\/es\/proje\/proyecto-de-viviendas-ne-blida\/\">\n                        <div class=\"project-title\">\n\t\t\t\t\t\t\t<h1>Proyecto de Viviendas ne Blida<\/h1>\n\t\t\t\t\t\t\t<h2><\/h2>\n\t\t\t\t\t\t<\/div>\n\t\t\t\t\t\t<div class=\"project-image\">\n\t\t\t\t\t\t\t<img decoding=\"async\" src=\"https:\/\/www.mesaimalat.com.tr\/wp-content\/uploads\/2018\/03\/Buleyde.jpg\" alt=\"\">\n\t\t\t\t\t\t<\/div><\/a><\/div><div class=\"project-grid-item\"><a href=\"https:\/\/www.mesaimalat.com.tr\/es\/proje\/proyecto-residencial-avrupa-ispartakule\/\">\n                        <div class=\"project-title\">\n\t\t\t\t\t\t\t<h1>Proyecto Residencial Avrupa Ispartakule<\/h1>\n\t\t\t\t\t\t\t<h2><\/h2>\n\t\t\t\t\t\t<\/div>\n\t\t\t\t\t\t<div class=\"project-image\">\n\t\t\t\t\t\t\t<img decoding=\"async\" src=\"https:\/\/www.mesaimalat.com.tr\/wp-content\/uploads\/2018\/03\/Avrupa-Konutlar\u0131.jpg\" alt=\"\">\n\t\t\t\t\t\t<\/div><\/a><\/div><div class=\"project-grid-item\"><a href=\"https:\/\/www.mesaimalat.com.tr\/es\/proje\/proyecto-de-viviendas-my-world-europe\/\">\n                        <div class=\"project-title\">\n\t\t\t\t\t\t\t<h1>Proyecto de Viviendas My World Europe<\/h1>\n\t\t\t\t\t\t\t<h2><\/h2>\n\t\t\t\t\t\t<\/div>\n\t\t\t\t\t\t<div class=\"project-image\">\n\t\t\t\t\t\t\t<img decoding=\"async\" src=\"https:\/\/www.mesaimalat.com.tr\/wp-content\/uploads\/2018\/02\/T\u00fcrkiye-A\u011fao\u011flu-Ayazma.jpg\" alt=\"\">\n\t\t\t\t\t\t<\/div><\/a><\/div><div class=\"project-grid-item\"><a href=\"https:\/\/www.mesaimalat.com.tr\/es\/proje\/proyecto-tual-bahcekent\/\">\n                        <div class=\"project-title\">\n\t\t\t\t\t\t\t<h1>Proyecto Tual Bah\u00e7ekent<\/h1>\n\t\t\t\t\t\t\t<h2><\/h2>\n\t\t\t\t\t\t<\/div>\n\t\t\t\t\t\t<div class=\"project-image\">\n\t\t\t\t\t\t\t<img decoding=\"async\" src=\"https:\/\/www.mesaimalat.com.tr\/wp-content\/uploads\/2018\/03\/Tual-Bah\u00e7ekent.jpg\" alt=\"\">\n\t\t\t\t\t\t<\/div><\/a><\/div><div class=\"project-grid-item\"><a href=\"https:\/\/www.mesaimalat.com.tr\/es\/proje\/proyecto-oran-park\/\">\n                        <div class=\"project-title\">\n\t\t\t\t\t\t\t<h1>Proyecto Oran Park<\/h1>\n\t\t\t\t\t\t\t<h2><\/h2>\n\t\t\t\t\t\t<\/div>\n\t\t\t\t\t\t<div class=\"project-image\">\n\t\t\t\t\t\t\t<img decoding=\"async\" src=\"https:\/\/www.mesaimalat.com.tr\/wp-content\/uploads\/2018\/02\/T\u00fcrkiye-Parkoran.jpg\" alt=\"\">\n\t\t\t\t\t\t<\/div><\/a><\/div><div class=\"project-grid-item\"><a href=\"https:\/\/www.mesaimalat.com.tr\/es\/proje\/proyecto-de-ottomanors\/\">\n                        <div class=\"project-title\">\n\t\t\t\t\t\t\t<h1>Proyecto de Ottomanors<\/h1>\n\t\t\t\t\t\t\t<h2><\/h2>\n\t\t\t\t\t\t<\/div>\n\t\t\t\t\t\t<div class=\"project-image\">\n\t\t\t\t\t\t\t<img decoding=\"async\" src=\"https:\/\/www.mesaimalat.com.tr\/wp-content\/uploads\/2018\/03\/Ottomanors.jpg\" alt=\"\">\n\t\t\t\t\t\t<\/div><\/a><\/div><div class=\"project-grid-item\"><a href=\"https:\/\/www.mesaimalat.com.tr\/es\/proje\/proyecto-de-nida-park\/\">\n                        <div class=\"project-title\">\n\t\t\t\t\t\t\t<h1>Proyecto de Nida Park<\/h1>\n\t\t\t\t\t\t\t<h2><\/h2>\n\t\t\t\t\t\t<\/div>\n\t\t\t\t\t\t<div class=\"project-image\">\n\t\t\t\t\t\t\t<img decoding=\"async\" src=\"https:\/\/www.mesaimalat.com.tr\/wp-content\/uploads\/2018\/03\/Nida-Park.jpg\" alt=\"\">\n\t\t\t\t\t\t<\/div><\/a><\/div><div class=\"project-grid-item\"><a href=\"https:\/\/www.mesaimalat.com.tr\/es\/proje\/proyecto-de-tema-estambul\/\">\n                        <div class=\"project-title\">\n\t\t\t\t\t\t\t<h1>Proyecto de Tema Estambul<\/h1>\n\t\t\t\t\t\t\t<h2><\/h2>\n\t\t\t\t\t\t<\/div>\n\t\t\t\t\t\t<div class=\"project-image\">\n\t\t\t\t\t\t\t<img decoding=\"async\" src=\"https:\/\/www.mesaimalat.com.tr\/wp-content\/uploads\/2018\/02\/T\u00fcrkiye-Tema-\u0130stanbul.jpg\" alt=\"\">\n\t\t\t\t\t\t<\/div><\/a><\/div><div class=\"project-grid-item\"><a href=\"https:\/\/www.mesaimalat.com.tr\/es\/proje\/proyectos-de-transformacion-urbana-de-toki\/\">\n                        <div class=\"project-title\">\n\t\t\t\t\t\t\t<h1>Proyectos de transformaci\u00f3n urbana de TOK\u0130<\/h1>\n\t\t\t\t\t\t\t<h2><\/h2>\n\t\t\t\t\t\t<\/div>\n\t\t\t\t\t\t<div class=\"project-image\">\n\t\t\t\t\t\t\t<img decoding=\"async\" src=\"https:\/\/www.mesaimalat.com.tr\/wp-content\/uploads\/2018\/03\/TOK\u0130-Kentsel-D\u00f6n\u00fc\u015f\u00fcm.jpg\" alt=\"\">\n\t\t\t\t\t\t<\/div><\/a><\/div><div class=\"project-grid-item\"><a href=\"https:\/\/www.mesaimalat.com.tr\/es\/proje\/proyecto-innovia\/\">\n                        <div class=\"project-title\">\n\t\t\t\t\t\t\t<h1>Proyecto Innovia<\/h1>\n\t\t\t\t\t\t\t<h2><\/h2>\n\t\t\t\t\t\t<\/div>\n\t\t\t\t\t\t<div class=\"project-image\">\n\t\t\t\t\t\t\t<img decoding=\"async\" src=\"https:\/\/www.mesaimalat.com.tr\/wp-content\/uploads\/2018\/03\/Innovia.jpg\" alt=\"\">\n\t\t\t\t\t\t<\/div><\/a><\/div>\n","protected":false},"excerpt":{"rendered":"Proyecto West Yas Villas Proyecto de Torres Gemelas Proyecto de Villas de la Guardia Nacional de Arabia Saudita (SANG) Proyecto de Viviendas en Constantina Proyecto de Viviendas en Reghaia Proyecto de Viviendas ne Blida Proyecto Residencial Avrupa Ispartakule Proyecto de Viviendas My World Europe Proyecto Tual Bah\u00e7ekent Proyecto Oran Park Proyecto de Ottomanors Proyecto de... <a class=\"view-article\" href=\"https:\/\/www.mesaimalat.com.tr\/es\/proyectos\/proyectos-residenciales-y-de-viviendas\/\">Ver art\u00edculo<\/a>","protected":false},"author":1,"featured_media":0,"parent":4985,"menu_order":121,"comment_status":"closed","ping_status":"closed","template":"template-projeler.php","meta":{"ngg_post_thumbnail":0,"footnotes":""},"yst_prominent_words":[],"class_list":["post-5175","page","type-page","status-publish","hentry"],"acf":[],"_links":{"self":[{"href":"https:\/\/www.mesaimalat.com.tr\/es\/wp-json\/wp\/v2\/pages\/5175","targetHints":{"allow":["GET"]}}],"collection":[{"href":"https:\/\/www.mesaimalat.com.tr\/es\/wp-json\/wp\/v2\/pages"}],"about":[{"href":"https:\/\/www.mesaimalat.com.tr\/es\/wp-json\/wp\/v2\/types\/page"}],"author":[{"embeddable":true,"href":"https:\/\/www.mesaimalat.com.tr\/es\/wp-json\/wp\/v2\/users\/1"}],"replies":[{"embeddable":true,"href":"https:\/\/www.mesaimalat.com.tr\/es\/wp-json\/wp\/v2\/comments?post=5175"}],"version-history":[{"count":0,"href":"https:\/\/www.mesaimalat.com.tr\/es\/wp-json\/wp\/v2\/pages\/5175\/revisions"}],"up":[{"embeddable":true,"href":"https:\/\/www.mesaimalat.com.tr\/es\/wp-json\/wp\/v2\/pages\/4985"}],"wp:attachment":[{"href":"https:\/\/www.mesaimalat.com.tr\/es\/wp-json\/wp\/v2\/media?parent=5175"}],"wp:term":[{"taxonomy":"yst_prominent_words","embeddable":true,"href":"https:\/\/www.mesaimalat.com.tr\/es\/wp-json\/wp\/v2\/yst_prominent_words?post=5175"}],"curies":[{"name":"wp","href":"https:\/\/api.w.org\/{rel}","templated":true}]}}