{"id":5188,"date":"2018-02-09T10:38:33","date_gmt":"2018-02-09T07:38:33","guid":{"rendered":"https:\/\/www.mesaimalat.com.tr\/proyectos\/ustyapi-projeleri\/"},"modified":"2019-11-26T10:26:38","modified_gmt":"2019-11-26T07:26:38","slug":"proyectos-de-gran-envergadura","status":"publish","type":"page","link":"https:\/\/www.mesaimalat.com.tr\/es\/proyectos\/proyectos-de-gran-envergadura\/","title":{"rendered":"Proyectos de gran envergadura"},"content":{"rendered":"<div class=\"project-grid-item\"><a href=\"https:\/\/www.mesaimalat.com.tr\/es\/proje\/edificio-de-gobierno-de-turkmenistan\/\">\n                        <div class=\"project-title\">\n\t\t\t\t\t\t\t<h1>Edificio de Gobierno de Turkmenist\u00e1n<\/h1>\n\t\t\t\t\t\t\t<h2><\/h2>\n\t\t\t\t\t\t<\/div>\n\t\t\t\t\t\t<div class=\"project-image\">\n\t\t\t\t\t\t\t<img decoding=\"async\" src=\"https:\/\/www.mesaimalat.com.tr\/wp-content\/uploads\/2018\/02\/Turkmenistan-Bouygues-Government-Bldgs.jpg\" alt=\"\">\n\t\t\t\t\t\t<\/div><\/a><\/div><div class=\"project-grid-item\"><a href=\"https:\/\/www.mesaimalat.com.tr\/es\/proje\/hotel-hilton\/\">\n                        <div class=\"project-title\">\n\t\t\t\t\t\t\t<h1>Hotel Hilton<\/h1>\n\t\t\t\t\t\t\t<h2><\/h2>\n\t\t\t\t\t\t<\/div>\n\t\t\t\t\t\t<div class=\"project-image\">\n\t\t\t\t\t\t\t<img decoding=\"async\" src=\"https:\/\/www.mesaimalat.com.tr\/wp-content\/uploads\/2018\/02\/Trinidad-Port-of-Spain-International-Waterfront-Projesi.jpg\" alt=\"\">\n\t\t\t\t\t\t<\/div><\/a><\/div><div class=\"project-grid-item\"><a href=\"https:\/\/www.mesaimalat.com.tr\/es\/proje\/aeropuerto-de-jeddah\/\">\n                        <div class=\"project-title\">\n\t\t\t\t\t\t\t<h1>Aeropuerto de Jeddah<\/h1>\n\t\t\t\t\t\t\t<h2><\/h2>\n\t\t\t\t\t\t<\/div>\n\t\t\t\t\t\t<div class=\"project-image\">\n\t\t\t\t\t\t\t<img decoding=\"async\" src=\"https:\/\/www.mesaimalat.com.tr\/wp-content\/uploads\/2018\/02\/S.Arabistan-Cidde-Havaalan\u0131.jpg\" alt=\"\">\n\t\t\t\t\t\t<\/div><\/a><\/div><div class=\"project-grid-item\"><a href=\"https:\/\/www.mesaimalat.com.tr\/es\/proje\/aeropuerto-de-tripoli\/\">\n                        <div class=\"project-title\">\n\t\t\t\t\t\t\t<h1>Aeropuerto de Tr\u00edpoli<\/h1>\n\t\t\t\t\t\t\t<h2><\/h2>\n\t\t\t\t\t\t<\/div>\n\t\t\t\t\t\t<div class=\"project-image\">\n\t\t\t\t\t\t\t<img decoding=\"async\" src=\"https:\/\/www.mesaimalat.com.tr\/wp-content\/uploads\/2018\/02\/Libya-Vinci-Tripoli-Havaalan\u0131-Kontrol-Kulesi.jpg\" alt=\"\">\n\t\t\t\t\t\t<\/div><\/a><\/div><div class=\"project-grid-item\"><a href=\"https:\/\/www.mesaimalat.com.tr\/es\/proje\/estadio-tizi-ouzou\/\">\n                        <div class=\"project-title\">\n\t\t\t\t\t\t\t<h1>Estadio Tizi Ouzou<\/h1>\n\t\t\t\t\t\t\t<h2><\/h2>\n\t\t\t\t\t\t<\/div>\n\t\t\t\t\t\t<div class=\"project-image\">\n\t\t\t\t\t\t\t<img decoding=\"async\" src=\"https:\/\/www.mesaimalat.com.tr\/wp-content\/uploads\/2018\/02\/Cezayir-Tizi-Ouzou-Stad\u0131.jpg\" alt=\"\">\n\t\t\t\t\t\t<\/div><\/a><\/div><div class=\"project-grid-item\"><a href=\"https:\/\/www.mesaimalat.com.tr\/es\/proje\/centro-comercial-taurus\/\">\n                        <div class=\"project-title\">\n\t\t\t\t\t\t\t<h1>Centro Comercial Taurus<\/h1>\n\t\t\t\t\t\t\t<h2><\/h2>\n\t\t\t\t\t\t<\/div>\n\t\t\t\t\t\t<div class=\"project-image\">\n\t\t\t\t\t\t\t<img decoding=\"async\" src=\"https:\/\/www.mesaimalat.com.tr\/wp-content\/uploads\/2018\/03\/Taurus-AVM.jpg\" alt=\"\">\n\t\t\t\t\t\t<\/div><\/a><\/div><div class=\"project-grid-item\"><a href=\"https:\/\/www.mesaimalat.com.tr\/es\/proje\/sala-de-conciertos-de-la-orquesta-sinfonica-presidencial\/\">\n                        <div class=\"project-title\">\n\t\t\t\t\t\t\t<h1>Sala de Conciertos de la Orquesta Sinf\u00f3nica Presidencial<\/h1>\n\t\t\t\t\t\t\t<h2><\/h2>\n\t\t\t\t\t\t<\/div>\n\t\t\t\t\t\t<div class=\"project-image\">\n\t\t\t\t\t\t\t<img decoding=\"async\" src=\"https:\/\/www.mesaimalat.com.tr\/wp-content\/uploads\/2018\/03\/CSO-Konser-Salonu.jpg\" alt=\"\">\n\t\t\t\t\t\t<\/div><\/a><\/div><div class=\"project-grid-item\"><a href=\"https:\/\/www.mesaimalat.com.tr\/es\/proje\/hotel-rixos\/\">\n                        <div class=\"project-title\">\n\t\t\t\t\t\t\t<h1>Hotel Rixos<\/h1>\n\t\t\t\t\t\t\t<h2><\/h2>\n\t\t\t\t\t\t<\/div>\n\t\t\t\t\t\t<div class=\"project-image\">\n\t\t\t\t\t\t\t<img decoding=\"async\" src=\"https:\/\/www.mesaimalat.com.tr\/wp-content\/uploads\/2018\/03\/Rixos-Otel.jpg\" alt=\"\">\n\t\t\t\t\t\t<\/div><\/a><\/div><div class=\"project-grid-item\"><a href=\"https:\/\/www.mesaimalat.com.tr\/es\/proje\/terminal-3-aeropuerto-internacional-de-kuwait\/\">\n                        <div class=\"project-title\">\n\t\t\t\t\t\t\t<h1>Terminal 3, Aeropuerto Internacional de Kuwait<\/h1>\n\t\t\t\t\t\t\t<h2><\/h2>\n\t\t\t\t\t\t<\/div>\n\t\t\t\t\t\t<div class=\"project-image\">\n\t\t\t\t\t\t\t<img decoding=\"async\" src=\"https:\/\/www.mesaimalat.com.tr\/wp-content\/uploads\/2018\/03\/Kuveyt-Havaliman\u0131.jpg\" alt=\"\">\n\t\t\t\t\t\t<\/div><\/a><\/div><div class=\"project-grid-item\"><a href=\"https:\/\/www.mesaimalat.com.tr\/es\/proje\/monumento-karsiyaka\/\">\n                        <div class=\"project-title\">\n\t\t\t\t\t\t\t<h1>Monumento Kar\u015f\u0131yaka<\/h1>\n\t\t\t\t\t\t\t<h2><\/h2>\n\t\t\t\t\t\t<\/div>\n\t\t\t\t\t\t<div class=\"project-image\">\n\t\t\t\t\t\t\t<img decoding=\"async\" src=\"https:\/\/www.mesaimalat.com.tr\/wp-content\/uploads\/2018\/03\/Kar\u015f\u0131yaka-An\u0131t-Projesi.jpg\" alt=\"\">\n\t\t\t\t\t\t<\/div><\/a><\/div>\n","protected":false},"excerpt":{"rendered":"Edificio de Gobierno de Turkmenist\u00e1n Hotel Hilton Aeropuerto de Jeddah Aeropuerto de Tr\u00edpoli Estadio Tizi Ouzou Centro Comercial Taurus Sala de Conciertos de la Orquesta Sinf\u00f3nica Presidencial Hotel Rixos Terminal 3, Aeropuerto Internacional de Kuwait Monumento Kar\u015f\u0131yaka","protected":false},"author":1,"featured_media":0,"parent":4985,"menu_order":128,"comment_status":"closed","ping_status":"closed","template":"template-projeler.php","meta":{"ngg_post_thumbnail":0,"footnotes":""},"yst_prominent_words":[],"class_list":["post-5188","page","type-page","status-publish","hentry"],"acf":[],"_links":{"self":[{"href":"https:\/\/www.mesaimalat.com.tr\/es\/wp-json\/wp\/v2\/pages\/5188","targetHints":{"allow":["GET"]}}],"collection":[{"href":"https:\/\/www.mesaimalat.com.tr\/es\/wp-json\/wp\/v2\/pages"}],"about":[{"href":"https:\/\/www.mesaimalat.com.tr\/es\/wp-json\/wp\/v2\/types\/page"}],"author":[{"embeddable":true,"href":"https:\/\/www.mesaimalat.com.tr\/es\/wp-json\/wp\/v2\/users\/1"}],"replies":[{"embeddable":true,"href":"https:\/\/www.mesaimalat.com.tr\/es\/wp-json\/wp\/v2\/comments?post=5188"}],"version-history":[{"count":0,"href":"https:\/\/www.mesaimalat.com.tr\/es\/wp-json\/wp\/v2\/pages\/5188\/revisions"}],"up":[{"embeddable":true,"href":"https:\/\/www.mesaimalat.com.tr\/es\/wp-json\/wp\/v2\/pages\/4985"}],"wp:attachment":[{"href":"https:\/\/www.mesaimalat.com.tr\/es\/wp-json\/wp\/v2\/media?parent=5188"}],"wp:term":[{"taxonomy":"yst_prominent_words","embeddable":true,"href":"https:\/\/www.mesaimalat.com.tr\/es\/wp-json\/wp\/v2\/yst_prominent_words?post=5188"}],"curies":[{"name":"wp","href":"https:\/\/api.w.org\/{rel}","templated":true}]}}