{"id":5192,"date":"2018-02-09T10:36:54","date_gmt":"2018-02-09T07:36:54","guid":{"rendered":"https:\/\/www.mesaimalat.com.tr\/proyectos\/kopru-tunel-projeleri\/"},"modified":"2019-11-26T10:28:19","modified_gmt":"2019-11-26T07:28:19","slug":"proyectos-de-puentes-y-tuneles","status":"publish","type":"page","link":"https:\/\/www.mesaimalat.com.tr\/es\/proyectos\/proyectos-de-puentes-y-tuneles\/","title":{"rendered":"Proyectos de Puentes y T\u00faneles"},"content":{"rendered":"<div class=\"project-grid-item\"><a href=\"https:\/\/www.mesaimalat.com.tr\/es\/proje\/viaducto-de-tizi-ouzou\/\">\n                        <div class=\"project-title\">\n\t\t\t\t\t\t\t<h1>Viaducto de Tizi Ouzou<\/h1>\n\t\t\t\t\t\t\t<h2><\/h2>\n\t\t\t\t\t\t<\/div>\n\t\t\t\t\t\t<div class=\"project-image\">\n\t\t\t\t\t\t\t<img decoding=\"async\" src=\"https:\/\/www.mesaimalat.com.tr\/wp-content\/uploads\/2018\/02\/Cezayir-Tizi-Ouzou-Demiryolu-Viyad\u00fck-aya\u011f\u0131.jpg\" alt=\"\">\n\t\t\t\t\t\t<\/div><\/a><\/div><div class=\"project-grid-item\"><a href=\"https:\/\/www.mesaimalat.com.tr\/es\/proje\/proyecto-del-puente-del-tranvia-d-alger\/\">\n                        <div class=\"project-title\">\n\t\t\t\t\t\t\t<h1>Proyecto del Puente del Tranv\u00eda d 'Alger<\/h1>\n\t\t\t\t\t\t\t<h2><\/h2>\n\t\t\t\t\t\t<\/div>\n\t\t\t\t\t\t<div class=\"project-image\">\n\t\t\t\t\t\t\t<img decoding=\"async\" src=\"https:\/\/www.mesaimalat.com.tr\/wp-content\/uploads\/2018\/02\/Cezayir-TRAMWAY-D-ALGER-Projesi.jpg\" alt=\"\">\n\t\t\t\t\t\t<\/div><\/a><\/div><div class=\"project-grid-item\"><a href=\"https:\/\/www.mesaimalat.com.tr\/es\/proje\/tercer-puente-del-bosforo\/\">\n                        <div class=\"project-title\">\n\t\t\t\t\t\t\t<h1>Tercer Puente del B\u00f3sforo<\/h1>\n\t\t\t\t\t\t\t<h2><\/h2>\n\t\t\t\t\t\t<\/div>\n\t\t\t\t\t\t<div class=\"project-image\">\n\t\t\t\t\t\t\t<img decoding=\"async\" src=\"https:\/\/www.mesaimalat.com.tr\/wp-content\/uploads\/2018\/03\/3-Bo\u011faz-K\u00f6pr\u00fcs\u00fc-1.jpg\" alt=\"\">\n\t\t\t\t\t\t<\/div><\/a><\/div><div class=\"project-grid-item\"><a href=\"https:\/\/www.mesaimalat.com.tr\/es\/proje\/proyecto-de-puente-en-iraq\/\">\n                        <div class=\"project-title\">\n\t\t\t\t\t\t\t<h1>Proyecto de Puente en Iraq<\/h1>\n\t\t\t\t\t\t\t<h2><\/h2>\n\t\t\t\t\t\t<\/div>\n\t\t\t\t\t\t<div class=\"project-image\">\n\t\t\t\t\t\t\t<img decoding=\"async\" src=\"https:\/\/www.mesaimalat.com.tr\/wp-content\/uploads\/2018\/03\/Irak-K\u00f6pr\u00fc-Projesi.jpg\" alt=\"\">\n\t\t\t\t\t\t<\/div><\/a><\/div><div class=\"project-grid-item\"><a href=\"https:\/\/www.mesaimalat.com.tr\/es\/proje\/proyecto-de-puente-en-egipto\/\">\n                        <div class=\"project-title\">\n\t\t\t\t\t\t\t<h1>Proyecto de Puente en Egipto<\/h1>\n\t\t\t\t\t\t\t<h2><\/h2>\n\t\t\t\t\t\t<\/div>\n\t\t\t\t\t\t<div class=\"project-image\">\n\t\t\t\t\t\t\t<img decoding=\"async\" src=\"https:\/\/www.mesaimalat.com.tr\/wp-content\/uploads\/2018\/03\/M\u0131s\u0131r-K\u00f6pr\u00fc-Projesi.jpg\" alt=\"\">\n\t\t\t\t\t\t<\/div><\/a><\/div>\n","protected":false},"excerpt":{"rendered":"Viaducto de Tizi Ouzou Proyecto del Puente del Tranv\u00eda d 'Alger Tercer Puente del B\u00f3sforo Proyecto de Puente en Iraq Proyecto de Puente en Egipto","protected":false},"author":1,"featured_media":0,"parent":4985,"menu_order":133,"comment_status":"closed","ping_status":"closed","template":"template-projeler.php","meta":{"ngg_post_thumbnail":0,"footnotes":""},"yst_prominent_words":[],"class_list":["post-5192","page","type-page","status-publish","hentry"],"acf":[],"_links":{"self":[{"href":"https:\/\/www.mesaimalat.com.tr\/es\/wp-json\/wp\/v2\/pages\/5192","targetHints":{"allow":["GET"]}}],"collection":[{"href":"https:\/\/www.mesaimalat.com.tr\/es\/wp-json\/wp\/v2\/pages"}],"about":[{"href":"https:\/\/www.mesaimalat.com.tr\/es\/wp-json\/wp\/v2\/types\/page"}],"author":[{"embeddable":true,"href":"https:\/\/www.mesaimalat.com.tr\/es\/wp-json\/wp\/v2\/users\/1"}],"replies":[{"embeddable":true,"href":"https:\/\/www.mesaimalat.com.tr\/es\/wp-json\/wp\/v2\/comments?post=5192"}],"version-history":[{"count":0,"href":"https:\/\/www.mesaimalat.com.tr\/es\/wp-json\/wp\/v2\/pages\/5192\/revisions"}],"up":[{"embeddable":true,"href":"https:\/\/www.mesaimalat.com.tr\/es\/wp-json\/wp\/v2\/pages\/4985"}],"wp:attachment":[{"href":"https:\/\/www.mesaimalat.com.tr\/es\/wp-json\/wp\/v2\/media?parent=5192"}],"wp:term":[{"taxonomy":"yst_prominent_words","embeddable":true,"href":"https:\/\/www.mesaimalat.com.tr\/es\/wp-json\/wp\/v2\/yst_prominent_words?post=5192"}],"curies":[{"name":"wp","href":"https:\/\/api.w.org\/{rel}","templated":true}]}}