{"id":5207,"date":"2018-01-26T16:07:20","date_gmt":"2018-01-26T13:07:20","guid":{"rendered":"https:\/\/www.mesaimalat.com.tr\/tunel-kalip-sistemleri\/"},"modified":"2019-11-26T10:48:24","modified_gmt":"2019-11-26T07:48:24","slug":"encofrado-de-tunel","status":"publish","type":"page","link":"https:\/\/www.mesaimalat.com.tr\/es\/productos\/sistemas-de-encofrados\/encofrado-de-tunel\/","title":{"rendered":"Encofrado De Tunel"},"content":{"rendered":"<div class=\"page-all-products-items\"><div class=\"all-project-grid-item\"><a href=\"https:\/\/www.mesaimalat.com.tr\/es\/urun\/mktf\/\">\n                        <div class=\"project-title\">\n\t\t\t\t\t\t\t<h1>MKTF<\/h1>\n\t\t\t\t\t\t\t<h2>Encofrado T\u00fanel Modificado<\/h2>\n\t\t\t\t\t\t<\/div>\n\t\t\t\t\t\t<div class=\"project-image\">\n\t\t\t\t\t\t\t<img decoding=\"async\" src=\"https:\/\/www.mesaimalat.com.tr\/wp-content\/uploads\/2018\/01\/MKTF-Tunel-Kalip-1.png\" alt=\"\">\n\t\t\t\t\t\t<\/div><\/a><\/div><div class=\"all-project-grid-item\"><a href=\"https:\/\/www.mesaimalat.com.tr\/es\/urun\/ertf\/\">\n                        <div class=\"project-title\">\n\t\t\t\t\t\t\t<h1>ERTF<\/h1>\n\t\t\t\t\t\t\t<h2>Encofrado de T\u00fanel Modular<\/h2>\n\t\t\t\t\t\t<\/div>\n\t\t\t\t\t\t<div class=\"project-image\">\n\t\t\t\t\t\t\t<img decoding=\"async\" src=\"https:\/\/www.mesaimalat.com.tr\/wp-content\/uploads\/2018\/01\/ERTF-1.png\" alt=\"\">\n\t\t\t\t\t\t<\/div><\/a><\/div><div class=\"all-project-grid-item\"><a href=\"https:\/\/www.mesaimalat.com.tr\/es\/urun\/trtf\/\">\n                        <div class=\"project-title\">\n\t\t\t\t\t\t\t<h1>TRTF<\/h1>\n\t\t\t\t\t\t\t<h2>El Sistema Cl\u00e1sico de Encofrado T\u00fanel <\/h2>\n\t\t\t\t\t\t<\/div>\n\t\t\t\t\t\t<div class=\"project-image\">\n\t\t\t\t\t\t\t<img decoding=\"async\" src=\"https:\/\/www.mesaimalat.com.tr\/wp-content\/uploads\/2018\/01\/TRTF-1.png\" alt=\"\">\n\t\t\t\t\t\t<\/div><\/a><\/div><\/div>\n","protected":false},"excerpt":{"rendered":"MKTF Encofrado T\u00fanel Modificado ERTF Encofrado de T\u00fanel Modular TRTF El Sistema Cl\u00e1sico de Encofrado T\u00fanel","protected":false},"author":1,"featured_media":0,"parent":5269,"menu_order":235,"comment_status":"closed","ping_status":"closed","template":"template-urunsistemler.php","meta":{"ngg_post_thumbnail":0,"footnotes":""},"yst_prominent_words":[],"class_list":["post-5207","page","type-page","status-publish","hentry"],"acf":[],"_links":{"self":[{"href":"https:\/\/www.mesaimalat.com.tr\/es\/wp-json\/wp\/v2\/pages\/5207","targetHints":{"allow":["GET"]}}],"collection":[{"href":"https:\/\/www.mesaimalat.com.tr\/es\/wp-json\/wp\/v2\/pages"}],"about":[{"href":"https:\/\/www.mesaimalat.com.tr\/es\/wp-json\/wp\/v2\/types\/page"}],"author":[{"embeddable":true,"href":"https:\/\/www.mesaimalat.com.tr\/es\/wp-json\/wp\/v2\/users\/1"}],"replies":[{"embeddable":true,"href":"https:\/\/www.mesaimalat.com.tr\/es\/wp-json\/wp\/v2\/comments?post=5207"}],"version-history":[{"count":0,"href":"https:\/\/www.mesaimalat.com.tr\/es\/wp-json\/wp\/v2\/pages\/5207\/revisions"}],"up":[{"embeddable":true,"href":"https:\/\/www.mesaimalat.com.tr\/es\/wp-json\/wp\/v2\/pages\/5269"}],"wp:attachment":[{"href":"https:\/\/www.mesaimalat.com.tr\/es\/wp-json\/wp\/v2\/media?parent=5207"}],"wp:term":[{"taxonomy":"yst_prominent_words","embeddable":true,"href":"https:\/\/www.mesaimalat.com.tr\/es\/wp-json\/wp\/v2\/yst_prominent_words?post=5207"}],"curies":[{"name":"wp","href":"https:\/\/api.w.org\/{rel}","templated":true}]}}