{"id":12298,"date":"2020-06-26T08:42:27","date_gmt":"2020-06-26T05:42:27","guid":{"rendered":"https:\/\/www.mesaimalat.com.tr\/produits\/les-systemes-speciaux-de-coffrage\/sleeper-moulds\/"},"modified":"2024-08-20T10:52:31","modified_gmt":"2024-08-20T07:52:31","slug":"sleeper-moulds","status":"publish","type":"page","link":"https:\/\/www.mesaimalat.com.tr\/fr\/produits\/les-systemes-speciaux-de-coffrage\/sleeper-moulds\/","title":{"rendered":"Moule \u00e0 traverses"},"content":{"rendered":"<div class=\"page-all-products-items\"><div class=\"all-project-grid-item\"><a href=\"https:\/\/www.mesaimalat.com.tr\/fr\/urun\/b07\/\">\n                        <div class=\"project-title\">\n\t\t\t\t\t\t\t<h1>B07<\/h1>\n\t\t\t\t\t\t\t<h2>Moule des syst\u00e8mes ferroviaires<\/h2>\n\t\t\t\t\t\t<\/div>\n\t\t\t\t\t\t<div class=\"project-image\">\n\t\t\t\t\t\t\t<img decoding=\"async\" src=\"https:\/\/www.mesaimalat.com.tr\/wp-content\/uploads\/2023\/10\/B07-travers-2.png\" alt=\"\">\n\t\t\t\t\t\t<\/div><\/a><\/div><div class=\"all-project-grid-item\"><a href=\"https:\/\/www.mesaimalat.com.tr\/fr\/urun\/turnout-bearers\/\">\n                        <div class=\"project-title\">\n\t\t\t\t\t\t\t<h1>PORTEURS D'AIGUILLAGE<\/h1>\n\t\t\t\t\t\t\t<h2>Moule des syst\u00e8mes ferroviaires<\/h2>\n\t\t\t\t\t\t<\/div>\n\t\t\t\t\t\t<div class=\"project-image\">\n\t\t\t\t\t\t\t<img decoding=\"async\" src=\"https:\/\/www.mesaimalat.com.tr\/wp-content\/uploads\/2023\/10\/Makas-travers-4.png\" alt=\"\">\n\t\t\t\t\t\t<\/div><\/a><\/div><div class=\"all-project-grid-item\"><a href=\"https:\/\/www.mesaimalat.com.tr\/fr\/urun\/heavy-haul\/\">\n                        <div class=\"project-title\">\n\t\t\t\t\t\t\t<h1>TRANSPORT LOURD<\/h1>\n\t\t\t\t\t\t\t<h2>Moule des syst\u00e8mes ferroviaires<\/h2>\n\t\t\t\t\t\t<\/div>\n\t\t\t\t\t\t<div class=\"project-image\">\n\t\t\t\t\t\t\t<img decoding=\"async\" src=\"https:\/\/www.mesaimalat.com.tr\/wp-content\/uploads\/2023\/10\/heavy-haul-travers-2.png\" alt=\"\">\n\t\t\t\t\t\t<\/div><\/a><\/div><\/div>\n","protected":false},"excerpt":{"rendered":"B07 Moule des syst\u00e8mes ferroviaires PORTEURS D'AIGUILLAGE Moule des syst\u00e8mes ferroviaires TRANSPORT LOURD Moule des syst\u00e8mes ferroviaires","protected":false},"author":2,"featured_media":0,"parent":2398,"menu_order":237,"comment_status":"closed","ping_status":"closed","template":"template-urunsistemler.php","meta":{"ngg_post_thumbnail":0,"footnotes":""},"yst_prominent_words":[],"class_list":["post-12298","page","type-page","status-publish","hentry"],"acf":[],"_links":{"self":[{"href":"https:\/\/www.mesaimalat.com.tr\/fr\/wp-json\/wp\/v2\/pages\/12298","targetHints":{"allow":["GET"]}}],"collection":[{"href":"https:\/\/www.mesaimalat.com.tr\/fr\/wp-json\/wp\/v2\/pages"}],"about":[{"href":"https:\/\/www.mesaimalat.com.tr\/fr\/wp-json\/wp\/v2\/types\/page"}],"author":[{"embeddable":true,"href":"https:\/\/www.mesaimalat.com.tr\/fr\/wp-json\/wp\/v2\/users\/2"}],"replies":[{"embeddable":true,"href":"https:\/\/www.mesaimalat.com.tr\/fr\/wp-json\/wp\/v2\/comments?post=12298"}],"version-history":[{"count":0,"href":"https:\/\/www.mesaimalat.com.tr\/fr\/wp-json\/wp\/v2\/pages\/12298\/revisions"}],"up":[{"embeddable":true,"href":"https:\/\/www.mesaimalat.com.tr\/fr\/wp-json\/wp\/v2\/pages\/2398"}],"wp:attachment":[{"href":"https:\/\/www.mesaimalat.com.tr\/fr\/wp-json\/wp\/v2\/media?parent=12298"}],"wp:term":[{"taxonomy":"yst_prominent_words","embeddable":true,"href":"https:\/\/www.mesaimalat.com.tr\/fr\/wp-json\/wp\/v2\/yst_prominent_words?post=12298"}],"curies":[{"name":"wp","href":"https:\/\/api.w.org\/{rel}","templated":true}]}}