{"id":2298,"date":"2018-04-24T14:26:32","date_gmt":"2018-04-24T11:26:32","guid":{"rendered":"https:\/\/mesaimalat.com.tr\/les-prestations\/le-service-apres-vente\/"},"modified":"2024-08-20T23:18:24","modified_gmt":"2024-08-20T20:18:24","slug":"le-service-apres-vente","status":"publish","type":"page","link":"https:\/\/www.mesaimalat.com.tr\/fr\/les-prestations\/le-service-apres-vente\/","title":{"rendered":"Le service apr\u00e8s-vente"},"content":{"rendered":"<div class=\"wpb-content-wrapper\"><p>[vc_row][vc_column width=\u00a0\u00bb1\/2&Prime;][vc_column_text]Pour MESA \u0130MALAT, le service apr\u00e8s-vente est une partie int\u00e9grante de la politique de prestation. Avec son personnel technique exp\u00e9riment\u00e9, le soutien technique n\u00e9cessaire est assur\u00e9 \u00e0 nos clients dans chaque chantier quel que soit son emplacement au niveau mondial.[\/vc_column_text][\/vc_column][vc_column width=\u00a0\u00bb1\/2&Prime;][vc_column_text]Lors de l\u2019ensemble de nos projets, le montage du syst\u00e8me de coffrage et le premier coulage de b\u00e9ton sont r\u00e9alis\u00e9s sous la surveillance des superviseurs MESA \u0130MALAT. Ainsi, \u00e0 la fois le montage correct du syst\u00e8me est assur\u00e9 et \u00e0 la fois le personnel de l\u2019entrepreneur re\u00e7oit la formation n\u00e9cessaire pour l\u2019utilisation. En tant que MESA \u0130MALAT, la dur\u00e9e du soutien technique au chantier varie en fonction des demandes des clients et des caract\u00e9ristiques du projet.[\/vc_column_text][\/vc_column][\/vc_row]<\/p>\n<\/div>","protected":false},"excerpt":{"rendered":"[vc_row][vc_column width=\u00a0\u00bb1\/2&Prime;][vc_column_text]Pour MESA \u0130MALAT, le service apr\u00e8s-vente est une partie int\u00e9grante de la politique de prestation. Avec son personnel technique exp\u00e9riment\u00e9, le soutien technique n\u00e9cessaire est assur\u00e9 \u00e0 nos clients dans chaque chantier quel que soit son emplacement au niveau mondial.[\/vc_column_text][\/vc_column][vc_column width=\u00a0\u00bb1\/2&Prime;][vc_column_text]Lors de l\u2019ensemble de nos projets, le montage du syst\u00e8me de coffrage et le&#8230; <a class=\"view-article\" href=\"https:\/\/www.mesaimalat.com.tr\/fr\/les-prestations\/le-service-apres-vente\/\">Voir l&rsquo;article<\/a>","protected":false},"author":1,"featured_media":8474,"parent":2292,"menu_order":21,"comment_status":"closed","ping_status":"closed","template":"template-page.php","meta":{"ngg_post_thumbnail":0,"footnotes":""},"yst_prominent_words":[],"class_list":["post-2298","page","type-page","status-publish","has-post-thumbnail","hentry"],"acf":[],"_links":{"self":[{"href":"https:\/\/www.mesaimalat.com.tr\/fr\/wp-json\/wp\/v2\/pages\/2298","targetHints":{"allow":["GET"]}}],"collection":[{"href":"https:\/\/www.mesaimalat.com.tr\/fr\/wp-json\/wp\/v2\/pages"}],"about":[{"href":"https:\/\/www.mesaimalat.com.tr\/fr\/wp-json\/wp\/v2\/types\/page"}],"author":[{"embeddable":true,"href":"https:\/\/www.mesaimalat.com.tr\/fr\/wp-json\/wp\/v2\/users\/1"}],"replies":[{"embeddable":true,"href":"https:\/\/www.mesaimalat.com.tr\/fr\/wp-json\/wp\/v2\/comments?post=2298"}],"version-history":[{"count":0,"href":"https:\/\/www.mesaimalat.com.tr\/fr\/wp-json\/wp\/v2\/pages\/2298\/revisions"}],"up":[{"embeddable":true,"href":"https:\/\/www.mesaimalat.com.tr\/fr\/wp-json\/wp\/v2\/pages\/2292"}],"wp:featuredmedia":[{"embeddable":true,"href":"https:\/\/www.mesaimalat.com.tr\/fr\/wp-json\/wp\/v2\/media\/8474"}],"wp:attachment":[{"href":"https:\/\/www.mesaimalat.com.tr\/fr\/wp-json\/wp\/v2\/media?parent=2298"}],"wp:term":[{"taxonomy":"yst_prominent_words","embeddable":true,"href":"https:\/\/www.mesaimalat.com.tr\/fr\/wp-json\/wp\/v2\/yst_prominent_words?post=2298"}],"curies":[{"name":"wp","href":"https:\/\/api.w.org\/{rel}","templated":true}]}}