{"id":2304,"date":"2018-04-24T14:27:35","date_gmt":"2018-04-24T11:27:35","guid":{"rendered":"https:\/\/mesaimalat.com.tr\/les-prestations\/les-programmes-de-formation-et-de-certification\/"},"modified":"2024-08-20T23:13:36","modified_gmt":"2024-08-20T20:13:36","slug":"les-programmes-de-formation-et-de-certification","status":"publish","type":"page","link":"https:\/\/www.mesaimalat.com.tr\/fr\/les-prestations\/les-programmes-de-formation-et-de-certification\/","title":{"rendered":"Les programmes de formation et de certification"},"content":{"rendered":"<div class=\"wpb-content-wrapper\"><p>[vc_row][vc_column][vc_column_text]MESA IMALAT pr\u00e9sente aussi \u00e0 ses clients des programmes de formation et de certification pour l\u2019utilisation correcte et s\u00e9curis\u00e9e des syst\u00e8mes de coffrage[\/vc_column_text][\/vc_column][\/vc_row]<\/p>\n<\/div>","protected":false},"excerpt":{"rendered":"[vc_row][vc_column][vc_column_text]MESA IMALAT pr\u00e9sente aussi \u00e0 ses clients des programmes de formation et de certification pour l\u2019utilisation correcte et s\u00e9curis\u00e9e des syst\u00e8mes de coffrage[\/vc_column_text][\/vc_column][\/vc_row]","protected":false},"author":1,"featured_media":8485,"parent":2292,"menu_order":10,"comment_status":"closed","ping_status":"closed","template":"template-page.php","meta":{"ngg_post_thumbnail":0,"footnotes":""},"yst_prominent_words":[],"class_list":["post-2304","page","type-page","status-publish","has-post-thumbnail","hentry"],"acf":[],"_links":{"self":[{"href":"https:\/\/www.mesaimalat.com.tr\/fr\/wp-json\/wp\/v2\/pages\/2304","targetHints":{"allow":["GET"]}}],"collection":[{"href":"https:\/\/www.mesaimalat.com.tr\/fr\/wp-json\/wp\/v2\/pages"}],"about":[{"href":"https:\/\/www.mesaimalat.com.tr\/fr\/wp-json\/wp\/v2\/types\/page"}],"author":[{"embeddable":true,"href":"https:\/\/www.mesaimalat.com.tr\/fr\/wp-json\/wp\/v2\/users\/1"}],"replies":[{"embeddable":true,"href":"https:\/\/www.mesaimalat.com.tr\/fr\/wp-json\/wp\/v2\/comments?post=2304"}],"version-history":[{"count":0,"href":"https:\/\/www.mesaimalat.com.tr\/fr\/wp-json\/wp\/v2\/pages\/2304\/revisions"}],"up":[{"embeddable":true,"href":"https:\/\/www.mesaimalat.com.tr\/fr\/wp-json\/wp\/v2\/pages\/2292"}],"wp:featuredmedia":[{"embeddable":true,"href":"https:\/\/www.mesaimalat.com.tr\/fr\/wp-json\/wp\/v2\/media\/8485"}],"wp:attachment":[{"href":"https:\/\/www.mesaimalat.com.tr\/fr\/wp-json\/wp\/v2\/media?parent=2304"}],"wp:term":[{"taxonomy":"yst_prominent_words","embeddable":true,"href":"https:\/\/www.mesaimalat.com.tr\/fr\/wp-json\/wp\/v2\/yst_prominent_words?post=2304"}],"curies":[{"name":"wp","href":"https:\/\/api.w.org\/{rel}","templated":true}]}}