{"id":2306,"date":"2018-04-24T14:29:00","date_gmt":"2018-04-24T11:29:00","guid":{"rendered":"https:\/\/mesaimalat.com.tr\/les-prestations\/la-logistique\/"},"modified":"2024-08-20T23:16:52","modified_gmt":"2024-08-20T20:16:52","slug":"la-logistique","status":"publish","type":"page","link":"https:\/\/www.mesaimalat.com.tr\/fr\/les-prestations\/la-logistique\/","title":{"rendered":"La logistique"},"content":{"rendered":"<div class=\"wpb-content-wrapper\"><p>[vc_row][vc_column][vc_column_text]O\u00f9 que soit votre projet dans le monde entier, MESA IMALAT assure le service logistique n\u00e9cessaire pour l\u2019exp\u00e9dition s\u00e9curis\u00e9e et dans les temps des produits. Notre \u00e9quipe logistique exp\u00e9riment\u00e9e assure la livraison des mat\u00e9riaux dans le site avec la voie routi\u00e8re, a\u00e9rienne ou maritime et de la mani\u00e8re la plus \u00e9conomique et la plus rapide.[\/vc_column_text][\/vc_column][\/vc_row]<\/p>\n<\/div>","protected":false},"excerpt":{"rendered":"[vc_row][vc_column][vc_column_text]O\u00f9 que soit votre projet dans le monde entier, MESA IMALAT assure le service logistique n\u00e9cessaire pour l\u2019exp\u00e9dition s\u00e9curis\u00e9e et dans les temps des produits. Notre \u00e9quipe logistique exp\u00e9riment\u00e9e assure la livraison des mat\u00e9riaux dans le site avec la voie routi\u00e8re, a\u00e9rienne ou maritime et de la mani\u00e8re la plus \u00e9conomique et la plus rapide.[\/vc_column_text][\/vc_column][\/vc_row]","protected":false},"author":1,"featured_media":8479,"parent":2292,"menu_order":16,"comment_status":"closed","ping_status":"closed","template":"template-page.php","meta":{"ngg_post_thumbnail":0,"footnotes":""},"yst_prominent_words":[],"class_list":["post-2306","page","type-page","status-publish","has-post-thumbnail","hentry"],"acf":[],"_links":{"self":[{"href":"https:\/\/www.mesaimalat.com.tr\/fr\/wp-json\/wp\/v2\/pages\/2306","targetHints":{"allow":["GET"]}}],"collection":[{"href":"https:\/\/www.mesaimalat.com.tr\/fr\/wp-json\/wp\/v2\/pages"}],"about":[{"href":"https:\/\/www.mesaimalat.com.tr\/fr\/wp-json\/wp\/v2\/types\/page"}],"author":[{"embeddable":true,"href":"https:\/\/www.mesaimalat.com.tr\/fr\/wp-json\/wp\/v2\/users\/1"}],"replies":[{"embeddable":true,"href":"https:\/\/www.mesaimalat.com.tr\/fr\/wp-json\/wp\/v2\/comments?post=2306"}],"version-history":[{"count":0,"href":"https:\/\/www.mesaimalat.com.tr\/fr\/wp-json\/wp\/v2\/pages\/2306\/revisions"}],"up":[{"embeddable":true,"href":"https:\/\/www.mesaimalat.com.tr\/fr\/wp-json\/wp\/v2\/pages\/2292"}],"wp:featuredmedia":[{"embeddable":true,"href":"https:\/\/www.mesaimalat.com.tr\/fr\/wp-json\/wp\/v2\/media\/8479"}],"wp:attachment":[{"href":"https:\/\/www.mesaimalat.com.tr\/fr\/wp-json\/wp\/v2\/media?parent=2306"}],"wp:term":[{"taxonomy":"yst_prominent_words","embeddable":true,"href":"https:\/\/www.mesaimalat.com.tr\/fr\/wp-json\/wp\/v2\/yst_prominent_words?post=2306"}],"curies":[{"name":"wp","href":"https:\/\/api.w.org\/{rel}","templated":true}]}}