{"id":2313,"date":"2018-04-24T14:41:57","date_gmt":"2018-04-24T11:41:57","guid":{"rendered":"https:\/\/mesaimalat.com.tr\/les-projets\/les-projets-des-logements\/"},"modified":"2018-04-24T14:42:05","modified_gmt":"2018-04-24T11:42:05","slug":"les-projets-des-logements","status":"publish","type":"page","link":"https:\/\/www.mesaimalat.com.tr\/fr\/les-projets\/les-projets-des-logements\/","title":{"rendered":"Les projets des logements"},"content":{"rendered":"<div class=\"project-grid-item\"><a href=\"https:\/\/www.mesaimalat.com.tr\/fr\/proje\/projet-des-villas-west-yas\/\">\n                        <div class=\"project-title\">\n\t\t\t\t\t\t\t<h1>Projet des Villas West Yas<\/h1>\n\t\t\t\t\t\t\t<h2><\/h2>\n\t\t\t\t\t\t<\/div>\n\t\t\t\t\t\t<div class=\"project-image\">\n\t\t\t\t\t\t\t<img decoding=\"async\" src=\"https:\/\/www.mesaimalat.com.tr\/wp-content\/uploads\/2018\/02\/Abu-Dhabi-West-Yas-Villas.jpg\" alt=\"\">\n\t\t\t\t\t\t<\/div><\/a><\/div><div class=\"project-grid-item\"><a href=\"https:\/\/www.mesaimalat.com.tr\/fr\/proje\/projet-twin-tower\/\">\n                        <div class=\"project-title\">\n\t\t\t\t\t\t\t<h1>Projet Twin Tower<\/h1>\n\t\t\t\t\t\t\t<h2><\/h2>\n\t\t\t\t\t\t<\/div>\n\t\t\t\t\t\t<div class=\"project-image\">\n\t\t\t\t\t\t\t<img decoding=\"async\" src=\"https:\/\/www.mesaimalat.com.tr\/wp-content\/uploads\/2018\/03\/Twin-Tower.jpg\" alt=\"\">\n\t\t\t\t\t\t<\/div><\/a><\/div><div class=\"project-grid-item\"><a href=\"https:\/\/www.mesaimalat.com.tr\/fr\/proje\/projet-des-villas-saudi-arabian-national-guard-sang\/\">\n                        <div class=\"project-title\">\n\t\t\t\t\t\t\t<h1>Projet des Villas Saudi Arabian National Guard (SANG)<\/h1>\n\t\t\t\t\t\t\t<h2><\/h2>\n\t\t\t\t\t\t<\/div>\n\t\t\t\t\t\t<div class=\"project-image\">\n\t\t\t\t\t\t\t<img decoding=\"async\" src=\"https:\/\/www.mesaimalat.com.tr\/wp-content\/uploads\/2018\/02\/Suudi-Arabistan-Bin-Laden-Sang-Villas.jpg\" alt=\"\">\n\t\t\t\t\t\t<\/div><\/a><\/div><div class=\"project-grid-item\"><a href=\"https:\/\/www.mesaimalat.com.tr\/fr\/proje\/projet-des-logements-de-constantine\/\">\n                        <div class=\"project-title\">\n\t\t\t\t\t\t\t<h1>Projet des Logements de Constantine<\/h1>\n\t\t\t\t\t\t\t<h2><\/h2>\n\t\t\t\t\t\t<\/div>\n\t\t\t\t\t\t<div class=\"project-image\">\n\t\t\t\t\t\t\t<img decoding=\"async\" src=\"https:\/\/www.mesaimalat.com.tr\/wp-content\/uploads\/2018\/03\/Konstantin.jpg\" alt=\"\">\n\t\t\t\t\t\t<\/div><\/a><\/div><div class=\"project-grid-item\"><a href=\"https:\/\/www.mesaimalat.com.tr\/fr\/proje\/projet-des-logements-reghaia\/\">\n                        <div class=\"project-title\">\n\t\t\t\t\t\t\t<h1>Projet des Logements Reghaia<\/h1>\n\t\t\t\t\t\t\t<h2><\/h2>\n\t\t\t\t\t\t<\/div>\n\t\t\t\t\t\t<div class=\"project-image\">\n\t\t\t\t\t\t\t<img decoding=\"async\" src=\"https:\/\/www.mesaimalat.com.tr\/wp-content\/uploads\/2018\/03\/Reghaia.jpg\" alt=\"\">\n\t\t\t\t\t\t<\/div><\/a><\/div><div class=\"project-grid-item\"><a href=\"https:\/\/www.mesaimalat.com.tr\/fr\/proje\/projet-des-tunnels-buleyde\/\">\n                        <div class=\"project-title\">\n\t\t\t\t\t\t\t<h1>Projet des tunnels Buleyde<\/h1>\n\t\t\t\t\t\t\t<h2><\/h2>\n\t\t\t\t\t\t<\/div>\n\t\t\t\t\t\t<div class=\"project-image\">\n\t\t\t\t\t\t\t<img decoding=\"async\" src=\"https:\/\/www.mesaimalat.com.tr\/wp-content\/uploads\/2018\/03\/Buleyde.jpg\" alt=\"\">\n\t\t\t\t\t\t<\/div><\/a><\/div><div class=\"project-grid-item\"><a href=\"https:\/\/www.mesaimalat.com.tr\/fr\/proje\/projet-ispartakule-des-logements-europe\/\">\n                        <div class=\"project-title\">\n\t\t\t\t\t\t\t<h1>Projet Ispartakule des Logements Europe<\/h1>\n\t\t\t\t\t\t\t<h2><\/h2>\n\t\t\t\t\t\t<\/div>\n\t\t\t\t\t\t<div class=\"project-image\">\n\t\t\t\t\t\t\t<img decoding=\"async\" src=\"https:\/\/www.mesaimalat.com.tr\/wp-content\/uploads\/2018\/03\/Avrupa-Konutlar\u0131.jpg\" alt=\"\">\n\t\t\t\t\t\t<\/div><\/a><\/div><div class=\"project-grid-item\"><a href=\"https:\/\/www.mesaimalat.com.tr\/fr\/proje\/projet-des-logements-my-world-europe\/\">\n                        <div class=\"project-title\">\n\t\t\t\t\t\t\t<h1>Projet des Logements My World Europe<\/h1>\n\t\t\t\t\t\t\t<h2><\/h2>\n\t\t\t\t\t\t<\/div>\n\t\t\t\t\t\t<div class=\"project-image\">\n\t\t\t\t\t\t\t<img decoding=\"async\" src=\"https:\/\/www.mesaimalat.com.tr\/wp-content\/uploads\/2018\/02\/T\u00fcrkiye-A\u011fao\u011flu-Ayazma.jpg\" alt=\"\">\n\t\t\t\t\t\t<\/div><\/a><\/div><div class=\"project-grid-item\"><a href=\"https:\/\/www.mesaimalat.com.tr\/fr\/proje\/projet-tual-bahcekent\/\">\n                        <div class=\"project-title\">\n\t\t\t\t\t\t\t<h1>Projet Tual Bah\u00e7ekent<\/h1>\n\t\t\t\t\t\t\t<h2><\/h2>\n\t\t\t\t\t\t<\/div>\n\t\t\t\t\t\t<div class=\"project-image\">\n\t\t\t\t\t\t\t<img decoding=\"async\" src=\"https:\/\/www.mesaimalat.com.tr\/wp-content\/uploads\/2018\/03\/Tual-Bah\u00e7ekent.jpg\" alt=\"\">\n\t\t\t\t\t\t<\/div><\/a><\/div><div class=\"project-grid-item\"><a href=\"https:\/\/www.mesaimalat.com.tr\/fr\/proje\/projet-park-oran\/\">\n                        <div class=\"project-title\">\n\t\t\t\t\t\t\t<h1>Projet Park Oran<\/h1>\n\t\t\t\t\t\t\t<h2><\/h2>\n\t\t\t\t\t\t<\/div>\n\t\t\t\t\t\t<div class=\"project-image\">\n\t\t\t\t\t\t\t<img decoding=\"async\" src=\"https:\/\/www.mesaimalat.com.tr\/wp-content\/uploads\/2018\/02\/T\u00fcrkiye-Parkoran.jpg\" alt=\"\">\n\t\t\t\t\t\t<\/div><\/a><\/div><div class=\"project-grid-item\"><a href=\"https:\/\/www.mesaimalat.com.tr\/fr\/proje\/projet-ottomanors\/\">\n                        <div class=\"project-title\">\n\t\t\t\t\t\t\t<h1>Projet Ottomanors<\/h1>\n\t\t\t\t\t\t\t<h2><\/h2>\n\t\t\t\t\t\t<\/div>\n\t\t\t\t\t\t<div class=\"project-image\">\n\t\t\t\t\t\t\t<img decoding=\"async\" src=\"https:\/\/www.mesaimalat.com.tr\/wp-content\/uploads\/2018\/03\/Ottomanors.jpg\" alt=\"\">\n\t\t\t\t\t\t<\/div><\/a><\/div><div class=\"project-grid-item\"><a href=\"https:\/\/www.mesaimalat.com.tr\/fr\/proje\/projet-nida-park\/\">\n                        <div class=\"project-title\">\n\t\t\t\t\t\t\t<h1>Projet Nida Park<\/h1>\n\t\t\t\t\t\t\t<h2><\/h2>\n\t\t\t\t\t\t<\/div>\n\t\t\t\t\t\t<div class=\"project-image\">\n\t\t\t\t\t\t\t<img decoding=\"async\" src=\"https:\/\/www.mesaimalat.com.tr\/wp-content\/uploads\/2018\/03\/Nida-Park.jpg\" alt=\"\">\n\t\t\t\t\t\t<\/div><\/a><\/div><div class=\"project-grid-item\"><a href=\"https:\/\/www.mesaimalat.com.tr\/fr\/proje\/projet-tema-istanbul\/\">\n                        <div class=\"project-title\">\n\t\t\t\t\t\t\t<h1>Projet Tema Istanbul<\/h1>\n\t\t\t\t\t\t\t<h2><\/h2>\n\t\t\t\t\t\t<\/div>\n\t\t\t\t\t\t<div class=\"project-image\">\n\t\t\t\t\t\t\t<img decoding=\"async\" src=\"https:\/\/www.mesaimalat.com.tr\/wp-content\/uploads\/2018\/02\/T\u00fcrkiye-Tema-\u0130stanbul.jpg\" alt=\"\">\n\t\t\t\t\t\t<\/div><\/a><\/div><div class=\"project-grid-item\"><a href=\"https:\/\/www.mesaimalat.com.tr\/fr\/proje\/projets-de-transformation-urbaine-toki\/\">\n                        <div class=\"project-title\">\n\t\t\t\t\t\t\t<h1>Projets de Transformation Urbaine TOKI<\/h1>\n\t\t\t\t\t\t\t<h2><\/h2>\n\t\t\t\t\t\t<\/div>\n\t\t\t\t\t\t<div class=\"project-image\">\n\t\t\t\t\t\t\t<img decoding=\"async\" src=\"https:\/\/www.mesaimalat.com.tr\/wp-content\/uploads\/2018\/03\/TOK\u0130-Kentsel-D\u00f6n\u00fc\u015f\u00fcm.jpg\" alt=\"\">\n\t\t\t\t\t\t<\/div><\/a><\/div><div class=\"project-grid-item\"><a href=\"https:\/\/www.mesaimalat.com.tr\/fr\/proje\/projet-innovia\/\">\n                        <div class=\"project-title\">\n\t\t\t\t\t\t\t<h1>Projet Innovia<\/h1>\n\t\t\t\t\t\t\t<h2><\/h2>\n\t\t\t\t\t\t<\/div>\n\t\t\t\t\t\t<div class=\"project-image\">\n\t\t\t\t\t\t\t<img decoding=\"async\" src=\"https:\/\/www.mesaimalat.com.tr\/wp-content\/uploads\/2018\/03\/Innovia.jpg\" alt=\"\">\n\t\t\t\t\t\t<\/div><\/a><\/div>\n","protected":false},"excerpt":{"rendered":"Projet des Villas West Yas Projet Twin Tower Projet des Villas Saudi Arabian National Guard (SANG) Projet des Logements de Constantine Projet des Logements Reghaia Projet des tunnels Buleyde Projet Ispartakule des Logements Europe Projet des Logements My World Europe Projet Tual Bah\u00e7ekent Projet Park Oran Projet Ottomanors Projet Nida Park Projet Tema Istanbul Projets... <a class=\"view-article\" href=\"https:\/\/www.mesaimalat.com.tr\/fr\/les-projets\/les-projets-des-logements\/\">Voir l'article<\/a>","protected":false},"author":1,"featured_media":0,"parent":2309,"menu_order":122,"comment_status":"closed","ping_status":"closed","template":"template-projeler.php","meta":{"ngg_post_thumbnail":0,"footnotes":""},"yst_prominent_words":[],"class_list":["post-2313","page","type-page","status-publish","hentry"],"acf":[],"_links":{"self":[{"href":"https:\/\/www.mesaimalat.com.tr\/fr\/wp-json\/wp\/v2\/pages\/2313","targetHints":{"allow":["GET"]}}],"collection":[{"href":"https:\/\/www.mesaimalat.com.tr\/fr\/wp-json\/wp\/v2\/pages"}],"about":[{"href":"https:\/\/www.mesaimalat.com.tr\/fr\/wp-json\/wp\/v2\/types\/page"}],"author":[{"embeddable":true,"href":"https:\/\/www.mesaimalat.com.tr\/fr\/wp-json\/wp\/v2\/users\/1"}],"replies":[{"embeddable":true,"href":"https:\/\/www.mesaimalat.com.tr\/fr\/wp-json\/wp\/v2\/comments?post=2313"}],"version-history":[{"count":0,"href":"https:\/\/www.mesaimalat.com.tr\/fr\/wp-json\/wp\/v2\/pages\/2313\/revisions"}],"up":[{"embeddable":true,"href":"https:\/\/www.mesaimalat.com.tr\/fr\/wp-json\/wp\/v2\/pages\/2309"}],"wp:attachment":[{"href":"https:\/\/www.mesaimalat.com.tr\/fr\/wp-json\/wp\/v2\/media?parent=2313"}],"wp:term":[{"taxonomy":"yst_prominent_words","embeddable":true,"href":"https:\/\/www.mesaimalat.com.tr\/fr\/wp-json\/wp\/v2\/yst_prominent_words?post=2313"}],"curies":[{"name":"wp","href":"https:\/\/api.w.org\/{rel}","templated":true}]}}