{"id":2318,"date":"2018-04-24T14:45:36","date_gmt":"2018-04-24T11:45:36","guid":{"rendered":"https:\/\/mesaimalat.com.tr\/les-projets\/les-projets-de-pont-et-de-tunnel\/"},"modified":"2018-04-24T14:45:36","modified_gmt":"2018-04-24T11:45:36","slug":"les-projets-de-pont-et-de-tunnel","status":"publish","type":"page","link":"https:\/\/www.mesaimalat.com.tr\/fr\/les-projets\/les-projets-de-pont-et-de-tunnel\/","title":{"rendered":"Les projets de pont et de tunnel"},"content":{"rendered":"<div class=\"project-grid-item\"><a href=\"https:\/\/www.mesaimalat.com.tr\/fr\/proje\/pilier-du-viaduc-de-la-voie-ferroviaire-de-tizi-ouzou\/\">\n                        <div class=\"project-title\">\n\t\t\t\t\t\t\t<h1>Pilier du viaduc de la voie ferroviaire de Tizi Ouzou<\/h1>\n\t\t\t\t\t\t\t<h2><\/h2>\n\t\t\t\t\t\t<\/div>\n\t\t\t\t\t\t<div class=\"project-image\">\n\t\t\t\t\t\t\t<img decoding=\"async\" src=\"https:\/\/www.mesaimalat.com.tr\/wp-content\/uploads\/2018\/02\/Cezayir-Tizi-Ouzou-Demiryolu-Viyad\u00fck-aya\u011f\u0131.jpg\" alt=\"\">\n\t\t\t\t\t\t<\/div><\/a><\/div><div class=\"project-grid-item\"><a href=\"https:\/\/www.mesaimalat.com.tr\/fr\/proje\/projet-du-pont-de-la-ligne-de-tramway-du-tramway-dalger\/\">\n                        <div class=\"project-title\">\n\t\t\t\t\t\t\t<h1>Projet du pont de la ligne de tramway du Tramway d'Alger<\/h1>\n\t\t\t\t\t\t\t<h2><\/h2>\n\t\t\t\t\t\t<\/div>\n\t\t\t\t\t\t<div class=\"project-image\">\n\t\t\t\t\t\t\t<img decoding=\"async\" src=\"https:\/\/www.mesaimalat.com.tr\/wp-content\/uploads\/2018\/02\/Cezayir-TRAMWAY-D-ALGER-Projesi.jpg\" alt=\"\">\n\t\t\t\t\t\t<\/div><\/a><\/div><div class=\"project-grid-item\"><a href=\"https:\/\/www.mesaimalat.com.tr\/fr\/proje\/3eme-pont-du-bosphore\/\">\n                        <div class=\"project-title\">\n\t\t\t\t\t\t\t<h1>3\u00e8me pont du Bosphore<\/h1>\n\t\t\t\t\t\t\t<h2><\/h2>\n\t\t\t\t\t\t<\/div>\n\t\t\t\t\t\t<div class=\"project-image\">\n\t\t\t\t\t\t\t<img decoding=\"async\" src=\"https:\/\/www.mesaimalat.com.tr\/wp-content\/uploads\/2018\/03\/3-Bo\u011faz-K\u00f6pr\u00fcs\u00fc-1.jpg\" alt=\"\">\n\t\t\t\t\t\t<\/div><\/a><\/div><div class=\"project-grid-item\"><a href=\"https:\/\/www.mesaimalat.com.tr\/fr\/proje\/projet-du-pont-dirak\/\">\n                        <div class=\"project-title\">\n\t\t\t\t\t\t\t<h1>Projet du pont d'Irak<\/h1>\n\t\t\t\t\t\t\t<h2><\/h2>\n\t\t\t\t\t\t<\/div>\n\t\t\t\t\t\t<div class=\"project-image\">\n\t\t\t\t\t\t\t<img decoding=\"async\" src=\"https:\/\/www.mesaimalat.com.tr\/wp-content\/uploads\/2018\/03\/Irak-K\u00f6pr\u00fc-Projesi.jpg\" alt=\"\">\n\t\t\t\t\t\t<\/div><\/a><\/div><div class=\"project-grid-item\"><a href=\"https:\/\/www.mesaimalat.com.tr\/fr\/proje\/projet-du-pont-degypte\/\">\n                        <div class=\"project-title\">\n\t\t\t\t\t\t\t<h1>Projet du pont d'Egypte<\/h1>\n\t\t\t\t\t\t\t<h2><\/h2>\n\t\t\t\t\t\t<\/div>\n\t\t\t\t\t\t<div class=\"project-image\">\n\t\t\t\t\t\t\t<img decoding=\"async\" src=\"https:\/\/www.mesaimalat.com.tr\/wp-content\/uploads\/2018\/03\/M\u0131s\u0131r-K\u00f6pr\u00fc-Projesi.jpg\" alt=\"\">\n\t\t\t\t\t\t<\/div><\/a><\/div>\n","protected":false},"excerpt":{"rendered":"Pilier du viaduc de la voie ferroviaire de Tizi Ouzou Projet du pont de la ligne de tramway du Tramway d'Alger 3\u00e8me pont du Bosphore Projet du pont d'Irak Projet du pont d'Egypte","protected":false},"author":1,"featured_media":0,"parent":2309,"menu_order":136,"comment_status":"closed","ping_status":"closed","template":"template-projeler.php","meta":{"ngg_post_thumbnail":0,"footnotes":""},"yst_prominent_words":[],"class_list":["post-2318","page","type-page","status-publish","hentry"],"acf":[],"_links":{"self":[{"href":"https:\/\/www.mesaimalat.com.tr\/fr\/wp-json\/wp\/v2\/pages\/2318","targetHints":{"allow":["GET"]}}],"collection":[{"href":"https:\/\/www.mesaimalat.com.tr\/fr\/wp-json\/wp\/v2\/pages"}],"about":[{"href":"https:\/\/www.mesaimalat.com.tr\/fr\/wp-json\/wp\/v2\/types\/page"}],"author":[{"embeddable":true,"href":"https:\/\/www.mesaimalat.com.tr\/fr\/wp-json\/wp\/v2\/users\/1"}],"replies":[{"embeddable":true,"href":"https:\/\/www.mesaimalat.com.tr\/fr\/wp-json\/wp\/v2\/comments?post=2318"}],"version-history":[{"count":0,"href":"https:\/\/www.mesaimalat.com.tr\/fr\/wp-json\/wp\/v2\/pages\/2318\/revisions"}],"up":[{"embeddable":true,"href":"https:\/\/www.mesaimalat.com.tr\/fr\/wp-json\/wp\/v2\/pages\/2309"}],"wp:attachment":[{"href":"https:\/\/www.mesaimalat.com.tr\/fr\/wp-json\/wp\/v2\/media?parent=2318"}],"wp:term":[{"taxonomy":"yst_prominent_words","embeddable":true,"href":"https:\/\/www.mesaimalat.com.tr\/fr\/wp-json\/wp\/v2\/yst_prominent_words?post=2318"}],"curies":[{"name":"wp","href":"https:\/\/api.w.org\/{rel}","templated":true}]}}