{"id":2321,"date":"2018-04-24T14:50:33","date_gmt":"2018-04-24T11:50:33","guid":{"rendered":"https:\/\/mesaimalat.com.tr\/institutionnel\/a-propos-de-nous\/"},"modified":"2026-01-09T09:16:31","modified_gmt":"2026-01-09T06:16:31","slug":"a-propos-de-nous","status":"publish","type":"page","link":"https:\/\/www.mesaimalat.com.tr\/fr\/institutionnel\/a-propos-de-nous\/","title":{"rendered":"\u00c0 propos de nous"},"content":{"rendered":"<div class=\"wpb-content-wrapper\"><p>[vc_row][vc_column width=\u00a0\u00bb1\/2&Prime;][vc_column_text]MESA \u0130MALAT Sanayi ve Ticaret A.\u015e. a \u00e9t\u00e9 fond\u00e9e en 1978 \u00e0 Ankara en tant que membre du Groupe des Soci\u00e9t\u00e9s MESA. Au d\u00e9part, MESA IMALAT a \u00e9t\u00e9 cr\u00e9\u00e9e dans l\u2019objectif de r\u00e9aliser la conception et la fabrication du syst\u00e8me de coffrage de tunnel mais elle a rapidement ajout\u00e9 les autres syst\u00e8mes technologiques de coffrage et d\u2019\u00e9chafaudage \u00e0 son profil de produit. Une production de haute qualit\u00e9 est r\u00e9alis\u00e9e avec la technologie avanc\u00e9e et la garantie ISO 9001 dans les installations install\u00e9es aujourd\u2019hui sur 30.000 m\u00e8tres carr\u00e9s d\u2019escape couvert et 105.000 m\u00e8tres carr\u00e9s d\u2019espace \u00e0 plein air. MESA IMALAT est devenu aujourd\u2019hui l\u2019une des plus grandes installations de fabrication de coffrage d\u2019acier en Europe. Avec sa capacit\u00e9 de production annuelle de 200.000 m\u00e8tres carr\u00e9s de syst\u00e8me de coffrage en acier, de 300.000 m\u00e8tres carr\u00e9s de syst\u00e8me de coffrage avec surface en bois et 1.000.000 m3 de syst\u00e8me de coffrage de dallage et d\u2019\u00e9chafaudage, MESA \u0130MALAT a acquis une place importante dans les march\u00e9s domestiques et \u00e9trangers.[\/vc_column_text][\/vc_column][vc_column width=\u00a0\u00bb1\/2&Prime;][vc_column_text]Avec ses syst\u00e8mes de coffrage et d\u2019\u00e9chafaudage, MESA a \u00e9t\u00e9 choisi de pr\u00e9f\u00e9rence jusqu\u2019aujourd\u2019hui dans de nombreux projets de construction dans 70 pays des 6 continents. MESA \u0130MALAT a en particulier atteint la position d\u2019entreprise leader au niveau mondial pour la fabrication de syst\u00e8me de coffrage de tunnel. En rassemblant ses connaissances et son exp\u00e9rience en ing\u00e9nierie avec une approche innovatrice, MESA \u0130MALAT a constamment d\u00e9velopp\u00e9 ses produits et les a mis en \u0153uvre en utilisant les technologies de production de haut niveau. Connue avec ses produits de haute qualit\u00e9 certifi\u00e9s mondialement, son soutien technique illimit\u00e9 et son service apr\u00e8s-vente, MESA \u0130MALAT continue \u00e0 rendre service avec fiabilit\u00e9 au secteur de la construction dans n\u00e9gliger la qualit\u00e9 et le principe de la satisfaction de la client\u00e8le. Pour nous, MESA \u0130MALAT, notre mission fondamentale est d\u2019\u00eatre un partenaire de solution contribuant \u00e0 la construction des villes respectueuses envers l\u2019environnement, constitu\u00e9es de structures s\u00e9curis\u00e9es avec de hauts standards de vie et une grande importance port\u00e9e \u00e0 la vie humaine.[\/vc_column_text][\/vc_column][\/vc_row][vc_row][vc_column][vc_video link=\u00a0\u00bbhttps:\/\/youtu.be\/AHJJ-31gQAU?si=1Vd69OH4auxjj3uj\u00a0\u00bb css=\u00a0\u00bb\u00a0\u00bb][\/vc_column][\/vc_row]<\/p>\n<\/div>","protected":false},"excerpt":{"rendered":"MESA \u0130MALAT Sanayi ve Ticaret A.\u015e. a \u00e9t\u00e9 fond\u00e9e en 1978 \u00e0 Ankara en tant que membre du Groupe des Soci\u00e9t\u00e9s MESA. Au d\u00e9part, MESA IMALAT a \u00e9t\u00e9 cr\u00e9\u00e9e dans l\u2019objectif de r\u00e9aliser la conception et la fabrication du syst\u00e8me de coffrage de tunnel mais elle a rapidement ajout\u00e9 les autres syst\u00e8mes technologiques de coffrage et d\u2019\u00e9chafaudage \u00e0 son profil de produit.","protected":false},"author":1,"featured_media":0,"parent":2320,"menu_order":83,"comment_status":"closed","ping_status":"closed","template":"template-page.php","meta":{"ngg_post_thumbnail":0,"footnotes":""},"yst_prominent_words":[],"class_list":["post-2321","page","type-page","status-publish","hentry"],"acf":[],"_links":{"self":[{"href":"https:\/\/www.mesaimalat.com.tr\/fr\/wp-json\/wp\/v2\/pages\/2321","targetHints":{"allow":["GET"]}}],"collection":[{"href":"https:\/\/www.mesaimalat.com.tr\/fr\/wp-json\/wp\/v2\/pages"}],"about":[{"href":"https:\/\/www.mesaimalat.com.tr\/fr\/wp-json\/wp\/v2\/types\/page"}],"author":[{"embeddable":true,"href":"https:\/\/www.mesaimalat.com.tr\/fr\/wp-json\/wp\/v2\/users\/1"}],"replies":[{"embeddable":true,"href":"https:\/\/www.mesaimalat.com.tr\/fr\/wp-json\/wp\/v2\/comments?post=2321"}],"version-history":[{"count":0,"href":"https:\/\/www.mesaimalat.com.tr\/fr\/wp-json\/wp\/v2\/pages\/2321\/revisions"}],"up":[{"embeddable":true,"href":"https:\/\/www.mesaimalat.com.tr\/fr\/wp-json\/wp\/v2\/pages\/2320"}],"wp:attachment":[{"href":"https:\/\/www.mesaimalat.com.tr\/fr\/wp-json\/wp\/v2\/media?parent=2321"}],"wp:term":[{"taxonomy":"yst_prominent_words","embeddable":true,"href":"https:\/\/www.mesaimalat.com.tr\/fr\/wp-json\/wp\/v2\/yst_prominent_words?post=2321"}],"curies":[{"name":"wp","href":"https:\/\/api.w.org\/{rel}","templated":true}]}}