{"id":2394,"date":"2018-04-27T17:29:09","date_gmt":"2018-04-27T14:29:09","guid":{"rendered":"https:\/\/mesaimalat.com.tr\/produits\/les-systemes-de-coffrage\/le-coffrage-en-poteau\/"},"modified":"2018-04-27T17:29:09","modified_gmt":"2018-04-27T14:29:09","slug":"le-coffrage-en-poteau","status":"publish","type":"page","link":"https:\/\/www.mesaimalat.com.tr\/fr\/produits\/les-systemes-de-coffrage\/le-coffrage-en-poteau\/","title":{"rendered":"Le Coffrage En Poteau"},"content":{"rendered":"<div class=\"page-all-products-items\"><div class=\"all-project-grid-item\"><a href=\"https:\/\/www.mesaimalat.com.tr\/fr\/urun\/logica\/\">\n                        <div class=\"project-title\">\n\t\t\t\t\t\t\t<h1>LOGICA<\/h1>\n\t\t\t\t\t\t\t<h2>Le coffrage ajustable de poteau<\/h2>\n\t\t\t\t\t\t<\/div>\n\t\t\t\t\t\t<div class=\"project-image\">\n\t\t\t\t\t\t\t<img decoding=\"async\" src=\"https:\/\/www.mesaimalat.com.tr\/wp-content\/uploads\/2018\/01\/logica-kolon-2.png\" alt=\"\">\n\t\t\t\t\t\t<\/div><\/a><\/div><div class=\"all-project-grid-item\"><a href=\"https:\/\/www.mesaimalat.com.tr\/fr\/urun\/stilo\/\">\n                        <div class=\"project-title\">\n\t\t\t\t\t\t\t<h1>STILO<\/h1>\n\t\t\t\t\t\t\t<h2>Le coffrage de poteau circulaire en acier<\/h2>\n\t\t\t\t\t\t<\/div>\n\t\t\t\t\t\t<div class=\"project-image\">\n\t\t\t\t\t\t\t<img decoding=\"async\" src=\"https:\/\/www.mesaimalat.com.tr\/wp-content\/uploads\/2018\/01\/STILO-kolon-1.png\" alt=\"\">\n\t\t\t\t\t\t<\/div><\/a><\/div><div class=\"all-project-grid-item\"><a href=\"https:\/\/www.mesaimalat.com.tr\/fr\/urun\/h20p\/\">\n                        <div class=\"project-title\">\n\t\t\t\t\t\t\t<h1>H20P<\/h1>\n\t\t\t\t\t\t\t<h2>Le Coffrage En Poteau<\/h2>\n\t\t\t\t\t\t<\/div>\n\t\t\t\t\t\t<div class=\"project-image\">\n\t\t\t\t\t\t\t<img decoding=\"async\" src=\"https:\/\/www.mesaimalat.com.tr\/wp-content\/uploads\/2018\/01\/H20-kolon-2.png\" alt=\"\">\n\t\t\t\t\t\t<\/div><\/a><\/div><div class=\"all-project-grid-item\"><a href=\"https:\/\/www.mesaimalat.com.tr\/fr\/urun\/catal-kolon\/\">\n                        <div class=\"project-title\">\n\t\t\t\t\t\t\t<h1>COLONNE BIFURQU\u00c9E<\/h1>\n\t\t\t\t\t\t\t<h2>\u00d6zel Kolon Kal\u0131b\u0131<\/h2>\n\t\t\t\t\t\t<\/div>\n\t\t\t\t\t\t<div class=\"project-image\">\n\t\t\t\t\t\t\t<img decoding=\"async\" src=\"https:\/\/www.mesaimalat.com.tr\/wp-content\/uploads\/2023\/11\/Ozel-kolon-catal-4.png\" alt=\"\">\n\t\t\t\t\t\t<\/div><\/a><\/div><div class=\"all-project-grid-item\"><a href=\"https:\/\/www.mesaimalat.com.tr\/fr\/urun\/jambe-de-pont\/\">\n                        <div class=\"project-title\">\n\t\t\t\t\t\t\t<h1>JAMBE DE PONT<\/h1>\n\t\t\t\t\t\t\t<h2>Coffrage sp\u00e9cial pour colonne<\/h2>\n\t\t\t\t\t\t<\/div>\n\t\t\t\t\t\t<div class=\"project-image\">\n\t\t\t\t\t\t\t<img decoding=\"async\" src=\"https:\/\/www.mesaimalat.com.tr\/wp-content\/uploads\/2018\/01\/pier-1.png\" alt=\"\">\n\t\t\t\t\t\t<\/div><\/a><\/div><div class=\"all-project-grid-item\"><a href=\"https:\/\/www.mesaimalat.com.tr\/fr\/urun\/revola\/\">\n                        <div class=\"project-title\">\n\t\t\t\t\t\t\t<h1>REVOLA<\/h1>\n\t\t\t\t\t\t\t<h2>Le coffrage ajustable de poteau<\/h2>\n\t\t\t\t\t\t<\/div>\n\t\t\t\t\t\t<div class=\"project-image\">\n\t\t\t\t\t\t\t<img decoding=\"async\" src=\"https:\/\/www.mesaimalat.com.tr\/wp-content\/uploads\/2018\/01\/4-2.png\" alt=\"\">\n\t\t\t\t\t\t<\/div><\/a><\/div><div class=\"all-project-grid-item\"><a href=\"https:\/\/www.mesaimalat.com.tr\/fr\/urun\/pier-2\/\">\n                        <div class=\"project-title\">\n\t\t\t\t\t\t\t<h1>PIER<\/h1>\n\t\t\t\t\t\t\t<h2>Coffrage sp\u00e9cial pour colonne<\/h2>\n\t\t\t\t\t\t<\/div>\n\t\t\t\t\t\t<div class=\"project-image\">\n\t\t\t\t\t\t\t<img decoding=\"async\" src=\"https:\/\/www.mesaimalat.com.tr\/wp-content\/uploads\/2023\/11\/PIER-2.png\" alt=\"\">\n\t\t\t\t\t\t<\/div><\/a><\/div><\/div>\n","protected":false},"excerpt":{"rendered":"LOGICA Le coffrage ajustable de poteau STILO Le coffrage de poteau circulaire en acier H20P Le Coffrage En Poteau COLONNE BIFURQU\u00c9E \u00d6zel Kolon Kal\u0131b\u0131 JAMBE DE PONT Coffrage sp\u00e9cial pour colonne REVOLA Le coffrage ajustable de poteau PIER Coffrage sp\u00e9cial pour colonne","protected":false},"author":1,"featured_media":0,"parent":2391,"menu_order":221,"comment_status":"closed","ping_status":"closed","template":"template-urunsistemler.php","meta":{"ngg_post_thumbnail":0,"footnotes":""},"yst_prominent_words":[],"class_list":["post-2394","page","type-page","status-publish","hentry"],"acf":[],"_links":{"self":[{"href":"https:\/\/www.mesaimalat.com.tr\/fr\/wp-json\/wp\/v2\/pages\/2394","targetHints":{"allow":["GET"]}}],"collection":[{"href":"https:\/\/www.mesaimalat.com.tr\/fr\/wp-json\/wp\/v2\/pages"}],"about":[{"href":"https:\/\/www.mesaimalat.com.tr\/fr\/wp-json\/wp\/v2\/types\/page"}],"author":[{"embeddable":true,"href":"https:\/\/www.mesaimalat.com.tr\/fr\/wp-json\/wp\/v2\/users\/1"}],"replies":[{"embeddable":true,"href":"https:\/\/www.mesaimalat.com.tr\/fr\/wp-json\/wp\/v2\/comments?post=2394"}],"version-history":[{"count":0,"href":"https:\/\/www.mesaimalat.com.tr\/fr\/wp-json\/wp\/v2\/pages\/2394\/revisions"}],"up":[{"embeddable":true,"href":"https:\/\/www.mesaimalat.com.tr\/fr\/wp-json\/wp\/v2\/pages\/2391"}],"wp:attachment":[{"href":"https:\/\/www.mesaimalat.com.tr\/fr\/wp-json\/wp\/v2\/media?parent=2394"}],"wp:term":[{"taxonomy":"yst_prominent_words","embeddable":true,"href":"https:\/\/www.mesaimalat.com.tr\/fr\/wp-json\/wp\/v2\/yst_prominent_words?post=2394"}],"curies":[{"name":"wp","href":"https:\/\/api.w.org\/{rel}","templated":true}]}}