{"id":2402,"date":"2018-04-27T17:42:01","date_gmt":"2018-04-27T14:42:01","guid":{"rendered":"https:\/\/mesaimalat.com.tr\/produits\/les-systemes-speciaux-de-coffrage\/les-systemes-grimpants\/"},"modified":"2018-04-27T17:42:01","modified_gmt":"2018-04-27T14:42:01","slug":"les-systemes-grimpants","status":"publish","type":"page","link":"https:\/\/www.mesaimalat.com.tr\/fr\/produits\/les-systemes-speciaux-de-coffrage\/les-systemes-grimpants\/","title":{"rendered":"Les Syst\u00e8mes Grimpants"},"content":{"rendered":"<div class=\"page-all-products-items\"><div class=\"all-project-grid-item\"><a href=\"https:\/\/www.mesaimalat.com.tr\/fr\/urun\/vcr\/\">\n                        <div class=\"project-title\">\n\t\t\t\t\t\t\t<h1>VCR<\/h1>\n\t\t\t\t\t\t\t<h2>Le syst\u00e8me grimpant<\/h2>\n\t\t\t\t\t\t<\/div>\n\t\t\t\t\t\t<div class=\"project-image\">\n\t\t\t\t\t\t\t<img decoding=\"async\" src=\"https:\/\/www.mesaimalat.com.tr\/wp-content\/uploads\/2018\/01\/VCR-0001.png\" alt=\"\">\n\t\t\t\t\t\t<\/div><\/a><\/div><div class=\"all-project-grid-item\"><a href=\"https:\/\/www.mesaimalat.com.tr\/fr\/urun\/hcp\/\">\n                        <div class=\"project-title\">\n\t\t\t\t\t\t\t<h1>HCP<\/h1>\n\t\t\t\t\t\t\t<h2>Le syst\u00e8me grimpant hydraulique<\/h2>\n\t\t\t\t\t\t<\/div>\n\t\t\t\t\t\t<div class=\"project-image\">\n\t\t\t\t\t\t\t<img decoding=\"async\" src=\"https:\/\/www.mesaimalat.com.tr\/wp-content\/uploads\/2018\/01\/HCP-0001.png\" alt=\"\">\n\t\t\t\t\t\t<\/div><\/a><\/div><div class=\"all-project-grid-item\"><a href=\"https:\/\/www.mesaimalat.com.tr\/fr\/urun\/wrp\/\">\n                        <div class=\"project-title\">\n\t\t\t\t\t\t\t<h1>WRP<\/h1>\n\t\t\t\t\t\t\t<h2>Syst\u00e8me de plate-forme d'escalade<\/h2>\n\t\t\t\t\t\t<\/div>\n\t\t\t\t\t\t<div class=\"project-image\">\n\t\t\t\t\t\t\t<img decoding=\"async\" src=\"https:\/\/www.mesaimalat.com.tr\/wp-content\/uploads\/2018\/01\/WRP-0001.png\" alt=\"\">\n\t\t\t\t\t\t<\/div><\/a><\/div><div class=\"all-project-grid-item\"><a href=\"https:\/\/www.mesaimalat.com.tr\/fr\/urun\/wsp\/\">\n                        <div class=\"project-title\">\n\t\t\t\t\t\t\t<h1>WSP<\/h1>\n\t\t\t\t\t\t\t<h2>Le Syst\u00e8me Pare-vent <\/h2>\n\t\t\t\t\t\t<\/div>\n\t\t\t\t\t\t<div class=\"project-image\">\n\t\t\t\t\t\t\t<img decoding=\"async\" src=\"https:\/\/www.mesaimalat.com.tr\/wp-content\/uploads\/2018\/01\/WSP-0002.png\" alt=\"\">\n\t\t\t\t\t\t<\/div><\/a><\/div><\/div>\n","protected":false},"excerpt":{"rendered":"VCR Le syst\u00e8me grimpant HCP Le syst\u00e8me grimpant hydraulique WRP Syst\u00e8me de plate-forme d'escalade WSP Le Syst\u00e8me Pare-vent","protected":false},"author":1,"featured_media":0,"parent":2398,"menu_order":264,"comment_status":"closed","ping_status":"closed","template":"template-urunsistemler.php","meta":{"ngg_post_thumbnail":0,"footnotes":""},"yst_prominent_words":[],"class_list":["post-2402","page","type-page","status-publish","hentry"],"acf":[],"_links":{"self":[{"href":"https:\/\/www.mesaimalat.com.tr\/fr\/wp-json\/wp\/v2\/pages\/2402","targetHints":{"allow":["GET"]}}],"collection":[{"href":"https:\/\/www.mesaimalat.com.tr\/fr\/wp-json\/wp\/v2\/pages"}],"about":[{"href":"https:\/\/www.mesaimalat.com.tr\/fr\/wp-json\/wp\/v2\/types\/page"}],"author":[{"embeddable":true,"href":"https:\/\/www.mesaimalat.com.tr\/fr\/wp-json\/wp\/v2\/users\/1"}],"replies":[{"embeddable":true,"href":"https:\/\/www.mesaimalat.com.tr\/fr\/wp-json\/wp\/v2\/comments?post=2402"}],"version-history":[{"count":0,"href":"https:\/\/www.mesaimalat.com.tr\/fr\/wp-json\/wp\/v2\/pages\/2402\/revisions"}],"up":[{"embeddable":true,"href":"https:\/\/www.mesaimalat.com.tr\/fr\/wp-json\/wp\/v2\/pages\/2398"}],"wp:attachment":[{"href":"https:\/\/www.mesaimalat.com.tr\/fr\/wp-json\/wp\/v2\/media?parent=2402"}],"wp:term":[{"taxonomy":"yst_prominent_words","embeddable":true,"href":"https:\/\/www.mesaimalat.com.tr\/fr\/wp-json\/wp\/v2\/yst_prominent_words?post=2402"}],"curies":[{"name":"wp","href":"https:\/\/api.w.org\/{rel}","templated":true}]}}