{"id":2625,"date":"2018-05-28T10:59:36","date_gmt":"2018-05-28T07:59:36","guid":{"rendered":"https:\/\/mesaimalat.com.tr\/%d0%bf%d1%80%d0%be%d0%b5%d0%ba%d1%82%d1%8b\/%d0%bf%d1%80%d0%be%d0%b5%d0%ba%d1%82%d1%8b-%d0%b6%d0%b8%d0%bb%d1%8b%d1%85-%d1%81%d1%82%d1%80%d0%be%d0%b5%d0%bd%d0%b8%d0%b9\/"},"modified":"2018-05-28T10:59:36","modified_gmt":"2018-05-28T07:59:36","slug":"%d0%bf%d1%80%d0%be%d0%b5%d0%ba%d1%82%d1%8b-%d0%b6%d0%b8%d0%bb%d1%8b%d1%85-%d1%81%d1%82%d1%80%d0%be%d0%b5%d0%bd%d0%b8%d0%b9","status":"publish","type":"page","link":"https:\/\/www.mesaimalat.com.tr\/ru\/%d0%bf%d1%80%d0%be%d0%b5%d0%ba%d1%82%d1%8b\/%d0%bf%d1%80%d0%be%d0%b5%d0%ba%d1%82%d1%8b-%d0%b6%d0%b8%d0%bb%d1%8b%d1%85-%d1%81%d1%82%d1%80%d0%be%d0%b5%d0%bd%d0%b8%d0%b9\/","title":{"rendered":"\u041f\u0440\u043e\u0435\u043a\u0442\u044b \u0436\u0438\u043b\u044b\u0445 \u0441\u0442\u0440\u043e\u0435\u043d\u0438\u0439"},"content":{"rendered":"<div class=\"project-grid-item\"><a href=\"https:\/\/www.mesaimalat.com.tr\/ru\/proje\/%d0%b0%d0%b1%d1%83-%d0%b4%d0%b0%d0%b1%d0%b8-%d0%be%d0%b1%d1%8a%d0%b5%d0%b4%d0%b8%d0%bd%d0%b5%d0%bd%d0%bd%d1%8b%d0%b5-%d0%b0%d1%80%d0%b0%d0%b1%d1%81%d0%ba%d0%b8%d0%b5-%d1%8d%d0%bc%d0%b8%d1%80%d0%b0\/\">\n                        <div class=\"project-title\">\n\t\t\t\t\t\t\t<h1>\u0410\u0431\u0443-\u0414\u0430\u0431\u0438, \u041e\u0431\u044a\u0435\u0434\u0438\u043d\u0435\u043d\u043d\u044b\u0435 \u0410\u0440\u0430\u0431\u0441\u043a\u0438\u0435 \u042d\u043c\u0438\u0440\u0430\u0442\u044b\u00a0<\/h1>\n\t\t\t\t\t\t\t<h2><\/h2>\n\t\t\t\t\t\t<\/div>\n\t\t\t\t\t\t<div class=\"project-image\">\n\t\t\t\t\t\t\t<img decoding=\"async\" src=\"https:\/\/www.mesaimalat.com.tr\/wp-content\/uploads\/2018\/02\/Abu-Dhabi-West-Yas-Villas.jpg\" alt=\"\">\n\t\t\t\t\t\t<\/div><\/a><\/div><div class=\"project-grid-item\"><a href=\"https:\/\/www.mesaimalat.com.tr\/ru\/proje\/%d0%bf%d1%80%d0%be%d0%b5%d0%ba%d1%82-%d0%b1%d0%b0%d1%88%d0%bd%d0%b8-%d0%b1%d0%bb%d0%b8%d0%b7%d0%bd%d0%b5%d1%86%d1%8b\/\">\n                        <div class=\"project-title\">\n\t\t\t\t\t\t\t<h1>\u041f\u0440\u043e\u0435\u043a\u0442 \u00ab\u0411\u0430\u0448\u043d\u0438-\u0431\u043b\u0438\u0437\u043d\u0435\u0446\u044b\u00bb<\/h1>\n\t\t\t\t\t\t\t<h2><\/h2>\n\t\t\t\t\t\t<\/div>\n\t\t\t\t\t\t<div class=\"project-image\">\n\t\t\t\t\t\t\t<img decoding=\"async\" src=\"https:\/\/www.mesaimalat.com.tr\/wp-content\/uploads\/2018\/03\/Twin-Tower.jpg\" alt=\"\">\n\t\t\t\t\t\t<\/div><\/a><\/div><div class=\"project-grid-item\"><a href=\"https:\/\/www.mesaimalat.com.tr\/ru\/proje\/%d0%bf%d1%80%d0%be%d0%b5%d0%ba%d1%82-%d0%b2%d0%b8%d0%bb%d0%bb-%d0%b4%d0%bb%d1%8f-%d0%bd%d0%b0%d1%86%d0%b8%d0%be%d0%bd%d0%b0%d0%bb%d1%8c%d0%bd%d0%be%d0%b9-%d0%b3%d0%b2%d0%b0%d1%80%d0%b4%d0%b8%d0%b8\/\">\n                        <div class=\"project-title\">\n\t\t\t\t\t\t\t<h1>\u041f\u0440\u043e\u0435\u043a\u0442 \u0432\u0438\u043b\u043b \u0434\u043b\u044f \u041d\u0430\u0446\u0438\u043e\u043d\u0430\u043b\u044c\u043d\u043e\u0439 \u0413\u0432\u0430\u0440\u0434\u0438\u0438 \u0421\u0430\u0443\u0434\u043e\u0432\u0441\u043a\u043e\u0439 \u0410\u0440\u0430\u0432\u0438\u0438 (SANG)\u00a0<\/h1>\n\t\t\t\t\t\t\t<h2><\/h2>\n\t\t\t\t\t\t<\/div>\n\t\t\t\t\t\t<div class=\"project-image\">\n\t\t\t\t\t\t\t<img decoding=\"async\" src=\"https:\/\/www.mesaimalat.com.tr\/wp-content\/uploads\/2018\/02\/Suudi-Arabistan-Bin-Laden-Sang-Villas.jpg\" alt=\"\">\n\t\t\t\t\t\t<\/div><\/a><\/div><div class=\"project-grid-item\"><a href=\"https:\/\/www.mesaimalat.com.tr\/ru\/proje\/%d0%bf%d1%80%d0%be%d0%b5%d0%ba%d1%82-%d0%b6%d0%b8%d0%bb%d0%b8%d1%89%d0%bd%d0%be%d0%b3%d0%be-%d1%81%d1%82%d1%80%d0%be%d0%b8%d1%82%d0%b5%d0%bb%d1%8c%d1%81%d1%82%d0%b2%d0%b0-%d0%ba%d0%be%d0%bd\/\">\n                        <div class=\"project-title\">\n\t\t\t\t\t\t\t<h1>\u041f\u0440\u043e\u0435\u043a\u0442 \u0436\u0438\u043b\u0438\u0449\u043d\u043e\u0433\u043e \u0441\u0442\u0440\u043e\u0438\u0442\u0435\u043b\u044c\u0441\u0442\u0432\u0430 \u00ab\u041a\u043e\u043d\u0441\u0442\u0430\u043d\u0442\u0438\u043d\u00bb<\/h1>\n\t\t\t\t\t\t\t<h2><\/h2>\n\t\t\t\t\t\t<\/div>\n\t\t\t\t\t\t<div class=\"project-image\">\n\t\t\t\t\t\t\t<img decoding=\"async\" src=\"https:\/\/www.mesaimalat.com.tr\/wp-content\/uploads\/2018\/03\/Konstantin.jpg\" alt=\"\">\n\t\t\t\t\t\t<\/div><\/a><\/div><div class=\"project-grid-item\"><a href=\"https:\/\/www.mesaimalat.com.tr\/ru\/proje\/%d0%bf%d1%80%d0%be%d0%b5%d0%ba%d1%82-%d0%b6%d0%b8%d0%bb%d0%b8%d1%89%d0%bd%d0%be%d0%b3%d0%be-%d1%81%d1%82%d1%80%d0%be%d0%b8%d1%82%d0%b5%d0%bb%d1%8c%d1%81%d1%82%d0%b2%d0%b0-%d0%b2-reghaia\/\">\n                        <div class=\"project-title\">\n\t\t\t\t\t\t\t<h1>\u041f\u0440\u043e\u0435\u043a\u0442 \u0436\u0438\u043b\u0438\u0449\u043d\u043e\u0433\u043e \u0441\u0442\u0440\u043e\u0438\u0442\u0435\u043b\u044c\u0441\u0442\u0432\u0430 \u0432 Reghaia\u00a0<\/h1>\n\t\t\t\t\t\t\t<h2><\/h2>\n\t\t\t\t\t\t<\/div>\n\t\t\t\t\t\t<div class=\"project-image\">\n\t\t\t\t\t\t\t<img decoding=\"async\" src=\"https:\/\/www.mesaimalat.com.tr\/wp-content\/uploads\/2018\/03\/Reghaia.jpg\" alt=\"\">\n\t\t\t\t\t\t<\/div><\/a><\/div><div class=\"project-grid-item\"><a href=\"https:\/\/www.mesaimalat.com.tr\/ru\/proje\/%d0%bf%d1%80%d0%be%d0%b5%d0%ba%d1%82-%d0%b6%d0%b8%d0%bb%d0%b8%d1%89%d0%bd%d0%be%d0%b3%d0%be-%d1%81%d1%82%d1%80%d0%be%d0%b8%d1%82%d0%b5%d0%bb%d1%8c%d1%81%d1%82%d0%b2%d0%b0-%d0%b2-buleyde\/\">\n                        <div class=\"project-title\">\n\t\t\t\t\t\t\t<h1>\u041f\u0440\u043e\u0435\u043a\u0442 \u0436\u0438\u043b\u0438\u0449\u043d\u043e\u0433\u043e \u0441\u0442\u0440\u043e\u0438\u0442\u0435\u043b\u044c\u0441\u0442\u0432\u0430 \u0432 Buleyde\u00a0<\/h1>\n\t\t\t\t\t\t\t<h2><\/h2>\n\t\t\t\t\t\t<\/div>\n\t\t\t\t\t\t<div class=\"project-image\">\n\t\t\t\t\t\t\t<img decoding=\"async\" src=\"https:\/\/www.mesaimalat.com.tr\/wp-content\/uploads\/2018\/03\/Buleyde.jpg\" alt=\"\">\n\t\t\t\t\t\t<\/div><\/a><\/div><div class=\"project-grid-item\"><a href=\"https:\/\/www.mesaimalat.com.tr\/ru\/proje\/%d0%bf%d1%80%d0%be%d0%b5%d0%ba%d1%82-%d0%b6%d0%b8%d0%bb%d0%b8%d1%89%d0%bd%d0%be%d0%b3%d0%be-%d1%81%d1%82%d1%80%d0%be%d0%b8%d1%82%d0%b5%d0%bb%d1%8c%d1%81%d1%82%d0%b2%d0%b0\/\">\n                        <div class=\"project-title\">\n\t\t\t\t\t\t\t<h1>\u041f\u0440\u043e\u0435\u043a\u0442 \u0436\u0438\u043b\u0438\u0449\u043d\u043e\u0433\u043e \u0441\u0442\u0440\u043e\u0438\u0442\u0435\u043b\u044c\u0441\u0442\u0432\u0430\u00a0<\/h1>\n\t\t\t\t\t\t\t<h2><\/h2>\n\t\t\t\t\t\t<\/div>\n\t\t\t\t\t\t<div class=\"project-image\">\n\t\t\t\t\t\t\t<img decoding=\"async\" src=\"https:\/\/www.mesaimalat.com.tr\/wp-content\/uploads\/2018\/03\/Avrupa-Konutlar\u0131.jpg\" alt=\"\">\n\t\t\t\t\t\t<\/div><\/a><\/div><div class=\"project-grid-item\"><a href=\"https:\/\/www.mesaimalat.com.tr\/ru\/proje\/%d0%bf%d1%80%d0%be%d0%b5%d0%ba%d1%82-%d0%b6%d0%b8%d0%bb%d0%b8%d1%89%d0%bd%d0%be%d0%b3%d0%be-%d1%81%d1%82%d1%80%d0%be%d0%b8%d1%82%d0%b5%d0%bb%d1%8c%d1%81%d1%82%d0%b2%d0%b0-my-world-europe\/\">\n                        <div class=\"project-title\">\n\t\t\t\t\t\t\t<h1>\u041f\u0440\u043e\u0435\u043a\u0442 \u0436\u0438\u043b\u0438\u0449\u043d\u043e\u0433\u043e \u0441\u0442\u0440\u043e\u0438\u0442\u0435\u043b\u044c\u0441\u0442\u0432\u0430 \u00abMy World Europe\u00bb\u00a0<\/h1>\n\t\t\t\t\t\t\t<h2><\/h2>\n\t\t\t\t\t\t<\/div>\n\t\t\t\t\t\t<div class=\"project-image\">\n\t\t\t\t\t\t\t<img decoding=\"async\" src=\"https:\/\/www.mesaimalat.com.tr\/wp-content\/uploads\/2018\/02\/T\u00fcrkiye-A\u011fao\u011flu-Ayazma.jpg\" alt=\"\">\n\t\t\t\t\t\t<\/div><\/a><\/div><div class=\"project-grid-item\"><a href=\"https:\/\/www.mesaimalat.com.tr\/ru\/proje\/%d0%bf%d1%80%d0%be%d0%b5%d0%ba%d1%82-tual-bahcekent\/\">\n                        <div class=\"project-title\">\n\t\t\t\t\t\t\t<h1>\u041f\u0440\u043e\u0435\u043a\u0442 Tual Bah\u00e7ekent<\/h1>\n\t\t\t\t\t\t\t<h2><\/h2>\n\t\t\t\t\t\t<\/div>\n\t\t\t\t\t\t<div class=\"project-image\">\n\t\t\t\t\t\t\t<img decoding=\"async\" src=\"https:\/\/www.mesaimalat.com.tr\/wp-content\/uploads\/2018\/03\/Tual-Bah\u00e7ekent.jpg\" alt=\"\">\n\t\t\t\t\t\t<\/div><\/a><\/div><div class=\"project-grid-item\"><a href=\"https:\/\/www.mesaimalat.com.tr\/ru\/proje\/%d0%bf%d1%80%d0%be%d0%b5%d0%ba%d1%82-park-oran\/\">\n                        <div class=\"project-title\">\n\t\t\t\t\t\t\t<h1>\u041f\u0440\u043e\u0435\u043a\u0442 Park Oran\u00a0<\/h1>\n\t\t\t\t\t\t\t<h2><\/h2>\n\t\t\t\t\t\t<\/div>\n\t\t\t\t\t\t<div class=\"project-image\">\n\t\t\t\t\t\t\t<img decoding=\"async\" src=\"https:\/\/www.mesaimalat.com.tr\/wp-content\/uploads\/2018\/02\/T\u00fcrkiye-Parkoran.jpg\" alt=\"\">\n\t\t\t\t\t\t<\/div><\/a><\/div><div class=\"project-grid-item\"><a href=\"https:\/\/www.mesaimalat.com.tr\/ru\/proje\/%d0%bf%d1%80%d0%be%d0%b5%d0%ba%d1%82-ottomanors\/\">\n                        <div class=\"project-title\">\n\t\t\t\t\t\t\t<h1>\u041f\u0440\u043e\u0435\u043a\u0442 \u00abOttomanors\u00bb<\/h1>\n\t\t\t\t\t\t\t<h2><\/h2>\n\t\t\t\t\t\t<\/div>\n\t\t\t\t\t\t<div class=\"project-image\">\n\t\t\t\t\t\t\t<img decoding=\"async\" src=\"https:\/\/www.mesaimalat.com.tr\/wp-content\/uploads\/2018\/03\/Ottomanors.jpg\" alt=\"\">\n\t\t\t\t\t\t<\/div><\/a><\/div><div class=\"project-grid-item\"><a href=\"https:\/\/www.mesaimalat.com.tr\/ru\/proje\/%d0%bf%d1%80%d0%be%d0%b5%d0%ba%d1%82-nida-park\/\">\n                        <div class=\"project-title\">\n\t\t\t\t\t\t\t<h1>\u041f\u0440\u043e\u0435\u043a\u0442 \u00abNida Park\u00bb<\/h1>\n\t\t\t\t\t\t\t<h2><\/h2>\n\t\t\t\t\t\t<\/div>\n\t\t\t\t\t\t<div class=\"project-image\">\n\t\t\t\t\t\t\t<img decoding=\"async\" src=\"https:\/\/www.mesaimalat.com.tr\/wp-content\/uploads\/2018\/03\/Nida-Park.jpg\" alt=\"\">\n\t\t\t\t\t\t<\/div><\/a><\/div><div class=\"project-grid-item\"><a href=\"https:\/\/www.mesaimalat.com.tr\/ru\/proje\/%d0%bf%d1%80%d0%be%d0%b5%d0%ba%d1%82-tema-istanbul\/\">\n                        <div class=\"project-title\">\n\t\t\t\t\t\t\t<h1>\u041f\u0440\u043e\u0435\u043a\u0442 \u00abTema \u0130stanbul\u00bb<\/h1>\n\t\t\t\t\t\t\t<h2><\/h2>\n\t\t\t\t\t\t<\/div>\n\t\t\t\t\t\t<div class=\"project-image\">\n\t\t\t\t\t\t\t<img decoding=\"async\" src=\"https:\/\/www.mesaimalat.com.tr\/wp-content\/uploads\/2018\/02\/T\u00fcrkiye-Tema-\u0130stanbul.jpg\" alt=\"\">\n\t\t\t\t\t\t<\/div><\/a><\/div><div class=\"project-grid-item\"><a href=\"https:\/\/www.mesaimalat.com.tr\/ru\/proje\/%d0%bf%d1%80%d0%be%d0%b5%d0%ba%d1%82%d1%8b-toki-%d0%bf%d0%be-%d0%bf%d1%80%d0%b5%d0%be%d0%b1%d1%80%d0%b0%d0%b7%d0%be%d0%b2%d0%b0%d0%bd%d0%b8%d1%8e-%d0%b3%d0%be%d1%80%d0%be%d0%b4%d0%b0\/\">\n                        <div class=\"project-title\">\n\t\t\t\t\t\t\t<h1>\u041f\u0440\u043e\u0435\u043a\u0442\u044b TOK\u0130 \u043f\u043e \u043f\u0440\u0435\u043e\u0431\u0440\u0430\u0437\u043e\u0432\u0430\u043d\u0438\u044e \u0433\u043e\u0440\u043e\u0434\u0430\u00a0<\/h1>\n\t\t\t\t\t\t\t<h2><\/h2>\n\t\t\t\t\t\t<\/div>\n\t\t\t\t\t\t<div class=\"project-image\">\n\t\t\t\t\t\t\t<img decoding=\"async\" src=\"https:\/\/www.mesaimalat.com.tr\/wp-content\/uploads\/2018\/03\/TOK\u0130-Kentsel-D\u00f6n\u00fc\u015f\u00fcm.jpg\" alt=\"\">\n\t\t\t\t\t\t<\/div><\/a><\/div><div class=\"project-grid-item\"><a href=\"https:\/\/www.mesaimalat.com.tr\/ru\/proje\/%d0%bf%d1%80%d0%be%d0%b5%d0%ba%d1%82-innovia\/\">\n                        <div class=\"project-title\">\n\t\t\t\t\t\t\t<h1>\u041f\u0440\u043e\u0435\u043a\u0442 \u00abInnovia\u00bb\u00a0<\/h1>\n\t\t\t\t\t\t\t<h2><\/h2>\n\t\t\t\t\t\t<\/div>\n\t\t\t\t\t\t<div class=\"project-image\">\n\t\t\t\t\t\t\t<img decoding=\"async\" src=\"https:\/\/www.mesaimalat.com.tr\/wp-content\/uploads\/2018\/03\/Innovia.jpg\" alt=\"\">\n\t\t\t\t\t\t<\/div><\/a><\/div>\n","protected":false},"excerpt":{"rendered":"\u0410\u0431\u0443-\u0414\u0430\u0431\u0438, \u041e\u0431\u044a\u0435\u0434\u0438\u043d\u0435\u043d\u043d\u044b\u0435 \u0410\u0440\u0430\u0431\u0441\u043a\u0438\u0435 \u042d\u043c\u0438\u0440\u0430\u0442\u044b\u00a0 \u041f\u0440\u043e\u0435\u043a\u0442 \u00ab\u0411\u0430\u0448\u043d\u0438-\u0431\u043b\u0438\u0437\u043d\u0435\u0446\u044b\u00bb \u041f\u0440\u043e\u0435\u043a\u0442 \u0432\u0438\u043b\u043b \u0434\u043b\u044f \u041d\u0430\u0446\u0438\u043e\u043d\u0430\u043b\u044c\u043d\u043e\u0439 \u0413\u0432\u0430\u0440\u0434\u0438\u0438 \u0421\u0430\u0443\u0434\u043e\u0432\u0441\u043a\u043e\u0439 \u0410\u0440\u0430\u0432\u0438\u0438 (SANG)\u00a0 \u041f\u0440\u043e\u0435\u043a\u0442 \u0436\u0438\u043b\u0438\u0449\u043d\u043e\u0433\u043e \u0441\u0442\u0440\u043e\u0438\u0442\u0435\u043b\u044c\u0441\u0442\u0432\u0430 \u00ab\u041a\u043e\u043d\u0441\u0442\u0430\u043d\u0442\u0438\u043d\u00bb \u041f\u0440\u043e\u0435\u043a\u0442 \u0436\u0438\u043b\u0438\u0449\u043d\u043e\u0433\u043e \u0441\u0442\u0440\u043e\u0438\u0442\u0435\u043b\u044c\u0441\u0442\u0432\u0430 \u0432 Reghaia\u00a0 \u041f\u0440\u043e\u0435\u043a\u0442 \u0436\u0438\u043b\u0438\u0449\u043d\u043e\u0433\u043e \u0441\u0442\u0440\u043e\u0438\u0442\u0435\u043b\u044c\u0441\u0442\u0432\u0430 \u0432 Buleyde\u00a0 \u041f\u0440\u043e\u0435\u043a\u0442 \u0436\u0438\u043b\u0438\u0449\u043d\u043e\u0433\u043e \u0441\u0442\u0440\u043e\u0438\u0442\u0435\u043b\u044c\u0441\u0442\u0432\u0430\u00a0 \u041f\u0440\u043e\u0435\u043a\u0442 \u0436\u0438\u043b\u0438\u0449\u043d\u043e\u0433\u043e \u0441\u0442\u0440\u043e\u0438\u0442\u0435\u043b\u044c\u0441\u0442\u0432\u0430 \u00abMy World Europe\u00bb\u00a0 \u041f\u0440\u043e\u0435\u043a\u0442 Tual Bah\u00e7ekent \u041f\u0440\u043e\u0435\u043a\u0442 Park Oran\u00a0 \u041f\u0440\u043e\u0435\u043a\u0442 \u00abOttomanors\u00bb \u041f\u0440\u043e\u0435\u043a\u0442 \u00abNida Park\u00bb \u041f\u0440\u043e\u0435\u043a\u0442 \u00abTema \u0130stanbul\u00bb \u041f\u0440\u043e\u0435\u043a\u0442\u044b TOK\u0130 \u043f\u043e \u043f\u0440\u0435\u043e\u0431\u0440\u0430\u0437\u043e\u0432\u0430\u043d\u0438\u044e... <a class=\"view-article\" href=\"https:\/\/www.mesaimalat.com.tr\/ru\/%d0%bf%d1%80%d0%be%d0%b5%d0%ba%d1%82%d1%8b\/%d0%bf%d1%80%d0%be%d0%b5%d0%ba%d1%82%d1%8b-%d0%b6%d0%b8%d0%bb%d1%8b%d1%85-%d1%81%d1%82%d1%80%d0%be%d0%b5%d0%bd%d0%b8%d0%b9\/\">View Article<\/a>","protected":false},"author":1,"featured_media":0,"parent":2609,"menu_order":119,"comment_status":"closed","ping_status":"closed","template":"template-projeler.php","meta":{"ngg_post_thumbnail":0,"footnotes":""},"yst_prominent_words":[],"class_list":["post-2625","page","type-page","status-publish","hentry"],"acf":[],"_links":{"self":[{"href":"https:\/\/www.mesaimalat.com.tr\/ru\/wp-json\/wp\/v2\/pages\/2625","targetHints":{"allow":["GET"]}}],"collection":[{"href":"https:\/\/www.mesaimalat.com.tr\/ru\/wp-json\/wp\/v2\/pages"}],"about":[{"href":"https:\/\/www.mesaimalat.com.tr\/ru\/wp-json\/wp\/v2\/types\/page"}],"author":[{"embeddable":true,"href":"https:\/\/www.mesaimalat.com.tr\/ru\/wp-json\/wp\/v2\/users\/1"}],"replies":[{"embeddable":true,"href":"https:\/\/www.mesaimalat.com.tr\/ru\/wp-json\/wp\/v2\/comments?post=2625"}],"version-history":[{"count":0,"href":"https:\/\/www.mesaimalat.com.tr\/ru\/wp-json\/wp\/v2\/pages\/2625\/revisions"}],"up":[{"embeddable":true,"href":"https:\/\/www.mesaimalat.com.tr\/ru\/wp-json\/wp\/v2\/pages\/2609"}],"wp:attachment":[{"href":"https:\/\/www.mesaimalat.com.tr\/ru\/wp-json\/wp\/v2\/media?parent=2625"}],"wp:term":[{"taxonomy":"yst_prominent_words","embeddable":true,"href":"https:\/\/www.mesaimalat.com.tr\/ru\/wp-json\/wp\/v2\/yst_prominent_words?post=2625"}],"curies":[{"name":"wp","href":"https:\/\/api.w.org\/{rel}","templated":true}]}}