{"id":2628,"date":"2018-05-28T11:00:31","date_gmt":"2018-05-28T08:00:31","guid":{"rendered":"https:\/\/mesaimalat.com.tr\/%d0%bf%d1%80%d0%be%d0%b5%d0%ba%d1%82%d1%8b\/%d0%bf%d1%80%d0%be%d0%b5%d0%ba%d1%82%d1%8b-%d0%bf%d0%be-%d0%bd%d0%b0%d0%b4%d1%81%d1%82%d1%80%d0%be%d0%b9%d0%ba%d0%b5\/"},"modified":"2018-05-28T11:00:31","modified_gmt":"2018-05-28T08:00:31","slug":"%d0%bf%d1%80%d0%be%d0%b5%d0%ba%d1%82%d1%8b-%d0%bf%d0%be-%d0%bd%d0%b0%d0%b4%d1%81%d1%82%d1%80%d0%be%d0%b9%d0%ba%d0%b5","status":"publish","type":"page","link":"https:\/\/www.mesaimalat.com.tr\/ru\/%d0%bf%d1%80%d0%be%d0%b5%d0%ba%d1%82%d1%8b\/%d0%bf%d1%80%d0%be%d0%b5%d0%ba%d1%82%d1%8b-%d0%bf%d0%be-%d0%bd%d0%b0%d0%b4%d1%81%d1%82%d1%80%d0%be%d0%b9%d0%ba%d0%b5\/","title":{"rendered":"\u041f\u0440\u043e\u0435\u043a\u0442\u044b \u043f\u043e \u043d\u0430\u0434\u0441\u0442\u0440\u043e\u0439\u043a\u0435"},"content":{"rendered":"<div class=\"project-grid-item\"><a href=\"https:\/\/www.mesaimalat.com.tr\/ru\/proje\/%d0%b7%d0%b4%d0%b0%d0%bd%d0%b8%d0%b5-%d0%bf%d1%80%d0%b0%d0%b2%d0%b8%d1%82%d0%b5%d0%bb%d1%8c%d1%81%d1%82%d0%b2%d0%b0-%d1%82%d1%83%d1%80%d0%ba%d0%bc%d0%b5%d0%bd%d0%b8%d1%81%d1%82%d0%b0%d0%bd%d0%b0\/\">\n                        <div class=\"project-title\">\n\t\t\t\t\t\t\t<h1>\u0417\u0434\u0430\u043d\u0438\u0435 \u043f\u0440\u0430\u0432\u0438\u0442\u0435\u043b\u044c\u0441\u0442\u0432\u0430 \u0422\u0443\u0440\u043a\u043c\u0435\u043d\u0438\u0441\u0442\u0430\u043d\u0430\u00a0<\/h1>\n\t\t\t\t\t\t\t<h2><\/h2>\n\t\t\t\t\t\t<\/div>\n\t\t\t\t\t\t<div class=\"project-image\">\n\t\t\t\t\t\t\t<img decoding=\"async\" src=\"https:\/\/www.mesaimalat.com.tr\/wp-content\/uploads\/2018\/02\/Turkmenistan-Bouygues-Government-Bldgs.jpg\" alt=\"\">\n\t\t\t\t\t\t<\/div><\/a><\/div><div class=\"project-grid-item\"><a href=\"https:\/\/www.mesaimalat.com.tr\/ru\/proje\/hilton-hotel\/\">\n                        <div class=\"project-title\">\n\t\t\t\t\t\t\t<h1>Hilton Hotel<\/h1>\n\t\t\t\t\t\t\t<h2><\/h2>\n\t\t\t\t\t\t<\/div>\n\t\t\t\t\t\t<div class=\"project-image\">\n\t\t\t\t\t\t\t<img decoding=\"async\" src=\"https:\/\/www.mesaimalat.com.tr\/wp-content\/uploads\/2018\/02\/Trinidad-Port-of-Spain-International-Waterfront-Projesi.jpg\" alt=\"\">\n\t\t\t\t\t\t<\/div><\/a><\/div><div class=\"project-grid-item\"><a href=\"https:\/\/www.mesaimalat.com.tr\/ru\/proje\/%d0%b0%d1%8d%d1%80%d0%be%d0%bf%d0%be%d1%80%d1%82%d0%b0-%d0%b4%d0%b6%d0%b8%d0%b4%d0%b4%d0%b0\/\">\n                        <div class=\"project-title\">\n\t\t\t\t\t\t\t<h1>\u0410\u044d\u0440\u043e\u043f\u043e\u0440\u0442\u0430 \u0414\u0436\u0438\u0434\u0434\u0430\u00a0<\/h1>\n\t\t\t\t\t\t\t<h2><\/h2>\n\t\t\t\t\t\t<\/div>\n\t\t\t\t\t\t<div class=\"project-image\">\n\t\t\t\t\t\t\t<img decoding=\"async\" src=\"https:\/\/www.mesaimalat.com.tr\/wp-content\/uploads\/2018\/02\/S.Arabistan-Cidde-Havaalan\u0131.jpg\" alt=\"\">\n\t\t\t\t\t\t<\/div><\/a><\/div><div class=\"project-grid-item\"><a href=\"https:\/\/www.mesaimalat.com.tr\/ru\/proje\/%d0%b0%d1%8d%d1%80%d0%be%d0%bf%d0%be%d1%80%d1%82-%d1%82%d1%80%d0%b8%d0%bf%d0%be%d0%bb%d0%b8\/\">\n                        <div class=\"project-title\">\n\t\t\t\t\t\t\t<h1>Tripoli Airport<\/h1>\n\t\t\t\t\t\t\t<h2><\/h2>\n\t\t\t\t\t\t<\/div>\n\t\t\t\t\t\t<div class=\"project-image\">\n\t\t\t\t\t\t\t<img decoding=\"async\" src=\"https:\/\/www.mesaimalat.com.tr\/wp-content\/uploads\/2018\/02\/Libya-Vinci-Tripoli-Havaalan\u0131-Kontrol-Kulesi.jpg\" alt=\"\">\n\t\t\t\t\t\t<\/div><\/a><\/div><div class=\"project-grid-item\"><a href=\"https:\/\/www.mesaimalat.com.tr\/ru\/proje\/%d1%81%d1%82%d0%b0%d0%b4%d0%b8%d0%be%d0%bd-tizi-ouzou\/\">\n                        <div class=\"project-title\">\n\t\t\t\t\t\t\t<h1>\u0441\u0442\u0430\u0434\u0438\u043e\u043d \u00abTizi Ouzou\u00bb\u00a0<\/h1>\n\t\t\t\t\t\t\t<h2><\/h2>\n\t\t\t\t\t\t<\/div>\n\t\t\t\t\t\t<div class=\"project-image\">\n\t\t\t\t\t\t\t<img decoding=\"async\" src=\"https:\/\/www.mesaimalat.com.tr\/wp-content\/uploads\/2018\/02\/Cezayir-Tizi-Ouzou-Stad\u0131.jpg\" alt=\"\">\n\t\t\t\t\t\t<\/div><\/a><\/div><div class=\"project-grid-item\"><a href=\"https:\/\/www.mesaimalat.com.tr\/ru\/proje\/%d1%82%d0%be%d1%80%d0%b3%d0%be%d0%b2%d1%8b%d0%b9-%d1%86%d0%b5%d0%bd%d1%82%d1%80-taurus\/\">\n                        <div class=\"project-title\">\n\t\t\t\t\t\t\t<h1>\u0422\u043e\u0440\u0433\u043e\u0432\u044b\u0439 \u0446\u0435\u043d\u0442\u0440 \u00abTaurus\u00bb<\/h1>\n\t\t\t\t\t\t\t<h2><\/h2>\n\t\t\t\t\t\t<\/div>\n\t\t\t\t\t\t<div class=\"project-image\">\n\t\t\t\t\t\t\t<img decoding=\"async\" src=\"https:\/\/www.mesaimalat.com.tr\/wp-content\/uploads\/2018\/03\/Taurus-AVM.jpg\" alt=\"\">\n\t\t\t\t\t\t<\/div><\/a><\/div><div class=\"project-grid-item\"><a href=\"https:\/\/www.mesaimalat.com.tr\/ru\/proje\/%d0%ba%d0%be%d0%bd%d1%86%d0%b5%d1%80%d1%82%d0%bd%d1%8b%d0%b9-%d0%b7%d0%b0%d0%bb-%d0%bf%d1%80%d0%b5%d0%b7%d0%b8%d0%b4%d0%b5%d0%bd%d1%82%d1%81%d0%ba%d0%be%d0%b3%d0%be-%d1%81%d0%b8%d0%bc%d1%84%d0%be\/\">\n                        <div class=\"project-title\">\n\t\t\t\t\t\t\t<h1>\u041a\u043e\u043d\u0446\u0435\u0440\u0442\u043d\u044b\u0439 \u0437\u0430\u043b \u041f\u0440\u0435\u0437\u0438\u0434\u0435\u043d\u0442\u0441\u043a\u043e\u0433\u043e \u0441\u0438\u043c\u0444\u043e\u043d\u0438\u0447\u0435\u0441\u043a\u043e\u0433\u043e \u043e\u0440\u043a\u0435\u0441\u0442\u0440\u0430\u00a0<\/h1>\n\t\t\t\t\t\t\t<h2><\/h2>\n\t\t\t\t\t\t<\/div>\n\t\t\t\t\t\t<div class=\"project-image\">\n\t\t\t\t\t\t\t<img decoding=\"async\" src=\"https:\/\/www.mesaimalat.com.tr\/wp-content\/uploads\/2018\/03\/CSO-Konser-Salonu.jpg\" alt=\"\">\n\t\t\t\t\t\t<\/div><\/a><\/div><div class=\"project-grid-item\"><a href=\"https:\/\/www.mesaimalat.com.tr\/ru\/proje\/%d0%be%d1%82%d0%b5%d0%bb%d1%8c-rixos\/\">\n                        <div class=\"project-title\">\n\t\t\t\t\t\t\t<h1>\u041e\u0442\u0435\u043b\u044c Rixos<\/h1>\n\t\t\t\t\t\t\t<h2><\/h2>\n\t\t\t\t\t\t<\/div>\n\t\t\t\t\t\t<div class=\"project-image\">\n\t\t\t\t\t\t\t<img decoding=\"async\" src=\"https:\/\/www.mesaimalat.com.tr\/wp-content\/uploads\/2018\/03\/Rixos-Otel.jpg\" alt=\"\">\n\t\t\t\t\t\t<\/div><\/a><\/div><div class=\"project-grid-item\"><a href=\"https:\/\/www.mesaimalat.com.tr\/ru\/proje\/%d0%b0%d1%8d%d1%80%d0%be%d0%bf%d0%be%d1%80%d1%82-%d0%ba%d1%83%d0%b2%d0%b5%d0%b9%d1%82%d0%b0-3-%d0%b5-%d0%b7%d0%b4%d0%b0%d0%bd%d0%b8%d0%b5-%d1%82%d0%b5%d1%80%d0%bc%d0%b8%d0%bd%d0%b0%d0%bb%d0%b0\/\">\n                        <div class=\"project-title\">\n\t\t\t\t\t\t\t<h1>\u0410\u044d\u0440\u043e\u043f\u043e\u0440\u0442 \u041a\u0443\u0432\u0435\u0439\u0442\u0430 3-\u0435 \u0437\u0434\u0430\u043d\u0438\u0435 \u0442\u0435\u0440\u043c\u0438\u043d\u0430\u043b\u0430\u00a0<\/h1>\n\t\t\t\t\t\t\t<h2><\/h2>\n\t\t\t\t\t\t<\/div>\n\t\t\t\t\t\t<div class=\"project-image\">\n\t\t\t\t\t\t\t<img decoding=\"async\" src=\"https:\/\/www.mesaimalat.com.tr\/wp-content\/uploads\/2018\/03\/Kuveyt-Havaliman\u0131.jpg\" alt=\"\">\n\t\t\t\t\t\t<\/div><\/a><\/div><div class=\"project-grid-item\"><a href=\"https:\/\/www.mesaimalat.com.tr\/ru\/proje\/%d0%bf%d1%80%d0%be%d0%b5%d0%ba%d1%82-%d0%bf%d0%b0%d0%bc%d1%8f%d1%82%d0%bd%d0%b8%d0%ba%d0%b0-%d0%b2-%d0%ba%d0%b0%d1%80%d1%88%d1%8b%d0%b9%d0%b0%d0%ba%d0%b0\/\">\n                        <div class=\"project-title\">\n\t\t\t\t\t\t\t<h1>\u041f\u0440\u043e\u0435\u043a\u0442 \u043f\u0430\u043c\u044f\u0442\u043d\u0438\u043a\u0430 \u0432 \u041a\u0430\u0440\u0448\u044b\u0439\u0430\u043a\u0430\u00a0<\/h1>\n\t\t\t\t\t\t\t<h2><\/h2>\n\t\t\t\t\t\t<\/div>\n\t\t\t\t\t\t<div class=\"project-image\">\n\t\t\t\t\t\t\t<img decoding=\"async\" src=\"https:\/\/www.mesaimalat.com.tr\/wp-content\/uploads\/2018\/03\/Kar\u015f\u0131yaka-An\u0131t-Projesi.jpg\" alt=\"\">\n\t\t\t\t\t\t<\/div><\/a><\/div>\n","protected":false},"excerpt":{"rendered":"\u0417\u0434\u0430\u043d\u0438\u0435 \u043f\u0440\u0430\u0432\u0438\u0442\u0435\u043b\u044c\u0441\u0442\u0432\u0430 \u0422\u0443\u0440\u043a\u043c\u0435\u043d\u0438\u0441\u0442\u0430\u043d\u0430\u00a0 Hilton Hotel \u0410\u044d\u0440\u043e\u043f\u043e\u0440\u0442\u0430 \u0414\u0436\u0438\u0434\u0434\u0430\u00a0 Tripoli Airport \u0441\u0442\u0430\u0434\u0438\u043e\u043d \u00abTizi Ouzou\u00bb\u00a0 \u0422\u043e\u0440\u0433\u043e\u0432\u044b\u0439 \u0446\u0435\u043d\u0442\u0440 \u00abTaurus\u00bb \u041a\u043e\u043d\u0446\u0435\u0440\u0442\u043d\u044b\u0439 \u0437\u0430\u043b \u041f\u0440\u0435\u0437\u0438\u0434\u0435\u043d\u0442\u0441\u043a\u043e\u0433\u043e \u0441\u0438\u043c\u0444\u043e\u043d\u0438\u0447\u0435\u0441\u043a\u043e\u0433\u043e \u043e\u0440\u043a\u0435\u0441\u0442\u0440\u0430\u00a0 \u041e\u0442\u0435\u043b\u044c Rixos \u0410\u044d\u0440\u043e\u043f\u043e\u0440\u0442 \u041a\u0443\u0432\u0435\u0439\u0442\u0430 3-\u0435 \u0437\u0434\u0430\u043d\u0438\u0435 \u0442\u0435\u0440\u043c\u0438\u043d\u0430\u043b\u0430\u00a0 \u041f\u0440\u043e\u0435\u043a\u0442 \u043f\u0430\u043c\u044f\u0442\u043d\u0438\u043a\u0430 \u0432 \u041a\u0430\u0440\u0448\u044b\u0439\u0430\u043a\u0430\u00a0","protected":false},"author":1,"featured_media":0,"parent":2609,"menu_order":132,"comment_status":"closed","ping_status":"closed","template":"template-projeler.php","meta":{"ngg_post_thumbnail":0,"footnotes":""},"yst_prominent_words":[],"class_list":["post-2628","page","type-page","status-publish","hentry"],"acf":[],"_links":{"self":[{"href":"https:\/\/www.mesaimalat.com.tr\/ru\/wp-json\/wp\/v2\/pages\/2628","targetHints":{"allow":["GET"]}}],"collection":[{"href":"https:\/\/www.mesaimalat.com.tr\/ru\/wp-json\/wp\/v2\/pages"}],"about":[{"href":"https:\/\/www.mesaimalat.com.tr\/ru\/wp-json\/wp\/v2\/types\/page"}],"author":[{"embeddable":true,"href":"https:\/\/www.mesaimalat.com.tr\/ru\/wp-json\/wp\/v2\/users\/1"}],"replies":[{"embeddable":true,"href":"https:\/\/www.mesaimalat.com.tr\/ru\/wp-json\/wp\/v2\/comments?post=2628"}],"version-history":[{"count":0,"href":"https:\/\/www.mesaimalat.com.tr\/ru\/wp-json\/wp\/v2\/pages\/2628\/revisions"}],"up":[{"embeddable":true,"href":"https:\/\/www.mesaimalat.com.tr\/ru\/wp-json\/wp\/v2\/pages\/2609"}],"wp:attachment":[{"href":"https:\/\/www.mesaimalat.com.tr\/ru\/wp-json\/wp\/v2\/media?parent=2628"}],"wp:term":[{"taxonomy":"yst_prominent_words","embeddable":true,"href":"https:\/\/www.mesaimalat.com.tr\/ru\/wp-json\/wp\/v2\/yst_prominent_words?post=2628"}],"curies":[{"name":"wp","href":"https:\/\/api.w.org\/{rel}","templated":true}]}}