{"id":2630,"date":"2018-05-28T11:01:53","date_gmt":"2018-05-28T08:01:53","guid":{"rendered":""},"modified":"2018-05-28T11:01:53","modified_gmt":"2018-05-28T08:01:53","slug":"%d0%bf%d1%80%d0%be%d0%b5%d0%ba%d1%82%d1%8b-%d0%bf%d0%be-%d1%81%d1%82%d1%80%d0%be%d0%b8%d1%82%d0%b5%d0%bb%d1%8c%d1%81%d1%82%d0%b2%d1%83-%d0%bc%d0%be%d1%81%d1%82%d0%be%d0%b2-%d0%b8-%d1%82%d1%83%d0%bd","status":"publish","type":"page","link":"https:\/\/www.mesaimalat.com.tr\/ru\/%d0%bf%d1%80%d0%be%d0%b5%d0%ba%d1%82%d1%8b\/%d0%bf%d1%80%d0%be%d0%b5%d0%ba%d1%82%d1%8b-%d0%bf%d0%be-%d1%81%d1%82%d1%80%d0%be%d0%b8%d1%82%d0%b5%d0%bb%d1%8c%d1%81%d1%82%d0%b2%d1%83-%d0%bc%d0%be%d1%81%d1%82%d0%be%d0%b2-%d0%b8-%d1%82%d1%83%d0%bd\/","title":{"rendered":"\u041f\u0440\u043e\u0435\u043a\u0442\u044b \u043f\u043e \u0441\u0442\u0440\u043e\u0438\u0442\u0435\u043b\u044c\u0441\u0442\u0432\u0443 \u043c\u043e\u0441\u0442\u043e\u0432 \u0438 \u0442\u0443\u043d\u043d\u0435\u043b\u0435\u0439"},"content":{"rendered":"<div class=\"project-grid-item\"><a href=\"https:\/\/www.mesaimalat.com.tr\/ru\/proje\/%d0%be%d0%bf%d0%be%d1%80%d0%bd%d0%be%d0%b5-%d1%81%d1%82%d1%80%d0%be%d0%b5%d0%bd%d0%b8%d0%b5-%d0%ba-%d0%b5%d0%bb%d0%b5%d0%b7%d0%bd%d0%be%d0%b4%d0%be%d1%80%d0%be%d0%b6%d0%bd%d0%be%d0%bc%d1%83-%d0%bf\/\">\n                        <div class=\"project-title\">\n\t\t\t\t\t\t\t<h1>\u041e\u043f\u043e\u0440\u043d\u043e\u0435 \u0441\u0442\u0440\u043e\u0435\u043d\u0438\u0435 \u043a \u0435\u043b\u0435\u0437\u043d\u043e\u0434\u043e\u0440\u043e\u0436\u043d\u043e\u043c\u0443 \u043f\u0443\u0442\u0435\u043f\u0440\u043e\u0432\u043e\u0434\u0443\/\u044d\u0441\u0442\u0430\u043a\u0430\u0434\u0435 \u0432\u00a0<\/h1>\n\t\t\t\t\t\t\t<h2><\/h2>\n\t\t\t\t\t\t<\/div>\n\t\t\t\t\t\t<div class=\"project-image\">\n\t\t\t\t\t\t\t<img decoding=\"async\" src=\"https:\/\/www.mesaimalat.com.tr\/wp-content\/uploads\/2018\/02\/Cezayir-Tizi-Ouzou-Demiryolu-Viyad\u00fck-aya\u011f\u0131.jpg\" alt=\"\">\n\t\t\t\t\t\t<\/div><\/a><\/div><div class=\"project-grid-item\"><a href=\"https:\/\/www.mesaimalat.com.tr\/ru\/proje\/%d0%bf%d1%80%d0%be%d0%b5%d0%ba%d1%82-%d0%bc%d0%be%d1%81%d1%82%d0%b0-%d0%b4%d0%bb%d1%8f-%d1%82%d1%80%d0%b0%d0%bc%d0%b2%d0%b0%d0%b9%d0%bd%d0%be%d0%b9-%d0%bb%d0%b8%d0%bd%d0%b8%d0%b8-dalger\/\">\n                        <div class=\"project-title\">\n\t\t\t\t\t\t\t<h1>\u041f\u0440\u043e\u0435\u043a\u0442 \u043c\u043e\u0441\u0442\u0430 \u0434\u043b\u044f \u0442\u0440\u0430\u043c\u0432\u0430\u0439\u043d\u043e\u0439 \u043b\u0438\u043d\u0438\u0438 d'Alger\u00a0<\/h1>\n\t\t\t\t\t\t\t<h2><\/h2>\n\t\t\t\t\t\t<\/div>\n\t\t\t\t\t\t<div class=\"project-image\">\n\t\t\t\t\t\t\t<img decoding=\"async\" src=\"https:\/\/www.mesaimalat.com.tr\/wp-content\/uploads\/2018\/02\/Cezayir-TRAMWAY-D-ALGER-Projesi.jpg\" alt=\"\">\n\t\t\t\t\t\t<\/div><\/a><\/div><div class=\"project-grid-item\"><a href=\"https:\/\/www.mesaimalat.com.tr\/ru\/proje\/3-3-%d0%b8%d0%b9-%d0%b1%d0%be%d1%81%d1%84%d0%be%d1%80%d1%81%d0%ba%d0%b8%d0%b9-%d0%bc%d0%be%d1%81%d1%82\/\">\n                        <div class=\"project-title\">\n\t\t\t\t\t\t\t<h1>3. 3-\u0438\u0439 \u0411\u043e\u0441\u0444\u043e\u0440\u0441\u043a\u0438\u0439 \u043c\u043e\u0441\u0442<\/h1>\n\t\t\t\t\t\t\t<h2><\/h2>\n\t\t\t\t\t\t<\/div>\n\t\t\t\t\t\t<div class=\"project-image\">\n\t\t\t\t\t\t\t<img decoding=\"async\" src=\"https:\/\/www.mesaimalat.com.tr\/wp-content\/uploads\/2018\/03\/3-Bo\u011faz-K\u00f6pr\u00fcs\u00fc-1.jpg\" alt=\"\">\n\t\t\t\t\t\t<\/div><\/a><\/div><div class=\"project-grid-item\"><a href=\"https:\/\/www.mesaimalat.com.tr\/ru\/proje\/%d0%bf%d1%80%d0%be%d0%b5%d0%ba%d1%82-%d0%bc%d0%be%d1%81%d1%82%d0%b0-%d0%b2-%d0%b8%d1%80%d0%b0%d0%ba%d0%b5\/\">\n                        <div class=\"project-title\">\n\t\t\t\t\t\t\t<h1>\u041f\u0440\u043e\u0435\u043a\u0442 \u043c\u043e\u0441\u0442\u0430 \u0432 \u0418\u0440\u0430\u043a\u0435<\/h1>\n\t\t\t\t\t\t\t<h2><\/h2>\n\t\t\t\t\t\t<\/div>\n\t\t\t\t\t\t<div class=\"project-image\">\n\t\t\t\t\t\t\t<img decoding=\"async\" src=\"https:\/\/www.mesaimalat.com.tr\/wp-content\/uploads\/2018\/03\/Irak-K\u00f6pr\u00fc-Projesi.jpg\" alt=\"\">\n\t\t\t\t\t\t<\/div><\/a><\/div><div class=\"project-grid-item\"><a href=\"https:\/\/www.mesaimalat.com.tr\/ru\/proje\/egypt-bridge-project\/\">\n                        <div class=\"project-title\">\n\t\t\t\t\t\t\t<h1>Egypt Bridge Project<\/h1>\n\t\t\t\t\t\t\t<h2><\/h2>\n\t\t\t\t\t\t<\/div>\n\t\t\t\t\t\t<div class=\"project-image\">\n\t\t\t\t\t\t\t<img decoding=\"async\" src=\"https:\/\/www.mesaimalat.com.tr\/wp-content\/uploads\/2018\/03\/M\u0131s\u0131r-K\u00f6pr\u00fc-Projesi.jpg\" alt=\"\">\n\t\t\t\t\t\t<\/div><\/a><\/div>\n","protected":false},"excerpt":{"rendered":"\u041e\u043f\u043e\u0440\u043d\u043e\u0435 \u0441\u0442\u0440\u043e\u0435\u043d\u0438\u0435 \u043a \u0435\u043b\u0435\u0437\u043d\u043e\u0434\u043e\u0440\u043e\u0436\u043d\u043e\u043c\u0443 \u043f\u0443\u0442\u0435\u043f\u0440\u043e\u0432\u043e\u0434\u0443\/\u044d\u0441\u0442\u0430\u043a\u0430\u0434\u0435 \u0432\u00a0 \u041f\u0440\u043e\u0435\u043a\u0442 \u043c\u043e\u0441\u0442\u0430 \u0434\u043b\u044f \u0442\u0440\u0430\u043c\u0432\u0430\u0439\u043d\u043e\u0439 \u043b\u0438\u043d\u0438\u0438 d'Alger\u00a0 3. 3-\u0438\u0439 \u0411\u043e\u0441\u0444\u043e\u0440\u0441\u043a\u0438\u0439 \u043c\u043e\u0441\u0442 \u041f\u0440\u043e\u0435\u043a\u0442 \u043c\u043e\u0441\u0442\u0430 \u0432 \u0418\u0440\u0430\u043a\u0435 Egypt Bridge Project","protected":false},"author":1,"featured_media":0,"parent":2609,"menu_order":133,"comment_status":"closed","ping_status":"closed","template":"template-projeler.php","meta":{"ngg_post_thumbnail":0,"footnotes":""},"yst_prominent_words":[],"class_list":["post-2630","page","type-page","status-publish","hentry"],"acf":[],"_links":{"self":[{"href":"https:\/\/www.mesaimalat.com.tr\/ru\/wp-json\/wp\/v2\/pages\/2630","targetHints":{"allow":["GET"]}}],"collection":[{"href":"https:\/\/www.mesaimalat.com.tr\/ru\/wp-json\/wp\/v2\/pages"}],"about":[{"href":"https:\/\/www.mesaimalat.com.tr\/ru\/wp-json\/wp\/v2\/types\/page"}],"author":[{"embeddable":true,"href":"https:\/\/www.mesaimalat.com.tr\/ru\/wp-json\/wp\/v2\/users\/1"}],"replies":[{"embeddable":true,"href":"https:\/\/www.mesaimalat.com.tr\/ru\/wp-json\/wp\/v2\/comments?post=2630"}],"version-history":[{"count":0,"href":"https:\/\/www.mesaimalat.com.tr\/ru\/wp-json\/wp\/v2\/pages\/2630\/revisions"}],"up":[{"embeddable":true,"href":"https:\/\/www.mesaimalat.com.tr\/ru\/wp-json\/wp\/v2\/pages\/2609"}],"wp:attachment":[{"href":"https:\/\/www.mesaimalat.com.tr\/ru\/wp-json\/wp\/v2\/media?parent=2630"}],"wp:term":[{"taxonomy":"yst_prominent_words","embeddable":true,"href":"https:\/\/www.mesaimalat.com.tr\/ru\/wp-json\/wp\/v2\/yst_prominent_words?post=2630"}],"curies":[{"name":"wp","href":"https:\/\/api.w.org\/{rel}","templated":true}]}}